{"id":285469,"date":"2026-01-02T00:05:22","date_gmt":"2026-01-02T05:05:22","guid":{"rendered":"https:\/\/goelette.ca\/?post_type=product&#038;p=285469"},"modified":"2026-01-13T09:21:26","modified_gmt":"2026-01-13T14:21:26","slug":"coloriages-toujours-lamour","status":"publish","type":"product","link":"https:\/\/goelette.ca\/en\/tous-les-livres\/coloriages-toujours-lamour\/","title":{"rendered":"Coloriages &#8211; Toujours l&#8217;amour"},"content":{"rendered":"<p class=\"p2\">Des animaux adorables et des sc\u00e8nes romantiques, voil\u00e0 ce qui vous attend dans ce livre de coloriages super r\u00e9confortants aux traits larges et pleins de douceur.<\/p>\n<p>Sors tes plus beaux crayons et profite d\u2019un moment de d\u00e9tente gr\u00e2ce \u00e0 ces coloriages trop mignons.<\/p>\n","protected":false},"excerpt":{"rendered":"<p>Des animaux adorables et des sc\u00e8nes romantiques, voil\u00e0 ce qui vous attend dans ce livre de coloriages super r\u00e9confortants aux traits larges et pleins de douceur. Sors tes plus beaux crayons et profite d\u2019un moment de d\u00e9tente gr\u00e2ce \u00e0 ces coloriages trop mignons.<\/p>\n","protected":false},"featured_media":285471,"template":"","meta":{"wds_primary_product_brand":0,"wds_primary_product_cat":0,"wds_primary_maison_dedition":0},"product_brand":[],"product_cat":[616,538],"product_tag":[],"maison_dedition":[904,630],"class_list":{"0":"post-285469","1":"product","2":"type-product","3":"status-publish","4":"has-post-thumbnail","6":"product_cat-coloriages","7":"product_cat-jeunesse","8":"pa_auteur-jade-lachine-illustratrice","9":"maison_dedition-coloriages-jade-lachine","10":"maison_dedition-les-editions-goelette","12":"first","13":"instock","14":"taxable","15":"shipping-taxable","16":"purchasable","17":"product-type-variable","18":"has-default-attributes"},"bundled_by":[],"bundle_stock_status":"instock","bundle_stock_quantity":null,"bundle_virtual":false,"bundle_layout":"","bundle_add_to_cart_form_location":"","bundle_editable_in_cart":false,"bundle_sold_individually_context":"","bundle_item_grouping":"","bundle_min_size":"","bundle_max_size":"","bundle_price":[],"bundled_items":[],"bundle_sell_ids":[],"acf":[],"_links":{"self":[{"href":"https:\/\/goelette.ca\/en\/wp-json\/wp\/v2\/product\/285469","targetHints":{"allow":["GET"]}}],"collection":[{"href":"https:\/\/goelette.ca\/en\/wp-json\/wp\/v2\/product"}],"about":[{"href":"https:\/\/goelette.ca\/en\/wp-json\/wp\/v2\/types\/product"}],"wp:featuredmedia":[{"embeddable":true,"href":"https:\/\/goelette.ca\/en\/wp-json\/wp\/v2\/media\/285471"}],"wp:attachment":[{"href":"https:\/\/goelette.ca\/en\/wp-json\/wp\/v2\/media?parent=285469"}],"wp:term":[{"taxonomy":"product_brand","embeddable":true,"href":"https:\/\/goelette.ca\/en\/wp-json\/wp\/v2\/product_brand?post=285469"},{"taxonomy":"product_cat","embeddable":true,"href":"https:\/\/goelette.ca\/en\/wp-json\/wp\/v2\/product_cat?post=285469"},{"taxonomy":"product_tag","embeddable":true,"href":"https:\/\/goelette.ca\/en\/wp-json\/wp\/v2\/product_tag?post=285469"},{"taxonomy":"maison_dedition","embeddable":true,"href":"https:\/\/goelette.ca\/en\/wp-json\/wp\/v2\/maison_dedition?post=285469"}],"curies":[{"name":"wp","href":"https:\/\/api.w.org\/{rel}","templated":true}]}}