{"id":28295,"date":"2022-04-13T08:50:51","date_gmt":"2022-04-13T12:50:51","guid":{"rendered":"https:\/\/www.goelette.ca\/?post_type=product&#038;p=28295"},"modified":"2023-12-06T12:05:33","modified_gmt":"2023-12-06T17:05:33","slug":"les-oiseaux-du-quebec-2","status":"publish","type":"product","link":"https:\/\/goelette.ca\/en\/tous-les-livres\/les-oiseaux-du-quebec-2\/","title":{"rendered":"Les oiseaux du Qu\u00e9bec"},"content":{"rendered":"<p>En ville ou en campagne, les oiseaux vivent autour de nous.<\/p>\n<p>\u00c0 l&#8217;aide de magnifiques photos et de leur principales caract\u00e9ristiques, d\u00e9couvrez 54 esp\u00e8ces que vous pourrez observer au Qu\u00e9bec.<\/p>\n","protected":false},"excerpt":{"rendered":"<p>En ville ou en campagne, les oiseaux vivent autour de nous. \u00c0 l&#8217;aide de magnifiques photos et de leur principales caract\u00e9ristiques, d\u00e9couvrez 54 esp\u00e8ces que vous pourrez observer au Qu\u00e9bec.<\/p>\n","protected":false},"featured_media":28297,"template":"","meta":{"wds_primary_product_brand":0,"wds_primary_product_cat":0,"wds_primary_maison_dedition":0},"product_brand":[],"product_cat":[594,592,557],"product_tag":[],"maison_dedition":[],"class_list":{"0":"post-28295","1":"product","2":"type-product","3":"status-publish","4":"has-post-thumbnail","6":"product_cat-cartes-eclair","7":"product_cat-croissance-personnelle-pratique","8":"product_cat-pratique","9":"pa_auteur-yvon-pageau","11":"first","12":"instock","13":"taxable","14":"shipping-taxable","15":"purchasable","16":"product-type-variable"},"bundled_by":[],"bundle_stock_status":"instock","bundle_stock_quantity":null,"bundle_virtual":false,"bundle_layout":"","bundle_add_to_cart_form_location":"","bundle_editable_in_cart":false,"bundle_sold_individually_context":"","bundle_item_grouping":"","bundle_min_size":"","bundle_max_size":"","bundle_price":[],"bundled_items":[],"bundle_sell_ids":[],"acf":[],"_links":{"self":[{"href":"https:\/\/goelette.ca\/en\/wp-json\/wp\/v2\/product\/28295","targetHints":{"allow":["GET"]}}],"collection":[{"href":"https:\/\/goelette.ca\/en\/wp-json\/wp\/v2\/product"}],"about":[{"href":"https:\/\/goelette.ca\/en\/wp-json\/wp\/v2\/types\/product"}],"wp:featuredmedia":[{"embeddable":true,"href":"https:\/\/goelette.ca\/en\/wp-json\/wp\/v2\/media\/28297"}],"wp:attachment":[{"href":"https:\/\/goelette.ca\/en\/wp-json\/wp\/v2\/media?parent=28295"}],"wp:term":[{"taxonomy":"product_brand","embeddable":true,"href":"https:\/\/goelette.ca\/en\/wp-json\/wp\/v2\/product_brand?post=28295"},{"taxonomy":"product_cat","embeddable":true,"href":"https:\/\/goelette.ca\/en\/wp-json\/wp\/v2\/product_cat?post=28295"},{"taxonomy":"product_tag","embeddable":true,"href":"https:\/\/goelette.ca\/en\/wp-json\/wp\/v2\/product_tag?post=28295"},{"taxonomy":"maison_dedition","embeddable":true,"href":"https:\/\/goelette.ca\/en\/wp-json\/wp\/v2\/maison_dedition?post=28295"}],"curies":[{"name":"wp","href":"https:\/\/api.w.org\/{rel}","templated":true}]}}