{"id":28008,"date":"2022-03-31T00:00:27","date_gmt":"2022-03-31T04:00:27","guid":{"rendered":"https:\/\/www.goelette.ca\/?post_type=product&#038;p=28008"},"modified":"2022-03-30T13:21:35","modified_gmt":"2022-03-30T17:21:35","slug":"gym-cerebrale-enigmes","status":"publish","type":"product","link":"https:\/\/goelette.ca\/en\/tous-les-livres\/gym-cerebrale-enigmes\/","title":{"rendered":"Gym c\u00e9r\u00e9brale &#8211; \u00c9nigmes"},"content":{"rendered":"<p>450 D\u00c9FIS pour stimuler vos neurones<\/p>\n<p>Gr\u00e2ce \u00e0 votre logique, relevez le d\u00e9fi et tentez de r\u00e9soudre ces jeux et casse-t\u00eate en tous genres : \u00e9nigmes, devinettes, charades et plus encore. La collection Gym c\u00e9r\u00e9brale vous propose des jeux con\u00e7us sp\u00e9cifiquement pour d\u00e9velopper et maintenir vos capacit\u00e9s cognitives tout en vous divertissant.<\/p>\n","protected":false},"excerpt":{"rendered":"<p>450 D\u00c9FIS pour stimuler vos neurones Gr\u00e2ce \u00e0 votre logique, relevez le d\u00e9fi et tentez de r\u00e9soudre ces jeux et casse-t\u00eate en tous genres : \u00e9nigmes, devinettes, charades et plus encore. La collection Gym c\u00e9r\u00e9brale vous propose des jeux con\u00e7us sp\u00e9cifiquement pour d\u00e9velopper et maintenir vos capacit\u00e9s cognitives tout en vous divertissant.<\/p>\n","protected":false},"featured_media":28010,"template":"","meta":{"wds_primary_product_brand":0,"wds_primary_product_cat":0,"wds_primary_maison_dedition":0},"product_brand":[],"product_cat":[567,587,566],"product_tag":[],"maison_dedition":[630],"class_list":{"0":"post-28008","1":"product","2":"type-product","3":"status-publish","4":"has-post-thumbnail","6":"product_cat-adulte","7":"product_cat-jeux-melanges","8":"product_cat-livres-de-jeux","9":"pa_auteur-charles-edouard-jean","10":"maison_dedition-les-editions-goelette","12":"first","13":"instock","14":"taxable","15":"shipping-taxable","16":"purchasable","17":"product-type-variable"},"bundled_by":[],"bundle_stock_status":"instock","bundle_stock_quantity":null,"bundle_virtual":false,"bundle_layout":"","bundle_add_to_cart_form_location":"","bundle_editable_in_cart":false,"bundle_sold_individually_context":"","bundle_item_grouping":"","bundle_min_size":"","bundle_max_size":"","bundle_price":[],"bundled_items":[],"bundle_sell_ids":[],"acf":[],"_links":{"self":[{"href":"https:\/\/goelette.ca\/en\/wp-json\/wp\/v2\/product\/28008","targetHints":{"allow":["GET"]}}],"collection":[{"href":"https:\/\/goelette.ca\/en\/wp-json\/wp\/v2\/product"}],"about":[{"href":"https:\/\/goelette.ca\/en\/wp-json\/wp\/v2\/types\/product"}],"wp:featuredmedia":[{"embeddable":true,"href":"https:\/\/goelette.ca\/en\/wp-json\/wp\/v2\/media\/28010"}],"wp:attachment":[{"href":"https:\/\/goelette.ca\/en\/wp-json\/wp\/v2\/media?parent=28008"}],"wp:term":[{"taxonomy":"product_brand","embeddable":true,"href":"https:\/\/goelette.ca\/en\/wp-json\/wp\/v2\/product_brand?post=28008"},{"taxonomy":"product_cat","embeddable":true,"href":"https:\/\/goelette.ca\/en\/wp-json\/wp\/v2\/product_cat?post=28008"},{"taxonomy":"product_tag","embeddable":true,"href":"https:\/\/goelette.ca\/en\/wp-json\/wp\/v2\/product_tag?post=28008"},{"taxonomy":"maison_dedition","embeddable":true,"href":"https:\/\/goelette.ca\/en\/wp-json\/wp\/v2\/maison_dedition?post=28008"}],"curies":[{"name":"wp","href":"https:\/\/api.w.org\/{rel}","templated":true}]}}