{"id":27994,"date":"2022-03-31T00:00:05","date_gmt":"2022-03-31T04:00:05","guid":{"rendered":"https:\/\/www.goelette.ca\/?post_type=product&#038;p=27994"},"modified":"2022-03-30T11:54:40","modified_gmt":"2022-03-30T15:54:40","slug":"des-jeux-et-des-jeux-junior-mots-caches","status":"publish","type":"product","link":"https:\/\/goelette.ca\/en\/tous-les-livres\/des-jeux-et-des-jeux-junior-mots-caches\/","title":{"rendered":"Des jeux et des jeux junior &#8211; Mots cach\u00e9s"},"content":{"rendered":"<p>112 GRILLES ET SOLUTIOS<\/p>\n<p>CHERCHE et APPRENDS de nouveaux mots pour r\u00e9soudre ces grilles de mots cach\u00e9s sp\u00e9cialement cr\u00e9\u00e9es pour toi !<\/p>\n","protected":false},"excerpt":{"rendered":"<p>112 GRILLES ET SOLUTIOS CHERCHE et APPRENDS de nouveaux mots pour r\u00e9soudre ces grilles de mots cach\u00e9s sp\u00e9cialement cr\u00e9\u00e9es pour toi !<\/p>\n","protected":false},"featured_media":27996,"template":"","meta":{"wds_primary_product_brand":0,"wds_primary_product_cat":0,"wds_primary_maison_dedition":0},"product_brand":[],"product_cat":[555,538,566,608],"product_tag":[],"maison_dedition":[630],"class_list":{"0":"post-27994","1":"product","2":"type-product","3":"status-publish","4":"has-post-thumbnail","6":"product_cat-6-ans-et-plus","7":"product_cat-jeunesse","8":"product_cat-livres-de-jeux","9":"product_cat-mots-caches","10":"pa_auteur-collectif","11":"maison_dedition-les-editions-goelette","13":"first","14":"instock","15":"taxable","16":"shipping-taxable","17":"purchasable","18":"product-type-variable"},"bundled_by":[],"bundle_stock_status":"instock","bundle_stock_quantity":null,"bundle_virtual":false,"bundle_layout":"","bundle_add_to_cart_form_location":"","bundle_editable_in_cart":false,"bundle_sold_individually_context":"","bundle_item_grouping":"","bundle_min_size":"","bundle_max_size":"","bundle_price":[],"bundled_items":[],"bundle_sell_ids":[],"acf":[],"_links":{"self":[{"href":"https:\/\/goelette.ca\/en\/wp-json\/wp\/v2\/product\/27994","targetHints":{"allow":["GET"]}}],"collection":[{"href":"https:\/\/goelette.ca\/en\/wp-json\/wp\/v2\/product"}],"about":[{"href":"https:\/\/goelette.ca\/en\/wp-json\/wp\/v2\/types\/product"}],"wp:featuredmedia":[{"embeddable":true,"href":"https:\/\/goelette.ca\/en\/wp-json\/wp\/v2\/media\/27996"}],"wp:attachment":[{"href":"https:\/\/goelette.ca\/en\/wp-json\/wp\/v2\/media?parent=27994"}],"wp:term":[{"taxonomy":"product_brand","embeddable":true,"href":"https:\/\/goelette.ca\/en\/wp-json\/wp\/v2\/product_brand?post=27994"},{"taxonomy":"product_cat","embeddable":true,"href":"https:\/\/goelette.ca\/en\/wp-json\/wp\/v2\/product_cat?post=27994"},{"taxonomy":"product_tag","embeddable":true,"href":"https:\/\/goelette.ca\/en\/wp-json\/wp\/v2\/product_tag?post=27994"},{"taxonomy":"maison_dedition","embeddable":true,"href":"https:\/\/goelette.ca\/en\/wp-json\/wp\/v2\/maison_dedition?post=27994"}],"curies":[{"name":"wp","href":"https:\/\/api.w.org\/{rel}","templated":true}]}}