{"id":279621,"date":"2025-11-19T00:05:21","date_gmt":"2025-11-19T05:05:21","guid":{"rendered":"https:\/\/goelette.ca\/?post_type=product&#038;p=279621"},"modified":"2025-11-05T15:28:14","modified_gmt":"2025-11-05T20:28:14","slug":"des-jeux-et-des-jeux-geants-mots-caches-gros-caracteres-vol-8","status":"publish","type":"product","link":"https:\/\/goelette.ca\/en\/tous-les-livres\/des-jeux-et-des-jeux-geants-mots-caches-gros-caracteres-vol-8\/","title":{"rendered":"Des jeux et des jeux g\u00e9ants &#8211; Mots cach\u00e9s gros caract\u00e8res vol. 8"},"content":{"rendered":"<p style=\"text-align: center;\"><strong>250 GRILLES ET SOLUTIONS<\/strong><\/p>\n<p style=\"text-align: center;\">Adeptes de <strong>mots cach\u00e9s<\/strong>, ne laissez rien freiner votre envie de jouer ! Profitez de votre jeu pr\u00e9f\u00e9r\u00e9 gr\u00e2ce aux gros caract\u00e8res plus faciles \u00e0 lire.<\/p>\n<p style=\"text-align: center;\">La collection <strong>Des jeux et des jeux g\u00e9ants<\/strong> vous propose des jeux de lettres et de chiffres classiques dans un format plus grand.<\/p>\n<p style=\"text-align: center;\">Le volet Gros caract\u00e8res offre des grilles de taille classique, mais accessibles \u00e0 tous avec des caract\u00e8res plus gros.<\/p>\n","protected":false},"excerpt":{"rendered":"<p>250 GRILLES ET SOLUTIONS Adeptes de mots cach\u00e9s, ne laissez rien freiner votre envie de jouer ! Profitez de votre jeu pr\u00e9f\u00e9r\u00e9 gr\u00e2ce aux gros caract\u00e8res plus faciles \u00e0 lire. La collection Des jeux et des jeux g\u00e9ants vous propose des jeux de lettres et de chiffres classiques dans un format plus grand. Le volet [&hellip;]<\/p>\n","protected":false},"featured_media":279623,"template":"","meta":{"wds_primary_product_brand":0,"wds_primary_product_cat":0,"wds_primary_maison_dedition":0},"product_brand":[],"product_cat":[567,646,566,608],"product_tag":[],"maison_dedition":[630],"class_list":{"0":"post-279621","1":"product","2":"type-product","3":"status-publish","4":"has-post-thumbnail","6":"product_cat-adulte","7":"product_cat-gros-caracteres","8":"product_cat-livres-de-jeux","9":"product_cat-mots-caches","10":"maison_dedition-les-editions-goelette","12":"first","13":"instock","14":"taxable","15":"shipping-taxable","16":"purchasable","17":"product-type-variable","18":"has-default-attributes"},"bundled_by":[],"bundle_stock_status":"instock","bundle_stock_quantity":null,"bundle_virtual":false,"bundle_layout":"","bundle_add_to_cart_form_location":"","bundle_editable_in_cart":false,"bundle_sold_individually_context":"","bundle_item_grouping":"","bundle_min_size":"","bundle_max_size":"","bundle_price":[],"bundled_items":[],"bundle_sell_ids":[],"acf":[],"_links":{"self":[{"href":"https:\/\/goelette.ca\/en\/wp-json\/wp\/v2\/product\/279621","targetHints":{"allow":["GET"]}}],"collection":[{"href":"https:\/\/goelette.ca\/en\/wp-json\/wp\/v2\/product"}],"about":[{"href":"https:\/\/goelette.ca\/en\/wp-json\/wp\/v2\/types\/product"}],"wp:featuredmedia":[{"embeddable":true,"href":"https:\/\/goelette.ca\/en\/wp-json\/wp\/v2\/media\/279623"}],"wp:attachment":[{"href":"https:\/\/goelette.ca\/en\/wp-json\/wp\/v2\/media?parent=279621"}],"wp:term":[{"taxonomy":"product_brand","embeddable":true,"href":"https:\/\/goelette.ca\/en\/wp-json\/wp\/v2\/product_brand?post=279621"},{"taxonomy":"product_cat","embeddable":true,"href":"https:\/\/goelette.ca\/en\/wp-json\/wp\/v2\/product_cat?post=279621"},{"taxonomy":"product_tag","embeddable":true,"href":"https:\/\/goelette.ca\/en\/wp-json\/wp\/v2\/product_tag?post=279621"},{"taxonomy":"maison_dedition","embeddable":true,"href":"https:\/\/goelette.ca\/en\/wp-json\/wp\/v2\/maison_dedition?post=279621"}],"curies":[{"name":"wp","href":"https:\/\/api.w.org\/{rel}","templated":true}]}}