{"id":279610,"date":"2025-11-12T00:02:03","date_gmt":"2025-11-12T05:02:03","guid":{"rendered":"https:\/\/goelette.ca\/?post_type=product&#038;p=279610"},"modified":"2025-11-05T15:11:10","modified_gmt":"2025-11-05T20:11:10","slug":"supergrilles-de-mots-croises","status":"publish","type":"product","link":"https:\/\/goelette.ca\/en\/tous-les-livres\/supergrilles-de-mots-croises\/","title":{"rendered":"Supergrilles de mots crois\u00e9s"},"content":{"rendered":"<p>&nbsp;<\/p>\n<p style=\"text-align: center;\">Mettez vos connaissances au d\u00e9fi avec plus de <strong>70 grilles<\/strong> de mots crois\u00e9s !<\/p>\n<p style=\"text-align: center;\">La collection <strong>Supergrilles<\/strong> propose vos jeux pr\u00e9f\u00e9r\u00e9s dans un plus grand format pour des heures de plaisir.<\/p>\n<p style=\"text-align: center;\">\n","protected":false},"excerpt":{"rendered":"<p>&nbsp; Mettez vos connaissances au d\u00e9fi avec plus de 70 grilles de mots crois\u00e9s ! La collection Supergrilles propose vos jeux pr\u00e9f\u00e9r\u00e9s dans un plus grand format pour des heures de plaisir.<\/p>\n","protected":false},"featured_media":279614,"template":"","meta":{"wds_primary_product_brand":0,"wds_primary_product_cat":0,"wds_primary_maison_dedition":0},"product_brand":[],"product_cat":[567,566,629],"product_tag":[],"maison_dedition":[630],"class_list":{"0":"post-279610","1":"product","2":"type-product","3":"status-publish","4":"has-post-thumbnail","6":"product_cat-adulte","7":"product_cat-livres-de-jeux","8":"product_cat-mots-croises","9":"maison_dedition-les-editions-goelette","11":"first","12":"instock","13":"taxable","14":"shipping-taxable","15":"purchasable","16":"product-type-variable"},"bundled_by":[],"bundle_stock_status":"instock","bundle_stock_quantity":null,"bundle_virtual":false,"bundle_layout":"","bundle_add_to_cart_form_location":"","bundle_editable_in_cart":false,"bundle_sold_individually_context":"","bundle_item_grouping":"","bundle_min_size":"","bundle_max_size":"","bundle_price":[],"bundled_items":[],"bundle_sell_ids":[],"acf":[],"_links":{"self":[{"href":"https:\/\/goelette.ca\/en\/wp-json\/wp\/v2\/product\/279610","targetHints":{"allow":["GET"]}}],"collection":[{"href":"https:\/\/goelette.ca\/en\/wp-json\/wp\/v2\/product"}],"about":[{"href":"https:\/\/goelette.ca\/en\/wp-json\/wp\/v2\/types\/product"}],"wp:featuredmedia":[{"embeddable":true,"href":"https:\/\/goelette.ca\/en\/wp-json\/wp\/v2\/media\/279614"}],"wp:attachment":[{"href":"https:\/\/goelette.ca\/en\/wp-json\/wp\/v2\/media?parent=279610"}],"wp:term":[{"taxonomy":"product_brand","embeddable":true,"href":"https:\/\/goelette.ca\/en\/wp-json\/wp\/v2\/product_brand?post=279610"},{"taxonomy":"product_cat","embeddable":true,"href":"https:\/\/goelette.ca\/en\/wp-json\/wp\/v2\/product_cat?post=279610"},{"taxonomy":"product_tag","embeddable":true,"href":"https:\/\/goelette.ca\/en\/wp-json\/wp\/v2\/product_tag?post=279610"},{"taxonomy":"maison_dedition","embeddable":true,"href":"https:\/\/goelette.ca\/en\/wp-json\/wp\/v2\/maison_dedition?post=279610"}],"curies":[{"name":"wp","href":"https:\/\/api.w.org\/{rel}","templated":true}]}}