{"id":279606,"date":"2025-11-12T00:03:52","date_gmt":"2025-11-12T05:03:52","guid":{"rendered":"https:\/\/goelette.ca\/?post_type=product&#038;p=279606"},"modified":"2025-11-05T15:05:49","modified_gmt":"2025-11-05T20:05:49","slug":"supergrilles-de-mots-caches","status":"publish","type":"product","link":"https:\/\/goelette.ca\/en\/tous-les-livres\/supergrilles-de-mots-caches\/","title":{"rendered":"Supergrilles de mots cach\u00e9s"},"content":{"rendered":"<p style=\"text-align: center;\">Enrichissez votre vocabulaire et mettez votre sens de l\u2019observation au d\u00e9fi avec plus de <strong>80 grilles<\/strong> de mots cach\u00e9s !<\/p>\n<p style=\"text-align: center;\">La collection <strong>Supergrilles<\/strong> propose vos jeux pr\u00e9f\u00e9r\u00e9s dans un plus grand format pour des heures de plaisir.<\/p>\n","protected":false},"excerpt":{"rendered":"<p>Enrichissez votre vocabulaire et mettez votre sens de l\u2019observation au d\u00e9fi avec plus de 80 grilles de mots cach\u00e9s ! La collection Supergrilles propose vos jeux pr\u00e9f\u00e9r\u00e9s dans un plus grand format pour des heures de plaisir.<\/p>\n","protected":false},"featured_media":279608,"template":"","meta":{"wds_primary_product_brand":0,"wds_primary_product_cat":0,"wds_primary_maison_dedition":0},"product_brand":[],"product_cat":[567,566,608],"product_tag":[],"maison_dedition":[630],"class_list":{"0":"post-279606","1":"product","2":"type-product","3":"status-publish","4":"has-post-thumbnail","6":"product_cat-adulte","7":"product_cat-livres-de-jeux","8":"product_cat-mots-caches","9":"pa_auteur-collectif","10":"maison_dedition-les-editions-goelette","12":"first","13":"instock","14":"taxable","15":"shipping-taxable","16":"purchasable","17":"product-type-variable"},"bundled_by":[],"bundle_stock_status":"instock","bundle_stock_quantity":null,"bundle_virtual":false,"bundle_layout":"","bundle_add_to_cart_form_location":"","bundle_editable_in_cart":false,"bundle_sold_individually_context":"","bundle_item_grouping":"","bundle_min_size":"","bundle_max_size":"","bundle_price":[],"bundled_items":[],"bundle_sell_ids":[],"acf":[],"_links":{"self":[{"href":"https:\/\/goelette.ca\/en\/wp-json\/wp\/v2\/product\/279606","targetHints":{"allow":["GET"]}}],"collection":[{"href":"https:\/\/goelette.ca\/en\/wp-json\/wp\/v2\/product"}],"about":[{"href":"https:\/\/goelette.ca\/en\/wp-json\/wp\/v2\/types\/product"}],"wp:featuredmedia":[{"embeddable":true,"href":"https:\/\/goelette.ca\/en\/wp-json\/wp\/v2\/media\/279608"}],"wp:attachment":[{"href":"https:\/\/goelette.ca\/en\/wp-json\/wp\/v2\/media?parent=279606"}],"wp:term":[{"taxonomy":"product_brand","embeddable":true,"href":"https:\/\/goelette.ca\/en\/wp-json\/wp\/v2\/product_brand?post=279606"},{"taxonomy":"product_cat","embeddable":true,"href":"https:\/\/goelette.ca\/en\/wp-json\/wp\/v2\/product_cat?post=279606"},{"taxonomy":"product_tag","embeddable":true,"href":"https:\/\/goelette.ca\/en\/wp-json\/wp\/v2\/product_tag?post=279606"},{"taxonomy":"maison_dedition","embeddable":true,"href":"https:\/\/goelette.ca\/en\/wp-json\/wp\/v2\/maison_dedition?post=279606"}],"curies":[{"name":"wp","href":"https:\/\/api.w.org\/{rel}","templated":true}]}}