{"id":279407,"date":"2025-11-05T00:03:53","date_gmt":"2025-11-05T05:03:53","guid":{"rendered":"https:\/\/goelette.ca\/?post_type=product&#038;p=279407"},"modified":"2025-11-04T09:27:02","modified_gmt":"2025-11-04T14:27:02","slug":"des-jeux-et-des-jeux-mots-entrecroises-vol-6","status":"publish","type":"product","link":"https:\/\/goelette.ca\/en\/tous-les-livres\/des-jeux-et-des-jeux-mots-entrecroises-vol-6\/","title":{"rendered":"Des jeux et des jeux &#8211; Mots entrecrois\u00e9s vol. 6"},"content":{"rendered":"<p style=\"text-align: center;\"><strong>255 GRILLES ET SOLUTIONS<\/strong><\/p>\n<p style=\"text-align: center;\">Avec les <strong>mots entrecrois\u00e9s<\/strong>, profitez d\u2019un agr\u00e9able moment de d\u00e9tente tout en mettant vos capacit\u00e9s de d\u00e9duction au d\u00e9fi.<\/p>\n<p style=\"text-align: center;\">La collection <strong>Des jeux et des jeux<\/strong> vous propose des jeux de lettres et de chiffres classiques tout en gardant une place pour la d\u00e9couverte de nouveaux jeux, de quoi faire le bonheur de tous les amateurs.<\/p>\n","protected":false},"excerpt":{"rendered":"<p>255 GRILLES ET SOLUTIONS Avec les mots entrecrois\u00e9s, profitez d\u2019un agr\u00e9able moment de d\u00e9tente tout en mettant vos capacit\u00e9s de d\u00e9duction au d\u00e9fi. La collection Des jeux et des jeux vous propose des jeux de lettres et de chiffres classiques tout en gardant une place pour la d\u00e9couverte de nouveaux jeux, de quoi faire le [&hellip;]<\/p>\n","protected":false},"featured_media":279409,"template":"","meta":{"wds_primary_product_brand":0,"wds_primary_product_cat":0,"wds_primary_maison_dedition":0},"product_brand":[],"product_cat":[567,566,576],"product_tag":[],"maison_dedition":[630],"class_list":{"0":"post-279407","1":"product","2":"type-product","3":"status-publish","4":"has-post-thumbnail","6":"product_cat-adulte","7":"product_cat-livres-de-jeux","8":"product_cat-mots-entrecroises","9":"maison_dedition-les-editions-goelette","11":"first","12":"instock","13":"taxable","14":"shipping-taxable","15":"purchasable","16":"product-type-variable"},"bundled_by":[],"bundle_stock_status":"instock","bundle_stock_quantity":null,"bundle_virtual":false,"bundle_layout":"","bundle_add_to_cart_form_location":"","bundle_editable_in_cart":false,"bundle_sold_individually_context":"","bundle_item_grouping":"","bundle_min_size":"","bundle_max_size":"","bundle_price":[],"bundled_items":[],"bundle_sell_ids":[],"acf":[],"_links":{"self":[{"href":"https:\/\/goelette.ca\/en\/wp-json\/wp\/v2\/product\/279407","targetHints":{"allow":["GET"]}}],"collection":[{"href":"https:\/\/goelette.ca\/en\/wp-json\/wp\/v2\/product"}],"about":[{"href":"https:\/\/goelette.ca\/en\/wp-json\/wp\/v2\/types\/product"}],"wp:featuredmedia":[{"embeddable":true,"href":"https:\/\/goelette.ca\/en\/wp-json\/wp\/v2\/media\/279409"}],"wp:attachment":[{"href":"https:\/\/goelette.ca\/en\/wp-json\/wp\/v2\/media?parent=279407"}],"wp:term":[{"taxonomy":"product_brand","embeddable":true,"href":"https:\/\/goelette.ca\/en\/wp-json\/wp\/v2\/product_brand?post=279407"},{"taxonomy":"product_cat","embeddable":true,"href":"https:\/\/goelette.ca\/en\/wp-json\/wp\/v2\/product_cat?post=279407"},{"taxonomy":"product_tag","embeddable":true,"href":"https:\/\/goelette.ca\/en\/wp-json\/wp\/v2\/product_tag?post=279407"},{"taxonomy":"maison_dedition","embeddable":true,"href":"https:\/\/goelette.ca\/en\/wp-json\/wp\/v2\/maison_dedition?post=279407"}],"curies":[{"name":"wp","href":"https:\/\/api.w.org\/{rel}","templated":true}]}}