{"id":279392,"date":"2025-11-05T00:01:58","date_gmt":"2025-11-05T05:01:58","guid":{"rendered":"https:\/\/goelette.ca\/?post_type=product&#038;p=279392"},"modified":"2025-11-05T13:19:40","modified_gmt":"2025-11-05T18:19:40","slug":"pause-creative-coloriages-oiseaux","status":"publish","type":"product","link":"https:\/\/goelette.ca\/en\/tous-les-livres\/pause-creative-coloriages-oiseaux\/","title":{"rendered":"Pause cr\u00e9ative &#8211; Coloriages oiseaux"},"content":{"rendered":"<p style=\"text-align: center;\">Sortez vos plus belles couleurs et plongez dans le merveilleux monde des oiseaux gr\u00e2ce \u00e0 ces <strong>48 magnifiques coloriages<\/strong>.<\/p>\n<p style=\"text-align: center;\">La collection <strong>Pause cr\u00e9ative<\/strong> vous offre la possibilit\u00e9 de ralentir, de vous recentrer et de renouer avec l\u2019artiste en vous.<\/p>\n","protected":false},"excerpt":{"rendered":"<p>Sortez vos plus belles couleurs et plongez dans le merveilleux monde des oiseaux gr\u00e2ce \u00e0 ces 48 magnifiques coloriages. La collection Pause cr\u00e9ative vous offre la possibilit\u00e9 de ralentir, de vous recentrer et de renouer avec l\u2019artiste en vous.<\/p>\n","protected":false},"featured_media":279395,"template":"","meta":{"wds_primary_product_brand":0,"wds_primary_product_cat":0,"wds_primary_maison_dedition":0},"product_brand":[],"product_cat":[652,557],"product_tag":[],"maison_dedition":[630,896],"class_list":{"0":"post-279392","1":"product","2":"type-product","3":"status-publish","4":"has-post-thumbnail","6":"product_cat-coloriage-pratique","7":"product_cat-pratique","8":"maison_dedition-les-editions-goelette","9":"maison_dedition-pause-creative","11":"first","12":"instock","13":"taxable","14":"shipping-taxable","15":"purchasable","16":"product-type-variable","17":"has-default-attributes"},"bundled_by":[],"bundle_stock_status":"instock","bundle_stock_quantity":null,"bundle_virtual":false,"bundle_layout":"","bundle_add_to_cart_form_location":"","bundle_editable_in_cart":false,"bundle_sold_individually_context":"","bundle_item_grouping":"","bundle_min_size":"","bundle_max_size":"","bundle_price":[],"bundled_items":[],"bundle_sell_ids":[],"acf":[],"_links":{"self":[{"href":"https:\/\/goelette.ca\/en\/wp-json\/wp\/v2\/product\/279392","targetHints":{"allow":["GET"]}}],"collection":[{"href":"https:\/\/goelette.ca\/en\/wp-json\/wp\/v2\/product"}],"about":[{"href":"https:\/\/goelette.ca\/en\/wp-json\/wp\/v2\/types\/product"}],"wp:featuredmedia":[{"embeddable":true,"href":"https:\/\/goelette.ca\/en\/wp-json\/wp\/v2\/media\/279395"}],"wp:attachment":[{"href":"https:\/\/goelette.ca\/en\/wp-json\/wp\/v2\/media?parent=279392"}],"wp:term":[{"taxonomy":"product_brand","embeddable":true,"href":"https:\/\/goelette.ca\/en\/wp-json\/wp\/v2\/product_brand?post=279392"},{"taxonomy":"product_cat","embeddable":true,"href":"https:\/\/goelette.ca\/en\/wp-json\/wp\/v2\/product_cat?post=279392"},{"taxonomy":"product_tag","embeddable":true,"href":"https:\/\/goelette.ca\/en\/wp-json\/wp\/v2\/product_tag?post=279392"},{"taxonomy":"maison_dedition","embeddable":true,"href":"https:\/\/goelette.ca\/en\/wp-json\/wp\/v2\/maison_dedition?post=279392"}],"curies":[{"name":"wp","href":"https:\/\/api.w.org\/{rel}","templated":true}]}}