{"id":278830,"date":"2025-10-31T16:08:32","date_gmt":"2025-10-31T20:08:32","guid":{"rendered":"https:\/\/goelette.ca\/?post_type=product&#038;p=278830"},"modified":"2025-10-31T16:18:30","modified_gmt":"2025-10-31T20:18:30","slug":"oracle-des-signes","status":"publish","type":"product","link":"https:\/\/goelette.ca\/en\/tous-les-livres\/oracle-des-signes\/","title":{"rendered":"Oracle des Signes"},"content":{"rendered":"<p style=\"text-align: center;\"><strong>Bienvenue \u00e0 vous dans l\u2019\u00e9nergie de ce coffret. <\/strong><\/p>\n<p style=\"text-align: center;\">L\u2019<strong>Oracle des Signes<\/strong> est un jeu de <strong>44 cartes<\/strong> facile \u00e0 utiliser.<\/p>\n<p style=\"text-align: center;\">Il vous permet de prendre un moment de r\u00e9flexion dans votre quotidien.<\/p>\n<p style=\"text-align: center;\">Les cartes vous permettront de cr\u00e9er un lien avec votre ange gardien et d\u2019interpr\u00e9ter les signes sem\u00e9s sur votre chemin.<\/p>\n","protected":false},"excerpt":{"rendered":"<p>Bienvenue \u00e0 vous dans l\u2019\u00e9nergie de ce coffret. L\u2019Oracle des Signes est un jeu de 44 cartes facile \u00e0 utiliser. Il vous permet de prendre un moment de r\u00e9flexion dans votre quotidien. Les cartes vous permettront de cr\u00e9er un lien avec votre ange gardien et d\u2019interpr\u00e9ter les signes sem\u00e9s sur votre chemin.<\/p>\n","protected":false},"featured_media":278832,"template":"","meta":{"wds_primary_product_brand":0,"wds_primary_product_cat":0,"wds_primary_maison_dedition":0},"product_brand":[],"product_cat":[586,662,581],"product_tag":[],"maison_dedition":[630],"class_list":{"0":"post-278830","1":"product","2":"type-product","3":"status-publish","4":"has-post-thumbnail","6":"product_cat-bien-etre-et-sante-pratique","7":"product_cat-coffret-jeunesse","8":"product_cat-esoterisme","9":"pa_auteur-valerie-defour","10":"pa_auteur-valerie-saussez","11":"maison_dedition-les-editions-goelette","13":"first","14":"instock","15":"taxable","16":"shipping-taxable","17":"purchasable","18":"product-type-variable","19":"has-default-attributes"},"bundled_by":[],"bundle_stock_status":"instock","bundle_stock_quantity":null,"bundle_virtual":false,"bundle_layout":"","bundle_add_to_cart_form_location":"","bundle_editable_in_cart":false,"bundle_sold_individually_context":"","bundle_item_grouping":"","bundle_min_size":"","bundle_max_size":"","bundle_price":[],"bundled_items":[],"bundle_sell_ids":[],"acf":[],"_links":{"self":[{"href":"https:\/\/goelette.ca\/en\/wp-json\/wp\/v2\/product\/278830","targetHints":{"allow":["GET"]}}],"collection":[{"href":"https:\/\/goelette.ca\/en\/wp-json\/wp\/v2\/product"}],"about":[{"href":"https:\/\/goelette.ca\/en\/wp-json\/wp\/v2\/types\/product"}],"wp:featuredmedia":[{"embeddable":true,"href":"https:\/\/goelette.ca\/en\/wp-json\/wp\/v2\/media\/278832"}],"wp:attachment":[{"href":"https:\/\/goelette.ca\/en\/wp-json\/wp\/v2\/media?parent=278830"}],"wp:term":[{"taxonomy":"product_brand","embeddable":true,"href":"https:\/\/goelette.ca\/en\/wp-json\/wp\/v2\/product_brand?post=278830"},{"taxonomy":"product_cat","embeddable":true,"href":"https:\/\/goelette.ca\/en\/wp-json\/wp\/v2\/product_cat?post=278830"},{"taxonomy":"product_tag","embeddable":true,"href":"https:\/\/goelette.ca\/en\/wp-json\/wp\/v2\/product_tag?post=278830"},{"taxonomy":"maison_dedition","embeddable":true,"href":"https:\/\/goelette.ca\/en\/wp-json\/wp\/v2\/maison_dedition?post=278830"}],"curies":[{"name":"wp","href":"https:\/\/api.w.org\/{rel}","templated":true}]}}