{"id":278817,"date":"2025-10-31T15:51:40","date_gmt":"2025-10-31T19:51:40","guid":{"rendered":"https:\/\/goelette.ca\/?post_type=product&#038;p=278817"},"modified":"2025-10-31T15:57:56","modified_gmt":"2025-10-31T19:57:56","slug":"des-jeux-et-des-jeux-geants-mots-caches-grandes-grilles-vol-5","status":"publish","type":"product","link":"https:\/\/goelette.ca\/en\/tous-les-livres\/des-jeux-et-des-jeux-geants-mots-caches-grandes-grilles-vol-5\/","title":{"rendered":"Des jeux et des jeux g\u00e9ants &#8211; Mots cach\u00e9s grandes grilles vol. 5"},"content":{"rendered":"<p style=\"text-align: center;\"><strong>125\u00a0 GRILLES ET SOLUTIONS<\/strong><\/p>\n<p class=\"p1\" style=\"text-align: center;\">Adeptes de mots cach\u00e9s, relevez un d\u00e9fi de taille! Retrouvez votre jeu pr\u00e9f\u00e9r\u00e9 dans une version grandes grilles.<\/p>\n<p class=\"p1\" style=\"text-align: center;\">La collection <strong>Des jeux et des jeux<\/strong> g\u00e9ants vous propose des jeux de lettres et de chiffres classiques dans un format plus grand.<\/p>\n<p class=\"p1\" style=\"text-align: center;\">Le volet Grandes grilles offre des grilles dans un format g\u00e9ant pour encore plus de plaisir!<\/p>\n<p style=\"text-align: center;\">\n<p>&nbsp;<\/p>\n","protected":false},"excerpt":{"rendered":"<p>125\u00a0 GRILLES ET SOLUTIONS Adeptes de mots cach\u00e9s, relevez un d\u00e9fi de taille! Retrouvez votre jeu pr\u00e9f\u00e9r\u00e9 dans une version grandes grilles. La collection Des jeux et des jeux g\u00e9ants vous propose des jeux de lettres et de chiffres classiques dans un format plus grand. Le volet Grandes grilles offre des grilles dans un format [&hellip;]<\/p>\n","protected":false},"featured_media":278819,"template":"","meta":{"wds_primary_product_brand":0,"wds_primary_product_cat":0,"wds_primary_maison_dedition":0},"product_brand":[],"product_cat":[567,566,608],"product_tag":[],"maison_dedition":[630],"class_list":{"0":"post-278817","1":"product","2":"type-product","3":"status-publish","4":"has-post-thumbnail","6":"product_cat-adulte","7":"product_cat-livres-de-jeux","8":"product_cat-mots-caches","9":"pa_auteur-collectif","10":"maison_dedition-les-editions-goelette","12":"first","13":"instock","14":"taxable","15":"shipping-taxable","16":"purchasable","17":"product-type-variable"},"bundled_by":[],"bundle_stock_status":"instock","bundle_stock_quantity":null,"bundle_virtual":false,"bundle_layout":"","bundle_add_to_cart_form_location":"","bundle_editable_in_cart":false,"bundle_sold_individually_context":"","bundle_item_grouping":"","bundle_min_size":"","bundle_max_size":"","bundle_price":[],"bundled_items":[],"bundle_sell_ids":[],"acf":[],"_links":{"self":[{"href":"https:\/\/goelette.ca\/en\/wp-json\/wp\/v2\/product\/278817","targetHints":{"allow":["GET"]}}],"collection":[{"href":"https:\/\/goelette.ca\/en\/wp-json\/wp\/v2\/product"}],"about":[{"href":"https:\/\/goelette.ca\/en\/wp-json\/wp\/v2\/types\/product"}],"wp:featuredmedia":[{"embeddable":true,"href":"https:\/\/goelette.ca\/en\/wp-json\/wp\/v2\/media\/278819"}],"wp:attachment":[{"href":"https:\/\/goelette.ca\/en\/wp-json\/wp\/v2\/media?parent=278817"}],"wp:term":[{"taxonomy":"product_brand","embeddable":true,"href":"https:\/\/goelette.ca\/en\/wp-json\/wp\/v2\/product_brand?post=278817"},{"taxonomy":"product_cat","embeddable":true,"href":"https:\/\/goelette.ca\/en\/wp-json\/wp\/v2\/product_cat?post=278817"},{"taxonomy":"product_tag","embeddable":true,"href":"https:\/\/goelette.ca\/en\/wp-json\/wp\/v2\/product_tag?post=278817"},{"taxonomy":"maison_dedition","embeddable":true,"href":"https:\/\/goelette.ca\/en\/wp-json\/wp\/v2\/maison_dedition?post=278817"}],"curies":[{"name":"wp","href":"https:\/\/api.w.org\/{rel}","templated":true}]}}