{"id":278766,"date":"2025-11-12T00:05:50","date_gmt":"2025-11-12T05:05:50","guid":{"rendered":"https:\/\/goelette.ca\/?post_type=product&#038;p=278766"},"modified":"2025-11-03T10:42:13","modified_gmt":"2025-11-03T15:42:13","slug":"des-jeux-et-des-jeux-le-mot-vol-2","status":"publish","type":"product","link":"https:\/\/goelette.ca\/en\/tous-les-livres\/des-jeux-et-des-jeux-le-mot-vol-2\/","title":{"rendered":"Des jeux et des jeux &#8211; Le mot vol.2"},"content":{"rendered":"<p style=\"text-align: center;\"><strong>555 GRILLES ET SOLUTIONS<\/strong><\/p>\n<p class=\"p1\" style=\"text-align: center;\">Avec <strong>le mot<\/strong>, prenez une pause du quotidien tout en mettant vos capacit\u00e9s de d\u00e9duction au d\u00e9fi.<\/p>\n<p class=\"p2\" style=\"text-align: center;\">La collection <strong>Des jeux et des jeux<\/strong> vous propose des jeux de lettres et de chiffres classiques tout en gardant une place pour la d\u00e9couverte de nouveaux jeux, de quoi faire le bonheur de tous les amateurs.<\/p>\n","protected":false},"excerpt":{"rendered":"<p>555 GRILLES ET SOLUTIONS Avec le mot, prenez une pause du quotidien tout en mettant vos capacit\u00e9s de d\u00e9duction au d\u00e9fi. La collection Des jeux et des jeux vous propose des jeux de lettres et de chiffres classiques tout en gardant une place pour la d\u00e9couverte de nouveaux jeux, de quoi faire le bonheur de [&hellip;]<\/p>\n","protected":false},"featured_media":278769,"template":"","meta":{"wds_primary_product_brand":0,"wds_primary_product_cat":0,"wds_primary_maison_dedition":0},"product_brand":[],"product_cat":[567,883,566],"product_tag":[],"maison_dedition":[630],"class_list":{"0":"post-278766","1":"product","2":"type-product","3":"status-publish","4":"has-post-thumbnail","6":"product_cat-adulte","7":"product_cat-le-mot","8":"product_cat-livres-de-jeux","9":"maison_dedition-les-editions-goelette","11":"first","12":"instock","13":"taxable","14":"shipping-taxable","15":"purchasable","16":"product-type-variable"},"bundled_by":[],"bundle_stock_status":"instock","bundle_stock_quantity":null,"bundle_virtual":false,"bundle_layout":"","bundle_add_to_cart_form_location":"","bundle_editable_in_cart":false,"bundle_sold_individually_context":"","bundle_item_grouping":"","bundle_min_size":"","bundle_max_size":"","bundle_price":[],"bundled_items":[],"bundle_sell_ids":[],"acf":[],"_links":{"self":[{"href":"https:\/\/goelette.ca\/en\/wp-json\/wp\/v2\/product\/278766","targetHints":{"allow":["GET"]}}],"collection":[{"href":"https:\/\/goelette.ca\/en\/wp-json\/wp\/v2\/product"}],"about":[{"href":"https:\/\/goelette.ca\/en\/wp-json\/wp\/v2\/types\/product"}],"wp:featuredmedia":[{"embeddable":true,"href":"https:\/\/goelette.ca\/en\/wp-json\/wp\/v2\/media\/278769"}],"wp:attachment":[{"href":"https:\/\/goelette.ca\/en\/wp-json\/wp\/v2\/media?parent=278766"}],"wp:term":[{"taxonomy":"product_brand","embeddable":true,"href":"https:\/\/goelette.ca\/en\/wp-json\/wp\/v2\/product_brand?post=278766"},{"taxonomy":"product_cat","embeddable":true,"href":"https:\/\/goelette.ca\/en\/wp-json\/wp\/v2\/product_cat?post=278766"},{"taxonomy":"product_tag","embeddable":true,"href":"https:\/\/goelette.ca\/en\/wp-json\/wp\/v2\/product_tag?post=278766"},{"taxonomy":"maison_dedition","embeddable":true,"href":"https:\/\/goelette.ca\/en\/wp-json\/wp\/v2\/maison_dedition?post=278766"}],"curies":[{"name":"wp","href":"https:\/\/api.w.org\/{rel}","templated":true}]}}