{"id":278744,"date":"2025-10-31T11:02:53","date_gmt":"2025-10-31T15:02:53","guid":{"rendered":"https:\/\/goelette.ca\/?post_type=product&#038;p=278744"},"modified":"2025-10-31T13:20:06","modified_gmt":"2025-10-31T17:20:06","slug":"gym-cerebrale-grand-format-musclez-votre-cerveau-vol-3","status":"publish","type":"product","link":"https:\/\/goelette.ca\/en\/tous-les-livres\/gym-cerebrale-grand-format-musclez-votre-cerveau-vol-3\/","title":{"rendered":"Gym c\u00e9r\u00e9brale grand format &#8211; Musclez votre cerveau vol. 3"},"content":{"rendered":"<p style=\"text-align: center;\"><strong>355 JEUX <\/strong><\/p>\n<p style=\"text-align: center;\">POUR STIMULER VOS NEURONES<\/p>\n<p style=\"text-align: center;\">Entra\u00eenez votre cerveau gr\u00e2ce \u00e0 des jeux stimulants et divertissants. Avec ces 25 types de jeux de chiffres, de lettres, de culture g\u00e9n\u00e9rale, de logique et d\u2019observation, c\u2019est toute votre mati\u00e8re grise qui sera tonifi\u00e9e !<\/p>\n<p style=\"text-align: center;\">La collection <strong>Gym c\u00e9r\u00e9brale en grand format<\/strong> vous propose des jeux con\u00e7us sp\u00e9cifiquement pour d\u00e9velopper et maintenir vos capacit\u00e9s cognitives tout en vous divertissant, le tout dans un format g\u00e9ant.<\/p>\n","protected":false},"excerpt":{"rendered":"<p>355 JEUX POUR STIMULER VOS NEURONES Entra\u00eenez votre cerveau gr\u00e2ce \u00e0 des jeux stimulants et divertissants. Avec ces 25 types de jeux de chiffres, de lettres, de culture g\u00e9n\u00e9rale, de logique et d\u2019observation, c\u2019est toute votre mati\u00e8re grise qui sera tonifi\u00e9e ! La collection Gym c\u00e9r\u00e9brale en grand format vous propose des jeux con\u00e7us sp\u00e9cifiquement [&hellip;]<\/p>\n","protected":false},"featured_media":278763,"template":"","meta":{"wds_primary_product_brand":0,"wds_primary_product_cat":0,"wds_primary_maison_dedition":0},"product_brand":[],"product_cat":[567,587,566],"product_tag":[],"maison_dedition":[630],"class_list":{"0":"post-278744","1":"product","2":"type-product","3":"status-publish","4":"has-post-thumbnail","6":"product_cat-adulte","7":"product_cat-jeux-melanges","8":"product_cat-livres-de-jeux","9":"pa_auteur-collectif","10":"maison_dedition-les-editions-goelette","12":"first","13":"instock","14":"taxable","15":"shipping-taxable","16":"purchasable","17":"product-type-variable"},"bundled_by":[],"bundle_stock_status":"instock","bundle_stock_quantity":null,"bundle_virtual":false,"bundle_layout":"","bundle_add_to_cart_form_location":"","bundle_editable_in_cart":false,"bundle_sold_individually_context":"","bundle_item_grouping":"","bundle_min_size":"","bundle_max_size":"","bundle_price":[],"bundled_items":[],"bundle_sell_ids":[],"acf":[],"_links":{"self":[{"href":"https:\/\/goelette.ca\/en\/wp-json\/wp\/v2\/product\/278744","targetHints":{"allow":["GET"]}}],"collection":[{"href":"https:\/\/goelette.ca\/en\/wp-json\/wp\/v2\/product"}],"about":[{"href":"https:\/\/goelette.ca\/en\/wp-json\/wp\/v2\/types\/product"}],"wp:featuredmedia":[{"embeddable":true,"href":"https:\/\/goelette.ca\/en\/wp-json\/wp\/v2\/media\/278763"}],"wp:attachment":[{"href":"https:\/\/goelette.ca\/en\/wp-json\/wp\/v2\/media?parent=278744"}],"wp:term":[{"taxonomy":"product_brand","embeddable":true,"href":"https:\/\/goelette.ca\/en\/wp-json\/wp\/v2\/product_brand?post=278744"},{"taxonomy":"product_cat","embeddable":true,"href":"https:\/\/goelette.ca\/en\/wp-json\/wp\/v2\/product_cat?post=278744"},{"taxonomy":"product_tag","embeddable":true,"href":"https:\/\/goelette.ca\/en\/wp-json\/wp\/v2\/product_tag?post=278744"},{"taxonomy":"maison_dedition","embeddable":true,"href":"https:\/\/goelette.ca\/en\/wp-json\/wp\/v2\/maison_dedition?post=278744"}],"curies":[{"name":"wp","href":"https:\/\/api.w.org\/{rel}","templated":true}]}}