{"id":278725,"date":"2025-10-31T10:27:25","date_gmt":"2025-10-31T14:27:25","guid":{"rendered":"https:\/\/goelette.ca\/?post_type=product&#038;p=278725"},"modified":"2026-01-13T09:24:22","modified_gmt":"2026-01-13T14:24:22","slug":"mon-album-de-bebe-de-la-naissance-a-la-maternelle-rose","status":"publish","type":"product","link":"https:\/\/goelette.ca\/en\/tous-les-livres\/mon-album-de-bebe-de-la-naissance-a-la-maternelle-rose\/","title":{"rendered":"Mon album de b\u00e9b\u00e9 &#8211; De la naissance \u00e0 la maternelle (Rose)"},"content":{"rendered":"<p style=\"text-align: center;\">Conservez pr\u00e9cieusement les merveilleux moments des cinq premi\u00e8res ann\u00e9es de vie de votre b\u00e9b\u00e9 gr\u00e2ce \u00e0 cet adorable album aux teintes douces.<\/p>\n<p style=\"text-align: center;\">Mon album de b\u00e9b\u00e9 &#8211; De la naissance \u00e0 la maternelle permet d\u2019inscrire les faits saillants \u00e0 propos des parents, de la famille, de la naissance, des premi\u00e8res fois puis des anniversaires en plus de conserver des traces du d\u00e9veloppement de votre enfant en indiquant le poids et la taille, notamment.<\/p>\n<p style=\"text-align: center;\">La couverture rigide et les illustrations mignonnes conf\u00e8rent un caract\u00e8re intemporel \u00e0 l\u2019album. Une bande \u00e9lastique permet au mat\u00e9riel de demeurer parfaitement en place.<\/p>\n<p>&nbsp;<\/p>\n<p style=\"text-align: left;\">8 sections divis\u00e9es par des s\u00e9parateurs<br \/>\ncartonn\u00e9s et color\u00e9s :<\/p>\n<p style=\"text-align: left;\">\u2022 Ma petite histoire<br \/>\n\u2022 Tout sur moi<br \/>\n\u2022 Ma premi\u00e8re ann\u00e9e<br \/>\n\u2022 De 1 \u00e0 2 ans<br \/>\n\u2022 De 2 \u00e0 3 ans<br \/>\n\u2022 De 3 \u00e0 4 ans<br \/>\n\u2022 De 4 \u00e0 5 ans<br \/>\n\u2022 Les moments magiques<\/p>\n","protected":false},"excerpt":{"rendered":"<p>Conservez pr\u00e9cieusement les merveilleux moments des cinq premi\u00e8res ann\u00e9es de vie de votre b\u00e9b\u00e9 gr\u00e2ce \u00e0 cet adorable album aux teintes douces. Mon album de b\u00e9b\u00e9 &#8211; De la naissance \u00e0 la maternelle permet d\u2019inscrire les faits saillants \u00e0 propos des parents, de la famille, de la naissance, des premi\u00e8res fois puis des anniversaires en [&hellip;]<\/p>\n","protected":false},"featured_media":278729,"template":"","meta":{"wds_primary_product_brand":0,"wds_primary_product_cat":0,"wds_primary_maison_dedition":0},"product_brand":[],"product_cat":[580,557],"product_tag":[],"maison_dedition":[630],"class_list":{"0":"post-278725","1":"product","2":"type-product","3":"status-publish","4":"has-post-thumbnail","6":"product_cat-maternite","7":"product_cat-pratique","8":"maison_dedition-les-editions-goelette","10":"first","11":"instock","12":"taxable","13":"shipping-taxable","14":"purchasable","15":"product-type-variable"},"bundled_by":[],"bundle_stock_status":"instock","bundle_stock_quantity":null,"bundle_virtual":false,"bundle_layout":"","bundle_add_to_cart_form_location":"","bundle_editable_in_cart":false,"bundle_sold_individually_context":"","bundle_item_grouping":"","bundle_min_size":"","bundle_max_size":"","bundle_price":[],"bundled_items":[],"bundle_sell_ids":[],"acf":[],"_links":{"self":[{"href":"https:\/\/goelette.ca\/en\/wp-json\/wp\/v2\/product\/278725","targetHints":{"allow":["GET"]}}],"collection":[{"href":"https:\/\/goelette.ca\/en\/wp-json\/wp\/v2\/product"}],"about":[{"href":"https:\/\/goelette.ca\/en\/wp-json\/wp\/v2\/types\/product"}],"wp:featuredmedia":[{"embeddable":true,"href":"https:\/\/goelette.ca\/en\/wp-json\/wp\/v2\/media\/278729"}],"wp:attachment":[{"href":"https:\/\/goelette.ca\/en\/wp-json\/wp\/v2\/media?parent=278725"}],"wp:term":[{"taxonomy":"product_brand","embeddable":true,"href":"https:\/\/goelette.ca\/en\/wp-json\/wp\/v2\/product_brand?post=278725"},{"taxonomy":"product_cat","embeddable":true,"href":"https:\/\/goelette.ca\/en\/wp-json\/wp\/v2\/product_cat?post=278725"},{"taxonomy":"product_tag","embeddable":true,"href":"https:\/\/goelette.ca\/en\/wp-json\/wp\/v2\/product_tag?post=278725"},{"taxonomy":"maison_dedition","embeddable":true,"href":"https:\/\/goelette.ca\/en\/wp-json\/wp\/v2\/maison_dedition?post=278725"}],"curies":[{"name":"wp","href":"https:\/\/api.w.org\/{rel}","templated":true}]}}