{"id":278717,"date":"2025-10-31T10:10:24","date_gmt":"2025-10-31T14:10:24","guid":{"rendered":"https:\/\/goelette.ca\/?post_type=product&#038;p=278717"},"modified":"2025-10-31T14:18:59","modified_gmt":"2025-10-31T18:18:59","slug":"coffret-nos-amis-les-animaux","status":"publish","type":"product","link":"https:\/\/goelette.ca\/en\/tous-les-livres\/coffret-nos-amis-les-animaux\/","title":{"rendered":"Coffret Nos amis les animaux"},"content":{"rendered":"<p style=\"text-align: center;\">Plonge dans <strong>4 histoires<\/strong> palpitantes avec des animaux attachants ! Chaque r\u00e9cit te fera voyager aux c\u00f4t\u00e9s de h\u00e9ros audacieux et pleins de surprises. Accompagne-les dans leurs aventures !<\/p>\n<p style=\"text-align: center;\">La collection <strong>Nos amis les animaux<\/strong> permet aux enfants de s\u2019amuser tout en d\u00e9couvrant des valeurs importantes.<\/p>\n","protected":false},"excerpt":{"rendered":"<p>Plonge dans 4 histoires palpitantes avec des animaux attachants ! Chaque r\u00e9cit te fera voyager aux c\u00f4t\u00e9s de h\u00e9ros audacieux et pleins de surprises. Accompagne-les dans leurs aventures ! La collection Nos amis les animaux permet aux enfants de s\u2019amuser tout en d\u00e9couvrant des valeurs importantes.<\/p>\n","protected":false},"featured_media":278787,"template":"","meta":{"wds_primary_product_brand":0,"wds_primary_product_cat":0,"wds_primary_maison_dedition":0},"product_brand":[],"product_cat":[540,560,578,662,538],"product_tag":[],"maison_dedition":[630],"class_list":{"0":"post-278717","1":"product","2":"type-product","3":"status-publish","4":"has-post-thumbnail","6":"product_cat-0-2-ans","7":"product_cat-3-5-ans","8":"product_cat-albums-illustres","9":"product_cat-coffret-jeunesse","10":"product_cat-jeunesse","11":"pa_auteur-jade-lachine","12":"maison_dedition-les-editions-goelette","14":"first","15":"instock","16":"taxable","17":"shipping-taxable","18":"purchasable","19":"product-type-variable"},"bundled_by":[],"bundle_stock_status":"instock","bundle_stock_quantity":null,"bundle_virtual":false,"bundle_layout":"","bundle_add_to_cart_form_location":"","bundle_editable_in_cart":false,"bundle_sold_individually_context":"","bundle_item_grouping":"","bundle_min_size":"","bundle_max_size":"","bundle_price":[],"bundled_items":[],"bundle_sell_ids":[],"acf":[],"_links":{"self":[{"href":"https:\/\/goelette.ca\/en\/wp-json\/wp\/v2\/product\/278717","targetHints":{"allow":["GET"]}}],"collection":[{"href":"https:\/\/goelette.ca\/en\/wp-json\/wp\/v2\/product"}],"about":[{"href":"https:\/\/goelette.ca\/en\/wp-json\/wp\/v2\/types\/product"}],"wp:featuredmedia":[{"embeddable":true,"href":"https:\/\/goelette.ca\/en\/wp-json\/wp\/v2\/media\/278787"}],"wp:attachment":[{"href":"https:\/\/goelette.ca\/en\/wp-json\/wp\/v2\/media?parent=278717"}],"wp:term":[{"taxonomy":"product_brand","embeddable":true,"href":"https:\/\/goelette.ca\/en\/wp-json\/wp\/v2\/product_brand?post=278717"},{"taxonomy":"product_cat","embeddable":true,"href":"https:\/\/goelette.ca\/en\/wp-json\/wp\/v2\/product_cat?post=278717"},{"taxonomy":"product_tag","embeddable":true,"href":"https:\/\/goelette.ca\/en\/wp-json\/wp\/v2\/product_tag?post=278717"},{"taxonomy":"maison_dedition","embeddable":true,"href":"https:\/\/goelette.ca\/en\/wp-json\/wp\/v2\/maison_dedition?post=278717"}],"curies":[{"name":"wp","href":"https:\/\/api.w.org\/{rel}","templated":true}]}}