{"id":278709,"date":"2025-10-31T09:28:59","date_gmt":"2025-10-31T13:28:59","guid":{"rendered":"https:\/\/goelette.ca\/?post_type=product&#038;p=278709"},"modified":"2025-12-02T14:36:11","modified_gmt":"2025-12-02T19:36:11","slug":"quiz-quebec-annees-90","status":"publish","type":"product","link":"https:\/\/goelette.ca\/en\/tous-les-livres\/quiz-quebec-annees-90\/","title":{"rendered":"Quiz Qu\u00e9bec &#8211; Ann\u00e9es 90"},"content":{"rendered":"<p class=\"p1\" style=\"text-align: center;\">Vous pensez bien conna\u00eetre les ann\u00e9es 1990?<\/p>\n<p class=\"p1\" style=\"text-align: center;\">Quelle a \u00e9t\u00e9 la meilleure saison des Expos de Montr\u00e9al ? Quelles chansons se retrouvent sur le premier album du groupe Les Colocs ? Combien de jours ont dur\u00e9 les pr\u00e9cipitations de la crise du verglas ?<\/p>\n<p class=\"p1\" style=\"text-align: center;\">Que vous ayez v\u00e9cu cette \u00e9poque ou que vous soyez curieux de la d\u00e9couvrir, mettez vos connaissances g\u00e9n\u00e9rales au d\u00e9fi avec ces <strong>200 questions<\/strong> qui portent sur des th\u00e8mes marquants de cette d\u00e9cennie.<\/p>\n<p class=\"p1\" style=\"text-align: center;\">En solo, en famille ou entre amis, la collection <strong>Quiz Qu\u00e9bec<\/strong> vous invite \u00e0 faire le plein de nostalgie !<\/p>\n","protected":false},"excerpt":{"rendered":"<p>Vous pensez bien conna\u00eetre les ann\u00e9es 1990? Quelle a \u00e9t\u00e9 la meilleure saison des Expos de Montr\u00e9al ? Quelles chansons se retrouvent sur le premier album du groupe Les Colocs ? Combien de jours ont dur\u00e9 les pr\u00e9cipitations de la crise du verglas ? Que vous ayez v\u00e9cu cette \u00e9poque ou que vous soyez curieux [&hellip;]<\/p>\n","protected":false},"featured_media":278711,"template":"","meta":{"wds_primary_product_brand":0,"wds_primary_product_cat":0,"wds_primary_maison_dedition":0},"product_brand":[],"product_cat":[567,566],"product_tag":[],"maison_dedition":[630,918],"class_list":{"0":"post-278709","1":"product","2":"type-product","3":"status-publish","4":"has-post-thumbnail","6":"product_cat-adulte","7":"product_cat-livres-de-jeux","8":"maison_dedition-les-editions-goelette","9":"maison_dedition-quiz-quebec","11":"first","12":"instock","13":"taxable","14":"shipping-taxable","15":"purchasable","16":"product-type-variable","17":"has-default-attributes"},"bundled_by":[],"bundle_stock_status":"instock","bundle_stock_quantity":null,"bundle_virtual":false,"bundle_layout":"","bundle_add_to_cart_form_location":"","bundle_editable_in_cart":false,"bundle_sold_individually_context":"","bundle_item_grouping":"","bundle_min_size":"","bundle_max_size":"","bundle_price":[],"bundled_items":[],"bundle_sell_ids":[],"acf":[],"_links":{"self":[{"href":"https:\/\/goelette.ca\/en\/wp-json\/wp\/v2\/product\/278709","targetHints":{"allow":["GET"]}}],"collection":[{"href":"https:\/\/goelette.ca\/en\/wp-json\/wp\/v2\/product"}],"about":[{"href":"https:\/\/goelette.ca\/en\/wp-json\/wp\/v2\/types\/product"}],"wp:featuredmedia":[{"embeddable":true,"href":"https:\/\/goelette.ca\/en\/wp-json\/wp\/v2\/media\/278711"}],"wp:attachment":[{"href":"https:\/\/goelette.ca\/en\/wp-json\/wp\/v2\/media?parent=278709"}],"wp:term":[{"taxonomy":"product_brand","embeddable":true,"href":"https:\/\/goelette.ca\/en\/wp-json\/wp\/v2\/product_brand?post=278709"},{"taxonomy":"product_cat","embeddable":true,"href":"https:\/\/goelette.ca\/en\/wp-json\/wp\/v2\/product_cat?post=278709"},{"taxonomy":"product_tag","embeddable":true,"href":"https:\/\/goelette.ca\/en\/wp-json\/wp\/v2\/product_tag?post=278709"},{"taxonomy":"maison_dedition","embeddable":true,"href":"https:\/\/goelette.ca\/en\/wp-json\/wp\/v2\/maison_dedition?post=278709"}],"curies":[{"name":"wp","href":"https:\/\/api.w.org\/{rel}","templated":true}]}}