{"id":278707,"date":"2025-10-31T09:11:54","date_gmt":"2025-10-31T13:11:54","guid":{"rendered":"https:\/\/goelette.ca\/?post_type=product&#038;p=278707"},"modified":"2026-01-13T09:21:48","modified_gmt":"2026-01-13T14:21:48","slug":"beau-dommage-cest-ben-grave-dans-ma-memoire","status":"publish","type":"product","link":"https:\/\/goelette.ca\/en\/tous-les-livres\/beau-dommage-cest-ben-grave-dans-ma-memoire\/","title":{"rendered":"Beau Dommage &#8211; C&#8217;est ben grav\u00e9 dans ma m\u00e9moire"},"content":{"rendered":"<p>Les \u00c9ditions les Malins sont heureux de vous pr\u00e9senter une musicographie compl\u00e8te et tout en couleur consacr\u00e9e \u00e0 Beau Dommage, v\u00e9ritable ic\u00f4ne de la musique qu\u00e9b\u00e9coise. Depuis 50 ans, le groupe a su capturer l\u2019\u00e2me de Montr\u00e9al et du Qu\u00e9bec tout entier!<\/p>\n<p>Sous la plume juste et quasi encyclop\u00e9dique du journaliste culturel Jean-Fran\u00e7ois Brassard et avec la participation g\u00e9n\u00e9reuse de tous les membres du groupe, ce livre retrace chaque chapitre de leur histoire : des d\u00e9buts \u00e0 La Quenouille Bleue aux carri\u00e8res solos, en passant par les retrouvailles triomphales. La femme et les six hommes qui ont marqu\u00e9 durablement l\u2019histoire de la musique qu\u00e9b\u00e9coise se livrent ici \u00e0 c\u0153ur ouvert, sans scrupules ni complexes, afin de revenir sur cinquante ans de carri\u00e8re, d\u2019amiti\u00e9 et de cr\u00e9ation collective. Les lecteurs y trouveront aussi les t\u00e9moignages de nombreuses personnalit\u00e9s artistiques, r\u00e9v\u00e9lant l\u2019influence profonde de Beau Dommage sur leurs<br \/>\npropres \u0153uvres.<\/p>\n<p>Illustr\u00e9 de centaines de photos souvenirs, d\u2019articles d\u2019\u00e9poque et d\u2019archives in\u00e9dites \u2013 tir\u00e9es des collections personnelles des membres et des m\u00e9dias qu\u00e9b\u00e9cois \u2013, le livre propose un voyage visuel \u00e0 travers l\u2019histoire du groupe et du Qu\u00e9bec des cinq derni\u00e8res d\u00e9cennies. Ce mat\u00e9riel rare et authentique fait de chaque page un document vivant.<\/p>\n<p>Destin\u00e9 aux fans comme aux lecteurs curieux, cet ouvrage se veut un reflet fid\u00e8le du groupe et de l\u2019influence que sa musique a eue sur son \u00e9poque.<\/p>\n<p><strong>Pr\u00e9face de Jean-Fran\u00e7ois Pauz\u00e9<\/strong><\/p>\n","protected":false},"excerpt":{"rendered":"<p>Les \u00c9ditions les Malins sont heureux de vous pr\u00e9senter une musicographie compl\u00e8te et tout en couleur consacr\u00e9e \u00e0 Beau Dommage, v\u00e9ritable ic\u00f4ne de la musique qu\u00e9b\u00e9coise. Depuis 50 ans, le groupe a su capturer l\u2019\u00e2me de Montr\u00e9al et du Qu\u00e9bec tout entier! Sous la plume juste et quasi encyclop\u00e9dique du journaliste culturel Jean-Fran\u00e7ois Brassard et [&hellip;]<\/p>\n","protected":false},"featured_media":278750,"template":"","meta":{"wds_primary_product_brand":0,"wds_primary_product_cat":0,"wds_primary_maison_dedition":0},"product_brand":[],"product_cat":[916,557],"product_tag":[],"maison_dedition":[917],"class_list":{"0":"post-278707","1":"product","2":"type-product","3":"status-publish","4":"has-post-thumbnail","6":"product_cat-biographie","7":"product_cat-pratique","8":"pa_auteur-jean-francois-brassard","9":"maison_dedition-editions-les-malins","11":"first","12":"instock","13":"taxable","14":"shipping-taxable","15":"purchasable","16":"product-type-variable","17":"has-default-attributes"},"bundled_by":[],"bundle_stock_status":"instock","bundle_stock_quantity":null,"bundle_virtual":false,"bundle_layout":"","bundle_add_to_cart_form_location":"","bundle_editable_in_cart":false,"bundle_sold_individually_context":"","bundle_item_grouping":"","bundle_min_size":"","bundle_max_size":"","bundle_price":[],"bundled_items":[],"bundle_sell_ids":[],"acf":[],"_links":{"self":[{"href":"https:\/\/goelette.ca\/en\/wp-json\/wp\/v2\/product\/278707","targetHints":{"allow":["GET"]}}],"collection":[{"href":"https:\/\/goelette.ca\/en\/wp-json\/wp\/v2\/product"}],"about":[{"href":"https:\/\/goelette.ca\/en\/wp-json\/wp\/v2\/types\/product"}],"wp:featuredmedia":[{"embeddable":true,"href":"https:\/\/goelette.ca\/en\/wp-json\/wp\/v2\/media\/278750"}],"wp:attachment":[{"href":"https:\/\/goelette.ca\/en\/wp-json\/wp\/v2\/media?parent=278707"}],"wp:term":[{"taxonomy":"product_brand","embeddable":true,"href":"https:\/\/goelette.ca\/en\/wp-json\/wp\/v2\/product_brand?post=278707"},{"taxonomy":"product_cat","embeddable":true,"href":"https:\/\/goelette.ca\/en\/wp-json\/wp\/v2\/product_cat?post=278707"},{"taxonomy":"product_tag","embeddable":true,"href":"https:\/\/goelette.ca\/en\/wp-json\/wp\/v2\/product_tag?post=278707"},{"taxonomy":"maison_dedition","embeddable":true,"href":"https:\/\/goelette.ca\/en\/wp-json\/wp\/v2\/maison_dedition?post=278707"}],"curies":[{"name":"wp","href":"https:\/\/api.w.org\/{rel}","templated":true}]}}