{"id":278485,"date":"2025-10-29T09:16:22","date_gmt":"2025-10-29T13:16:22","guid":{"rendered":"https:\/\/goelette.ca\/?post_type=product&#038;p=278485"},"modified":"2025-10-29T09:30:16","modified_gmt":"2025-10-29T13:30:16","slug":"lis-et-decouvre-noel","status":"publish","type":"product","link":"https:\/\/goelette.ca\/en\/tous-les-livres\/lis-et-decouvre-noel\/","title":{"rendered":"Lis et d\u00e9couvre No\u00ebl"},"content":{"rendered":"<p>Entre dans l\u2019univers f\u00e9\u00e9rique du temps des F\u00eates\u2009!<\/p>\n<p>Ce coffret combine lecture, casse-t\u00eate et jeu d\u2019assemblage pour un moment magique \u00e0 partager.<\/p>\n","protected":false},"excerpt":{"rendered":"<p>Entre dans l\u2019univers f\u00e9\u00e9rique du temps des F\u00eates\u2009! Ce coffret combine lecture, casse-t\u00eate et jeu d\u2019assemblage pour un moment magique \u00e0 partager.<\/p>\n","protected":false},"featured_media":278488,"template":"","meta":{"wds_primary_product_brand":0,"wds_primary_product_cat":0,"wds_primary_maison_dedition":0},"product_brand":[],"product_cat":[560,555,892,662,538,545],"product_tag":[],"maison_dedition":[541],"class_list":{"0":"post-278485","1":"product","2":"type-product","3":"status-publish","4":"has-post-thumbnail","6":"product_cat-3-5-ans","7":"product_cat-6-ans-et-plus","8":"product_cat-casse-tetes","9":"product_cat-coffret-jeunesse","10":"product_cat-jeunesse","11":"product_cat-noel","12":"pa_auteur-collectif","13":"maison_dedition-les-editions-coup-doeil","15":"first","16":"instock","17":"taxable","18":"shipping-taxable","19":"purchasable","20":"product-type-variable"},"bundled_by":[],"bundle_stock_status":"instock","bundle_stock_quantity":null,"bundle_virtual":false,"bundle_layout":"","bundle_add_to_cart_form_location":"","bundle_editable_in_cart":false,"bundle_sold_individually_context":"","bundle_item_grouping":"","bundle_min_size":"","bundle_max_size":"","bundle_price":[],"bundled_items":[],"bundle_sell_ids":[],"acf":[],"_links":{"self":[{"href":"https:\/\/goelette.ca\/en\/wp-json\/wp\/v2\/product\/278485","targetHints":{"allow":["GET"]}}],"collection":[{"href":"https:\/\/goelette.ca\/en\/wp-json\/wp\/v2\/product"}],"about":[{"href":"https:\/\/goelette.ca\/en\/wp-json\/wp\/v2\/types\/product"}],"wp:featuredmedia":[{"embeddable":true,"href":"https:\/\/goelette.ca\/en\/wp-json\/wp\/v2\/media\/278488"}],"wp:attachment":[{"href":"https:\/\/goelette.ca\/en\/wp-json\/wp\/v2\/media?parent=278485"}],"wp:term":[{"taxonomy":"product_brand","embeddable":true,"href":"https:\/\/goelette.ca\/en\/wp-json\/wp\/v2\/product_brand?post=278485"},{"taxonomy":"product_cat","embeddable":true,"href":"https:\/\/goelette.ca\/en\/wp-json\/wp\/v2\/product_cat?post=278485"},{"taxonomy":"product_tag","embeddable":true,"href":"https:\/\/goelette.ca\/en\/wp-json\/wp\/v2\/product_tag?post=278485"},{"taxonomy":"maison_dedition","embeddable":true,"href":"https:\/\/goelette.ca\/en\/wp-json\/wp\/v2\/maison_dedition?post=278485"}],"curies":[{"name":"wp","href":"https:\/\/api.w.org\/{rel}","templated":true}]}}