{"id":278479,"date":"2025-10-29T08:53:36","date_gmt":"2025-10-29T12:53:36","guid":{"rendered":"https:\/\/goelette.ca\/?post_type=product&#038;p=278479"},"modified":"2025-11-06T13:18:55","modified_gmt":"2025-11-06T18:18:55","slug":"japprends-les-mots-avec-les-pompiers-2","status":"publish","type":"product","link":"https:\/\/goelette.ca\/en\/tous-les-livres\/japprends-les-mots-avec-les-pompiers-2\/","title":{"rendered":"J&#8217;apprends les mots avec les pompiers"},"content":{"rendered":"<p>D\u00e9couvre des bo\u00eetes magnifiques contenant chacune un livre de 10 pages, un casse-t\u00eate de 40 pi\u00e8ces et des figures pr\u00e9d\u00e9coup\u00e9es \u00e0 assembler.<\/p>\n","protected":false},"excerpt":{"rendered":"<p>D\u00e9couvre des bo\u00eetes magnifiques contenant chacune un livre de 10 pages, un casse-t\u00eate de 40 pi\u00e8ces et des figures pr\u00e9d\u00e9coup\u00e9es \u00e0 assembler.<\/p>\n","protected":false},"featured_media":278483,"template":"","meta":{"wds_primary_product_brand":0,"wds_primary_product_cat":0,"wds_primary_maison_dedition":0},"product_brand":[],"product_cat":[560,555,892,662,538],"product_tag":[],"maison_dedition":[541],"class_list":{"0":"post-278479","1":"product","2":"type-product","3":"status-publish","4":"has-post-thumbnail","6":"product_cat-3-5-ans","7":"product_cat-6-ans-et-plus","8":"product_cat-casse-tetes","9":"product_cat-coffret-jeunesse","10":"product_cat-jeunesse","11":"pa_auteur-collectif","12":"maison_dedition-les-editions-coup-doeil","14":"first","15":"instock","16":"taxable","17":"shipping-taxable","18":"purchasable","19":"product-type-variable"},"bundled_by":[],"bundle_stock_status":"instock","bundle_stock_quantity":null,"bundle_virtual":false,"bundle_layout":"","bundle_add_to_cart_form_location":"","bundle_editable_in_cart":false,"bundle_sold_individually_context":"","bundle_item_grouping":"","bundle_min_size":"","bundle_max_size":"","bundle_price":[],"bundled_items":[],"bundle_sell_ids":[],"acf":[],"_links":{"self":[{"href":"https:\/\/goelette.ca\/en\/wp-json\/wp\/v2\/product\/278479","targetHints":{"allow":["GET"]}}],"collection":[{"href":"https:\/\/goelette.ca\/en\/wp-json\/wp\/v2\/product"}],"about":[{"href":"https:\/\/goelette.ca\/en\/wp-json\/wp\/v2\/types\/product"}],"wp:featuredmedia":[{"embeddable":true,"href":"https:\/\/goelette.ca\/en\/wp-json\/wp\/v2\/media\/278483"}],"wp:attachment":[{"href":"https:\/\/goelette.ca\/en\/wp-json\/wp\/v2\/media?parent=278479"}],"wp:term":[{"taxonomy":"product_brand","embeddable":true,"href":"https:\/\/goelette.ca\/en\/wp-json\/wp\/v2\/product_brand?post=278479"},{"taxonomy":"product_cat","embeddable":true,"href":"https:\/\/goelette.ca\/en\/wp-json\/wp\/v2\/product_cat?post=278479"},{"taxonomy":"product_tag","embeddable":true,"href":"https:\/\/goelette.ca\/en\/wp-json\/wp\/v2\/product_tag?post=278479"},{"taxonomy":"maison_dedition","embeddable":true,"href":"https:\/\/goelette.ca\/en\/wp-json\/wp\/v2\/maison_dedition?post=278479"}],"curies":[{"name":"wp","href":"https:\/\/api.w.org\/{rel}","templated":true}]}}