{"id":278320,"date":"2025-11-21T11:21:13","date_gmt":"2025-11-21T16:21:13","guid":{"rendered":"https:\/\/goelette.ca\/?post_type=product&#038;p=278320"},"modified":"2025-11-24T14:30:56","modified_gmt":"2025-11-24T19:30:56","slug":"livre-a-toucher-petit-ecureuil-et-ses-amis-de-la-foret","status":"publish","type":"product","link":"https:\/\/goelette.ca\/en\/tous-les-livres\/livre-a-toucher-petit-ecureuil-et-ses-amis-de-la-foret\/","title":{"rendered":"Livre \u00e0 toucher &#8211; Petit \u00e9cureuil et ses amis de la for\u00eat"},"content":{"rendered":"<p class=\"p2\" style=\"text-align: center;\">Rejoins Petit \u00e9cureuil dans ses aventures pour rencontrer ses amis et leur parent. Explore la for\u00eat avec lui.<\/p>\n","protected":false},"excerpt":{"rendered":"<p>Rejoins Petit \u00e9cureuil dans ses aventures pour rencontrer ses amis et leur parent. Explore la for\u00eat avec lui.<\/p>\n","protected":false},"featured_media":278323,"template":"","meta":{"wds_primary_product_brand":0,"wds_primary_product_cat":0,"wds_primary_maison_dedition":0},"product_brand":[],"product_cat":[560,538,544,667],"product_tag":[],"maison_dedition":[541],"class_list":{"0":"post-278320","1":"product","2":"type-product","3":"status-publish","4":"has-post-thumbnail","6":"product_cat-3-5-ans","7":"product_cat-jeunesse","8":"product_cat-livres-a-toucher","9":"product_cat-livres-tout-carton","10":"pa_auteur-collectif","11":"maison_dedition-les-editions-coup-doeil","13":"first","14":"instock","15":"taxable","16":"shipping-taxable","17":"purchasable","18":"product-type-variable","19":"has-default-attributes"},"bundled_by":[],"bundle_stock_status":"instock","bundle_stock_quantity":null,"bundle_virtual":false,"bundle_layout":"","bundle_add_to_cart_form_location":"","bundle_editable_in_cart":false,"bundle_sold_individually_context":"","bundle_item_grouping":"","bundle_min_size":"","bundle_max_size":"","bundle_price":[],"bundled_items":[],"bundle_sell_ids":[],"acf":[],"_links":{"self":[{"href":"https:\/\/goelette.ca\/en\/wp-json\/wp\/v2\/product\/278320","targetHints":{"allow":["GET"]}}],"collection":[{"href":"https:\/\/goelette.ca\/en\/wp-json\/wp\/v2\/product"}],"about":[{"href":"https:\/\/goelette.ca\/en\/wp-json\/wp\/v2\/types\/product"}],"wp:featuredmedia":[{"embeddable":true,"href":"https:\/\/goelette.ca\/en\/wp-json\/wp\/v2\/media\/278323"}],"wp:attachment":[{"href":"https:\/\/goelette.ca\/en\/wp-json\/wp\/v2\/media?parent=278320"}],"wp:term":[{"taxonomy":"product_brand","embeddable":true,"href":"https:\/\/goelette.ca\/en\/wp-json\/wp\/v2\/product_brand?post=278320"},{"taxonomy":"product_cat","embeddable":true,"href":"https:\/\/goelette.ca\/en\/wp-json\/wp\/v2\/product_cat?post=278320"},{"taxonomy":"product_tag","embeddable":true,"href":"https:\/\/goelette.ca\/en\/wp-json\/wp\/v2\/product_tag?post=278320"},{"taxonomy":"maison_dedition","embeddable":true,"href":"https:\/\/goelette.ca\/en\/wp-json\/wp\/v2\/maison_dedition?post=278320"}],"curies":[{"name":"wp","href":"https:\/\/api.w.org\/{rel}","templated":true}]}}