{"id":27750,"date":"2022-03-24T14:27:27","date_gmt":"2022-03-24T18:27:27","guid":{"rendered":"https:\/\/www.goelette.ca\/?post_type=product&#038;p=27750"},"modified":"2022-03-24T14:28:45","modified_gmt":"2022-03-24T18:28:45","slug":"mes-jeux-mots-caches-2","status":"publish","type":"product","link":"https:\/\/goelette.ca\/en\/tous-les-livres\/mes-jeux-mots-caches-2\/","title":{"rendered":"Mes jeux &#8211; Mots cach\u00e9s 2"},"content":{"rendered":"<p>Amuse-toi avec ces mots cach\u00e9s cr\u00e9\u00e9s sp\u00e9cialement pour les jeunes amateurs de jeux !<\/p>\n","protected":false},"excerpt":{"rendered":"<p>Amuse-toi avec ces mots cach\u00e9s cr\u00e9\u00e9s sp\u00e9cialement pour les jeunes amateurs de jeux !<\/p>\n","protected":false},"featured_media":27752,"template":"","meta":{"wds_primary_product_brand":0,"wds_primary_product_cat":0,"wds_primary_maison_dedition":0},"product_brand":[],"product_cat":[626,566,608],"product_tag":[],"maison_dedition":[541],"class_list":{"0":"post-27750","1":"product","2":"type-product","3":"status-publish","4":"has-post-thumbnail","6":"product_cat-jeunesse-livres-de-jeux","7":"product_cat-livres-de-jeux","8":"product_cat-mots-caches","9":"pa_auteur-collectif","10":"maison_dedition-les-editions-coup-doeil","12":"first","13":"instock","14":"taxable","15":"shipping-taxable","16":"purchasable","17":"product-type-variable"},"bundled_by":[],"bundle_stock_status":"instock","bundle_stock_quantity":null,"bundle_virtual":false,"bundle_layout":"","bundle_add_to_cart_form_location":"","bundle_editable_in_cart":false,"bundle_sold_individually_context":"","bundle_item_grouping":"","bundle_min_size":"","bundle_max_size":"","bundle_price":[],"bundled_items":[],"bundle_sell_ids":[],"acf":[],"_links":{"self":[{"href":"https:\/\/goelette.ca\/en\/wp-json\/wp\/v2\/product\/27750","targetHints":{"allow":["GET"]}}],"collection":[{"href":"https:\/\/goelette.ca\/en\/wp-json\/wp\/v2\/product"}],"about":[{"href":"https:\/\/goelette.ca\/en\/wp-json\/wp\/v2\/types\/product"}],"wp:featuredmedia":[{"embeddable":true,"href":"https:\/\/goelette.ca\/en\/wp-json\/wp\/v2\/media\/27752"}],"wp:attachment":[{"href":"https:\/\/goelette.ca\/en\/wp-json\/wp\/v2\/media?parent=27750"}],"wp:term":[{"taxonomy":"product_brand","embeddable":true,"href":"https:\/\/goelette.ca\/en\/wp-json\/wp\/v2\/product_brand?post=27750"},{"taxonomy":"product_cat","embeddable":true,"href":"https:\/\/goelette.ca\/en\/wp-json\/wp\/v2\/product_cat?post=27750"},{"taxonomy":"product_tag","embeddable":true,"href":"https:\/\/goelette.ca\/en\/wp-json\/wp\/v2\/product_tag?post=27750"},{"taxonomy":"maison_dedition","embeddable":true,"href":"https:\/\/goelette.ca\/en\/wp-json\/wp\/v2\/maison_dedition?post=27750"}],"curies":[{"name":"wp","href":"https:\/\/api.w.org\/{rel}","templated":true}]}}