{"id":27740,"date":"2022-03-24T14:20:51","date_gmt":"2022-03-24T18:20:51","guid":{"rendered":"https:\/\/www.goelette.ca\/?post_type=product&#038;p=27740"},"modified":"2022-03-24T14:22:57","modified_gmt":"2022-03-24T18:22:57","slug":"mes-jeux-mots-croises","status":"publish","type":"product","link":"https:\/\/goelette.ca\/en\/tous-les-livres\/mes-jeux-mots-croises\/","title":{"rendered":"Mes jeux &#8211; Mots crois\u00e9s"},"content":{"rendered":"<p>Amuse-toi avec ces mots crois\u00e9s cr\u00e9\u00e9s sp\u00e9cialement pour les jeunes amateurs de jeux !<\/p>\n","protected":false},"excerpt":{"rendered":"<p>Amuse-toi avec ces mots crois\u00e9s cr\u00e9\u00e9s sp\u00e9cialement pour les jeunes amateurs de jeux !<\/p>\n","protected":false},"featured_media":27744,"template":"","meta":{"wds_primary_product_brand":0,"wds_primary_product_cat":0,"wds_primary_maison_dedition":0},"product_brand":[],"product_cat":[626,566,629],"product_tag":[],"maison_dedition":[541],"class_list":{"0":"post-27740","1":"product","2":"type-product","3":"status-publish","4":"has-post-thumbnail","6":"product_cat-jeunesse-livres-de-jeux","7":"product_cat-livres-de-jeux","8":"product_cat-mots-croises","9":"pa_auteur-collectif","10":"maison_dedition-les-editions-coup-doeil","12":"first","13":"instock","14":"taxable","15":"shipping-taxable","16":"purchasable","17":"product-type-variable"},"bundled_by":[],"bundle_stock_status":"instock","bundle_stock_quantity":null,"bundle_virtual":false,"bundle_layout":"","bundle_add_to_cart_form_location":"","bundle_editable_in_cart":false,"bundle_sold_individually_context":"","bundle_item_grouping":"","bundle_min_size":"","bundle_max_size":"","bundle_price":[],"bundled_items":[],"bundle_sell_ids":[],"acf":[],"_links":{"self":[{"href":"https:\/\/goelette.ca\/en\/wp-json\/wp\/v2\/product\/27740","targetHints":{"allow":["GET"]}}],"collection":[{"href":"https:\/\/goelette.ca\/en\/wp-json\/wp\/v2\/product"}],"about":[{"href":"https:\/\/goelette.ca\/en\/wp-json\/wp\/v2\/types\/product"}],"wp:featuredmedia":[{"embeddable":true,"href":"https:\/\/goelette.ca\/en\/wp-json\/wp\/v2\/media\/27744"}],"wp:attachment":[{"href":"https:\/\/goelette.ca\/en\/wp-json\/wp\/v2\/media?parent=27740"}],"wp:term":[{"taxonomy":"product_brand","embeddable":true,"href":"https:\/\/goelette.ca\/en\/wp-json\/wp\/v2\/product_brand?post=27740"},{"taxonomy":"product_cat","embeddable":true,"href":"https:\/\/goelette.ca\/en\/wp-json\/wp\/v2\/product_cat?post=27740"},{"taxonomy":"product_tag","embeddable":true,"href":"https:\/\/goelette.ca\/en\/wp-json\/wp\/v2\/product_tag?post=27740"},{"taxonomy":"maison_dedition","embeddable":true,"href":"https:\/\/goelette.ca\/en\/wp-json\/wp\/v2\/maison_dedition?post=27740"}],"curies":[{"name":"wp","href":"https:\/\/api.w.org\/{rel}","templated":true}]}}