{"id":27482,"date":"2022-03-17T14:49:46","date_gmt":"2022-03-17T18:49:46","guid":{"rendered":"https:\/\/www.goelette.ca\/?post_type=product&#038;p=27482"},"modified":"2025-09-03T13:33:44","modified_gmt":"2025-09-03T17:33:44","slug":"un-lutin-mal-en-point-2","status":"publish","type":"product","link":"https:\/\/goelette.ca\/en\/tous-les-livres\/un-lutin-mal-en-point-2\/","title":{"rendered":"Un lutin mal en point"},"content":{"rendered":"<p>Rufus est un lutin tr\u00e8s coquin ! Envoy\u00e9 par le p\u00e8re Noel en mission chez Anna, il imagine d\u00e9j\u00e0 tous les tours qu il va jouer \u00e0 la famille. Mais lorsqu une de ses plaisanteries tourne mal, il se rend compte qu il a bien besoin de l aide de la fillette !<\/p>\n","protected":false},"excerpt":{"rendered":"<p>Rufus est un lutin tr\u00e8s coquin ! Envoy\u00e9 par le p\u00e8re Noel en mission chez Anna, il imagine d\u00e9j\u00e0 tous les tours qu il va jouer \u00e0 la famille. Mais lorsqu une de ses plaisanteries tourne mal, il se rend compte qu il a bien besoin de l aide de la fillette !<\/p>\n","protected":false},"featured_media":264912,"template":"","meta":{"wds_primary_product_brand":0,"wds_primary_product_cat":0,"wds_primary_maison_dedition":0},"product_brand":[],"product_cat":[560,578,538],"product_tag":[],"maison_dedition":[541,584],"class_list":{"0":"post-27482","1":"product","2":"type-product","3":"status-publish","4":"has-post-thumbnail","6":"product_cat-3-5-ans","7":"product_cat-albums-illustres","8":"product_cat-jeunesse","9":"pa_auteur-maude-iris-hamelin-ouellette","10":"pa_illustrateur-adora","11":"maison_dedition-les-editions-coup-doeil","12":"maison_dedition-petites-lectures","14":"first","15":"instock","16":"taxable","17":"shipping-taxable","18":"purchasable","19":"product-type-variable","20":"has-default-attributes"},"bundled_by":[],"bundle_stock_status":"instock","bundle_stock_quantity":null,"bundle_virtual":false,"bundle_layout":"","bundle_add_to_cart_form_location":"","bundle_editable_in_cart":false,"bundle_sold_individually_context":"","bundle_item_grouping":"","bundle_min_size":"","bundle_max_size":"","bundle_price":[],"bundled_items":[],"bundle_sell_ids":[],"acf":[],"_links":{"self":[{"href":"https:\/\/goelette.ca\/en\/wp-json\/wp\/v2\/product\/27482","targetHints":{"allow":["GET"]}}],"collection":[{"href":"https:\/\/goelette.ca\/en\/wp-json\/wp\/v2\/product"}],"about":[{"href":"https:\/\/goelette.ca\/en\/wp-json\/wp\/v2\/types\/product"}],"wp:featuredmedia":[{"embeddable":true,"href":"https:\/\/goelette.ca\/en\/wp-json\/wp\/v2\/media\/264912"}],"wp:attachment":[{"href":"https:\/\/goelette.ca\/en\/wp-json\/wp\/v2\/media?parent=27482"}],"wp:term":[{"taxonomy":"product_brand","embeddable":true,"href":"https:\/\/goelette.ca\/en\/wp-json\/wp\/v2\/product_brand?post=27482"},{"taxonomy":"product_cat","embeddable":true,"href":"https:\/\/goelette.ca\/en\/wp-json\/wp\/v2\/product_cat?post=27482"},{"taxonomy":"product_tag","embeddable":true,"href":"https:\/\/goelette.ca\/en\/wp-json\/wp\/v2\/product_tag?post=27482"},{"taxonomy":"maison_dedition","embeddable":true,"href":"https:\/\/goelette.ca\/en\/wp-json\/wp\/v2\/maison_dedition?post=27482"}],"curies":[{"name":"wp","href":"https:\/\/api.w.org\/{rel}","templated":true}]}}