{"id":27461,"date":"2022-03-17T14:32:00","date_gmt":"2022-03-17T18:32:00","guid":{"rendered":"https:\/\/www.goelette.ca\/?post_type=product&#038;p=27461"},"modified":"2022-03-17T14:34:44","modified_gmt":"2022-03-17T18:34:44","slug":"devinettes-a-la-ferme","status":"publish","type":"product","link":"https:\/\/goelette.ca\/en\/tous-les-livres\/devinettes-a-la-ferme\/","title":{"rendered":"Devinettes \u00e0 la ferme"},"content":{"rendered":"<p>Le premier livre de b\u00e9b\u00e9 avec de dr\u00f4les<br \/>\nde devinettes pour d\u00e9couvrir les animaux !<\/p>\n","protected":false},"excerpt":{"rendered":"<p>Le premier livre de b\u00e9b\u00e9 avec de dr\u00f4les de devinettes pour d\u00e9couvrir les animaux !<\/p>\n","protected":false},"featured_media":27463,"template":"","meta":{"wds_primary_product_brand":0,"wds_primary_product_cat":0,"wds_primary_maison_dedition":0},"product_brand":[],"product_cat":[540,538,667],"product_tag":[],"maison_dedition":[541],"class_list":{"0":"post-27461","1":"product","2":"type-product","3":"status-publish","4":"has-post-thumbnail","6":"product_cat-0-2-ans","7":"product_cat-jeunesse","8":"product_cat-livres-tout-carton","9":"maison_dedition-les-editions-coup-doeil","11":"first","12":"instock","13":"taxable","14":"shipping-taxable","15":"purchasable","16":"product-type-variable"},"bundled_by":[],"bundle_stock_status":"instock","bundle_stock_quantity":null,"bundle_virtual":false,"bundle_layout":"","bundle_add_to_cart_form_location":"","bundle_editable_in_cart":false,"bundle_sold_individually_context":"","bundle_item_grouping":"","bundle_min_size":"","bundle_max_size":"","bundle_price":[],"bundled_items":[],"bundle_sell_ids":[],"acf":[],"_links":{"self":[{"href":"https:\/\/goelette.ca\/en\/wp-json\/wp\/v2\/product\/27461","targetHints":{"allow":["GET"]}}],"collection":[{"href":"https:\/\/goelette.ca\/en\/wp-json\/wp\/v2\/product"}],"about":[{"href":"https:\/\/goelette.ca\/en\/wp-json\/wp\/v2\/types\/product"}],"wp:featuredmedia":[{"embeddable":true,"href":"https:\/\/goelette.ca\/en\/wp-json\/wp\/v2\/media\/27463"}],"wp:attachment":[{"href":"https:\/\/goelette.ca\/en\/wp-json\/wp\/v2\/media?parent=27461"}],"wp:term":[{"taxonomy":"product_brand","embeddable":true,"href":"https:\/\/goelette.ca\/en\/wp-json\/wp\/v2\/product_brand?post=27461"},{"taxonomy":"product_cat","embeddable":true,"href":"https:\/\/goelette.ca\/en\/wp-json\/wp\/v2\/product_cat?post=27461"},{"taxonomy":"product_tag","embeddable":true,"href":"https:\/\/goelette.ca\/en\/wp-json\/wp\/v2\/product_tag?post=27461"},{"taxonomy":"maison_dedition","embeddable":true,"href":"https:\/\/goelette.ca\/en\/wp-json\/wp\/v2\/maison_dedition?post=27461"}],"curies":[{"name":"wp","href":"https:\/\/api.w.org\/{rel}","templated":true}]}}