{"id":27457,"date":"2022-03-17T14:22:54","date_gmt":"2022-03-17T18:22:54","guid":{"rendered":"https:\/\/www.goelette.ca\/?post_type=product&#038;p=27457"},"modified":"2023-11-01T08:12:46","modified_gmt":"2023-11-01T12:12:46","slug":"lingredient-manquant","status":"publish","type":"product","link":"https:\/\/goelette.ca\/en\/tous-les-livres\/lingredient-manquant\/","title":{"rendered":"L&#8217;ingr\u00e9dient manquant"},"content":{"rendered":"<p>Il manque un ingr\u00e9dient \u00e0 \u00c9lodie pour qu\u2019elle puisse terminer sa potion.<\/p>\n<p>Que fera-t-elle ?<\/p>\n","protected":false},"excerpt":{"rendered":"<p>Il manque un ingr\u00e9dient \u00e0 \u00c9lodie pour qu\u2019elle puisse terminer sa potion. Que fera-t-elle ?<\/p>\n","protected":false},"featured_media":40434,"template":"","meta":{"wds_primary_product_brand":0,"wds_primary_product_cat":0,"wds_primary_maison_dedition":0},"product_brand":[],"product_cat":[560,625,538,667],"product_tag":[],"maison_dedition":[541],"class_list":{"0":"post-27457","1":"product","2":"type-product","3":"status-publish","4":"has-post-thumbnail","6":"product_cat-3-5-ans","7":"product_cat-halloween","8":"product_cat-jeunesse","9":"product_cat-livres-tout-carton","10":"pa_auteur-valerie-gagne","11":"maison_dedition-les-editions-coup-doeil","13":"first","14":"instock","15":"taxable","16":"shipping-taxable","17":"purchasable","18":"product-type-variable"},"bundled_by":[],"bundle_stock_status":"instock","bundle_stock_quantity":null,"bundle_virtual":false,"bundle_layout":"","bundle_add_to_cart_form_location":"","bundle_editable_in_cart":false,"bundle_sold_individually_context":"","bundle_item_grouping":"","bundle_min_size":"","bundle_max_size":"","bundle_price":[],"bundled_items":[],"bundle_sell_ids":[],"acf":[],"_links":{"self":[{"href":"https:\/\/goelette.ca\/en\/wp-json\/wp\/v2\/product\/27457","targetHints":{"allow":["GET"]}}],"collection":[{"href":"https:\/\/goelette.ca\/en\/wp-json\/wp\/v2\/product"}],"about":[{"href":"https:\/\/goelette.ca\/en\/wp-json\/wp\/v2\/types\/product"}],"wp:featuredmedia":[{"embeddable":true,"href":"https:\/\/goelette.ca\/en\/wp-json\/wp\/v2\/media\/40434"}],"wp:attachment":[{"href":"https:\/\/goelette.ca\/en\/wp-json\/wp\/v2\/media?parent=27457"}],"wp:term":[{"taxonomy":"product_brand","embeddable":true,"href":"https:\/\/goelette.ca\/en\/wp-json\/wp\/v2\/product_brand?post=27457"},{"taxonomy":"product_cat","embeddable":true,"href":"https:\/\/goelette.ca\/en\/wp-json\/wp\/v2\/product_cat?post=27457"},{"taxonomy":"product_tag","embeddable":true,"href":"https:\/\/goelette.ca\/en\/wp-json\/wp\/v2\/product_tag?post=27457"},{"taxonomy":"maison_dedition","embeddable":true,"href":"https:\/\/goelette.ca\/en\/wp-json\/wp\/v2\/maison_dedition?post=27457"}],"curies":[{"name":"wp","href":"https:\/\/api.w.org\/{rel}","templated":true}]}}