{"id":27335,"date":"2022-03-16T15:00:19","date_gmt":"2022-03-16T19:00:19","guid":{"rendered":"https:\/\/www.goelette.ca\/?post_type=product&#038;p=27335"},"modified":"2022-09-15T16:15:05","modified_gmt":"2022-09-15T20:15:05","slug":"peinture-a-leau-monde-merveilleux-1","status":"publish","type":"product","link":"https:\/\/goelette.ca\/en\/tous-les-livres\/peinture-a-leau-monde-merveilleux-1\/","title":{"rendered":"Peinture \u00e0 l&#8217;eau &#8211; Monde merveilleux 1"},"content":{"rendered":"<p>Gr\u00e2ce \u00e0 un peu d&#8217;eau et un simple coup de pinceau, donne vie \u00e0 ces mythiques personnages et cr\u00e9atures. Voyage dans un monde fabuleux.<\/p>\n","protected":false},"excerpt":{"rendered":"<p>Gr\u00e2ce \u00e0 un peu d&#8217;eau et un simple coup de pinceau, donne vie \u00e0 ces mythiques personnages et cr\u00e9atures. Voyage dans un monde fabuleux.<\/p>\n","protected":false},"featured_media":27337,"template":"","meta":{"wds_primary_product_brand":0,"wds_primary_product_cat":0,"wds_primary_maison_dedition":0},"product_brand":[],"product_cat":[538,611],"product_tag":[],"maison_dedition":[541],"class_list":{"0":"post-27335","1":"product","2":"type-product","3":"status-publish","4":"has-post-thumbnail","6":"product_cat-jeunesse","7":"product_cat-peinture-a-leau","8":"pa_auteur-collectif","9":"maison_dedition-les-editions-coup-doeil","11":"first","12":"instock","13":"taxable","14":"shipping-taxable","15":"purchasable","16":"product-type-variable"},"bundled_by":[],"bundle_stock_status":"instock","bundle_stock_quantity":null,"bundle_virtual":false,"bundle_layout":"","bundle_add_to_cart_form_location":"","bundle_editable_in_cart":false,"bundle_sold_individually_context":"","bundle_item_grouping":"","bundle_min_size":"","bundle_max_size":"","bundle_price":[],"bundled_items":[],"bundle_sell_ids":[],"acf":[],"_links":{"self":[{"href":"https:\/\/goelette.ca\/en\/wp-json\/wp\/v2\/product\/27335","targetHints":{"allow":["GET"]}}],"collection":[{"href":"https:\/\/goelette.ca\/en\/wp-json\/wp\/v2\/product"}],"about":[{"href":"https:\/\/goelette.ca\/en\/wp-json\/wp\/v2\/types\/product"}],"wp:featuredmedia":[{"embeddable":true,"href":"https:\/\/goelette.ca\/en\/wp-json\/wp\/v2\/media\/27337"}],"wp:attachment":[{"href":"https:\/\/goelette.ca\/en\/wp-json\/wp\/v2\/media?parent=27335"}],"wp:term":[{"taxonomy":"product_brand","embeddable":true,"href":"https:\/\/goelette.ca\/en\/wp-json\/wp\/v2\/product_brand?post=27335"},{"taxonomy":"product_cat","embeddable":true,"href":"https:\/\/goelette.ca\/en\/wp-json\/wp\/v2\/product_cat?post=27335"},{"taxonomy":"product_tag","embeddable":true,"href":"https:\/\/goelette.ca\/en\/wp-json\/wp\/v2\/product_tag?post=27335"},{"taxonomy":"maison_dedition","embeddable":true,"href":"https:\/\/goelette.ca\/en\/wp-json\/wp\/v2\/maison_dedition?post=27335"}],"curies":[{"name":"wp","href":"https:\/\/api.w.org\/{rel}","templated":true}]}}