{"id":27329,"date":"2022-03-16T14:50:43","date_gmt":"2022-03-16T18:50:43","guid":{"rendered":"https:\/\/www.goelette.ca\/?post_type=product&#038;p=27329"},"modified":"2022-05-03T09:06:36","modified_gmt":"2022-05-03T13:06:36","slug":"un-drole-de-rocher","status":"publish","type":"product","link":"https:\/\/goelette.ca\/en\/tous-les-livres\/un-drole-de-rocher\/","title":{"rendered":"Un dr\u00f4le de rocher"},"content":{"rendered":"<p>En rentrant chez lui, Nico d\u00e9couvre un dr\u00f4le de rocher. De quoi s\u2019agit-il ?<\/p>\n","protected":false},"excerpt":{"rendered":"<p>En rentrant chez lui, Nico d\u00e9couvre un dr\u00f4le de rocher. De quoi s\u2019agit-il ?<\/p>\n","protected":false},"featured_media":27331,"template":"","meta":{"wds_primary_product_brand":0,"wds_primary_product_cat":0,"wds_primary_maison_dedition":0},"product_brand":[],"product_cat":[560,538,667],"product_tag":[],"maison_dedition":[541],"class_list":{"0":"post-27329","1":"product","2":"type-product","3":"status-publish","4":"has-post-thumbnail","6":"product_cat-3-5-ans","7":"product_cat-jeunesse","8":"product_cat-livres-tout-carton","9":"pa_auteur-valerie-gagne","10":"maison_dedition-les-editions-coup-doeil","12":"first","13":"instock","14":"taxable","15":"shipping-taxable","16":"purchasable","17":"product-type-variable"},"bundled_by":[],"bundle_stock_status":"instock","bundle_stock_quantity":null,"bundle_virtual":false,"bundle_layout":"","bundle_add_to_cart_form_location":"","bundle_editable_in_cart":false,"bundle_sold_individually_context":"","bundle_item_grouping":"","bundle_min_size":"","bundle_max_size":"","bundle_price":[],"bundled_items":[],"bundle_sell_ids":[],"acf":[],"_links":{"self":[{"href":"https:\/\/goelette.ca\/en\/wp-json\/wp\/v2\/product\/27329","targetHints":{"allow":["GET"]}}],"collection":[{"href":"https:\/\/goelette.ca\/en\/wp-json\/wp\/v2\/product"}],"about":[{"href":"https:\/\/goelette.ca\/en\/wp-json\/wp\/v2\/types\/product"}],"wp:featuredmedia":[{"embeddable":true,"href":"https:\/\/goelette.ca\/en\/wp-json\/wp\/v2\/media\/27331"}],"wp:attachment":[{"href":"https:\/\/goelette.ca\/en\/wp-json\/wp\/v2\/media?parent=27329"}],"wp:term":[{"taxonomy":"product_brand","embeddable":true,"href":"https:\/\/goelette.ca\/en\/wp-json\/wp\/v2\/product_brand?post=27329"},{"taxonomy":"product_cat","embeddable":true,"href":"https:\/\/goelette.ca\/en\/wp-json\/wp\/v2\/product_cat?post=27329"},{"taxonomy":"product_tag","embeddable":true,"href":"https:\/\/goelette.ca\/en\/wp-json\/wp\/v2\/product_tag?post=27329"},{"taxonomy":"maison_dedition","embeddable":true,"href":"https:\/\/goelette.ca\/en\/wp-json\/wp\/v2\/maison_dedition?post=27329"}],"curies":[{"name":"wp","href":"https:\/\/api.w.org\/{rel}","templated":true}]}}