{"id":27318,"date":"2022-03-16T14:35:11","date_gmt":"2022-03-16T18:35:11","guid":{"rendered":"https:\/\/www.goelette.ca\/?post_type=product&#038;p=27318"},"modified":"2022-05-03T09:06:18","modified_gmt":"2022-05-03T13:06:18","slug":"le-cadeau-parfait","status":"publish","type":"product","link":"https:\/\/goelette.ca\/en\/tous-les-livres\/le-cadeau-parfait\/","title":{"rendered":"Le cadeau parfait"},"content":{"rendered":"<p>Lily aimerait tant voir un arc-en-ciel, mais il fait toujours beau l\u00e0 o\u00f9 elle vit. Heureusement, son ami lui r\u00e9serve une surprise !<\/p>\n","protected":false},"excerpt":{"rendered":"<p>Lily aimerait tant voir un arc-en-ciel, mais il fait toujours beau l\u00e0 o\u00f9 elle vit. Heureusement, son ami lui r\u00e9serve une surprise !<\/p>\n","protected":false},"featured_media":27324,"template":"","meta":{"wds_primary_product_brand":0,"wds_primary_product_cat":0,"wds_primary_maison_dedition":0},"product_brand":[],"product_cat":[560,538,667],"product_tag":[],"maison_dedition":[541],"class_list":{"0":"post-27318","1":"product","2":"type-product","3":"status-publish","4":"has-post-thumbnail","6":"product_cat-3-5-ans","7":"product_cat-jeunesse","8":"product_cat-livres-tout-carton","9":"pa_auteur-valerie-gagne","10":"maison_dedition-les-editions-coup-doeil","12":"first","13":"instock","14":"taxable","15":"shipping-taxable","16":"purchasable","17":"product-type-variable"},"bundled_by":[],"bundle_stock_status":"instock","bundle_stock_quantity":null,"bundle_virtual":false,"bundle_layout":"","bundle_add_to_cart_form_location":"","bundle_editable_in_cart":false,"bundle_sold_individually_context":"","bundle_item_grouping":"","bundle_min_size":"","bundle_max_size":"","bundle_price":[],"bundled_items":[],"bundle_sell_ids":[],"acf":[],"_links":{"self":[{"href":"https:\/\/goelette.ca\/en\/wp-json\/wp\/v2\/product\/27318","targetHints":{"allow":["GET"]}}],"collection":[{"href":"https:\/\/goelette.ca\/en\/wp-json\/wp\/v2\/product"}],"about":[{"href":"https:\/\/goelette.ca\/en\/wp-json\/wp\/v2\/types\/product"}],"wp:featuredmedia":[{"embeddable":true,"href":"https:\/\/goelette.ca\/en\/wp-json\/wp\/v2\/media\/27324"}],"wp:attachment":[{"href":"https:\/\/goelette.ca\/en\/wp-json\/wp\/v2\/media?parent=27318"}],"wp:term":[{"taxonomy":"product_brand","embeddable":true,"href":"https:\/\/goelette.ca\/en\/wp-json\/wp\/v2\/product_brand?post=27318"},{"taxonomy":"product_cat","embeddable":true,"href":"https:\/\/goelette.ca\/en\/wp-json\/wp\/v2\/product_cat?post=27318"},{"taxonomy":"product_tag","embeddable":true,"href":"https:\/\/goelette.ca\/en\/wp-json\/wp\/v2\/product_tag?post=27318"},{"taxonomy":"maison_dedition","embeddable":true,"href":"https:\/\/goelette.ca\/en\/wp-json\/wp\/v2\/maison_dedition?post=27318"}],"curies":[{"name":"wp","href":"https:\/\/api.w.org\/{rel}","templated":true}]}}