{"id":27236,"date":"2022-03-15T14:02:37","date_gmt":"2022-03-15T18:02:37","guid":{"rendered":"https:\/\/www.goelette.ca\/?post_type=product&#038;p=27236"},"modified":"2023-11-03T11:29:49","modified_gmt":"2023-11-03T15:29:49","slug":"zone-detente-geante-coloriages","status":"publish","type":"product","link":"https:\/\/goelette.ca\/en\/tous-les-livres\/zone-detente-geante-coloriages\/","title":{"rendered":"Zone d\u00e9tente g\u00e9ante &#8211; Coloriages"},"content":{"rendered":"<p>60 DESSINS INSPIRANTS<\/p>\n<p>Sortez vos crayons de couleur et coloriez des dessins<br \/>\noriginaux aux th\u00e8mes vari\u00e9s pour faire le vide dans votre esprit.<br \/>\nChaque dessin grand format compte de nombreux d\u00e9tails,<br \/>\nde quoi vous immerger dans ce passe-temps cr\u00e9atif et profiter<br \/>\nd\u2019un agr\u00e9able moment de d\u00e9tente.<\/p>\n","protected":false},"excerpt":{"rendered":"<p>60 DESSINS INSPIRANTS Sortez vos crayons de couleur et coloriez des dessins originaux aux th\u00e8mes vari\u00e9s pour faire le vide dans votre esprit. Chaque dessin grand format compte de nombreux d\u00e9tails, de quoi vous immerger dans ce passe-temps cr\u00e9atif et profiter d\u2019un agr\u00e9able moment de d\u00e9tente.<\/p>\n","protected":false},"featured_media":27240,"template":"","meta":{"wds_primary_product_brand":0,"wds_primary_product_cat":0,"wds_primary_maison_dedition":0},"product_brand":[],"product_cat":[567,571,566],"product_tag":[],"maison_dedition":[630,766],"class_list":{"0":"post-27236","1":"product","2":"type-product","3":"status-publish","4":"has-post-thumbnail","6":"product_cat-adulte","7":"product_cat-coloriage","8":"product_cat-livres-de-jeux","9":"pa_auteur-collectif","10":"maison_dedition-les-editions-goelette","11":"maison_dedition-zone-detente","13":"first","14":"instock","15":"taxable","16":"shipping-taxable","17":"purchasable","18":"product-type-variable"},"bundled_by":[],"bundle_stock_status":"instock","bundle_stock_quantity":null,"bundle_virtual":false,"bundle_layout":"","bundle_add_to_cart_form_location":"","bundle_editable_in_cart":false,"bundle_sold_individually_context":"","bundle_item_grouping":"","bundle_min_size":"","bundle_max_size":"","bundle_price":[],"bundled_items":[],"bundle_sell_ids":[],"acf":[],"_links":{"self":[{"href":"https:\/\/goelette.ca\/en\/wp-json\/wp\/v2\/product\/27236","targetHints":{"allow":["GET"]}}],"collection":[{"href":"https:\/\/goelette.ca\/en\/wp-json\/wp\/v2\/product"}],"about":[{"href":"https:\/\/goelette.ca\/en\/wp-json\/wp\/v2\/types\/product"}],"wp:featuredmedia":[{"embeddable":true,"href":"https:\/\/goelette.ca\/en\/wp-json\/wp\/v2\/media\/27240"}],"wp:attachment":[{"href":"https:\/\/goelette.ca\/en\/wp-json\/wp\/v2\/media?parent=27236"}],"wp:term":[{"taxonomy":"product_brand","embeddable":true,"href":"https:\/\/goelette.ca\/en\/wp-json\/wp\/v2\/product_brand?post=27236"},{"taxonomy":"product_cat","embeddable":true,"href":"https:\/\/goelette.ca\/en\/wp-json\/wp\/v2\/product_cat?post=27236"},{"taxonomy":"product_tag","embeddable":true,"href":"https:\/\/goelette.ca\/en\/wp-json\/wp\/v2\/product_tag?post=27236"},{"taxonomy":"maison_dedition","embeddable":true,"href":"https:\/\/goelette.ca\/en\/wp-json\/wp\/v2\/maison_dedition?post=27236"}],"curies":[{"name":"wp","href":"https:\/\/api.w.org\/{rel}","templated":true}]}}