{"id":270572,"date":"2025-10-22T00:01:07","date_gmt":"2025-10-22T04:01:07","guid":{"rendered":"https:\/\/goelette.ca\/?post_type=product&#038;p=270572"},"modified":"2026-02-04T08:19:30","modified_gmt":"2026-02-04T13:19:30","slug":"plaisirs-cocktails-recettes-classiques-modernes-et-creatives","status":"publish","type":"product","link":"https:\/\/goelette.ca\/en\/tous-les-livres\/plaisirs-cocktails-recettes-classiques-modernes-et-creatives\/","title":{"rendered":"Plaisirs cocktails : recettes classiques, modernes et cr\u00e9atives"},"content":{"rendered":"<p>La cr\u00e9atrice de cocktails montr\u00e9alaise Daphn\u00e9e Vary Deshaies vous invite \u00e0 red\u00e9couvrir l\u2019art de la mixologie \u00e0 travers une approche originale en trois temps : revisiter les classiques qui ont marqu\u00e9 l\u2019histoire des bars, explorer des versions contemporaines incontournables, puis oser des cr\u00e9ations innovantes qui \u00e9veilleront vos sens et votre curiosit\u00e9.<\/p>\n<p>Cocktails classiques, variations modernes ou cr\u00e9ations audacieuses\u2026 chaque recette est pens\u00e9e comme une v\u00e9ritable exp\u00e9rience sensorielle. Que vous soyez novice ou passionn\u00e9, ce livre vous promet une r\u00e9elle aventure gustative. Surprenez vos convives avec des cocktails \u00e0 la hauteur de vos ambitions !<\/p>\n","protected":false},"excerpt":{"rendered":"<p>La cr\u00e9atrice de cocktails montr\u00e9alaise Daphn\u00e9e Vary Deshaies vous invite \u00e0 red\u00e9couvrir l\u2019art de la mixologie \u00e0 travers une approche originale en trois temps : revisiter les classiques qui ont marqu\u00e9 l\u2019histoire des bars, explorer des versions contemporaines incontournables, puis oser des cr\u00e9ations innovantes qui \u00e9veilleront vos sens et votre curiosit\u00e9. Cocktails classiques, variations modernes [&hellip;]<\/p>\n","protected":false},"featured_media":270585,"template":"","meta":{"wds_primary_product_brand":0,"wds_primary_product_cat":0,"wds_primary_maison_dedition":0},"product_brand":[],"product_cat":[726,550,557],"product_tag":[],"maison_dedition":[630],"class_list":{"0":"post-270572","1":"product","2":"type-product","3":"status-publish","4":"has-post-thumbnail","6":"product_cat-cuisine-et-saveurs","7":"product_cat-livres-de-cuisine","8":"product_cat-pratique","9":"pa_auteur-daphnee-vary-deshaies","10":"maison_dedition-les-editions-goelette","12":"first","13":"instock","14":"taxable","15":"shipping-taxable","16":"purchasable","17":"product-type-variable","18":"has-default-attributes"},"bundled_by":[],"bundle_stock_status":"instock","bundle_stock_quantity":null,"bundle_virtual":false,"bundle_layout":"","bundle_add_to_cart_form_location":"","bundle_editable_in_cart":false,"bundle_sold_individually_context":"","bundle_item_grouping":"","bundle_min_size":"","bundle_max_size":"","bundle_price":[],"bundled_items":[],"bundle_sell_ids":[],"acf":[],"_links":{"self":[{"href":"https:\/\/goelette.ca\/en\/wp-json\/wp\/v2\/product\/270572","targetHints":{"allow":["GET"]}}],"collection":[{"href":"https:\/\/goelette.ca\/en\/wp-json\/wp\/v2\/product"}],"about":[{"href":"https:\/\/goelette.ca\/en\/wp-json\/wp\/v2\/types\/product"}],"wp:featuredmedia":[{"embeddable":true,"href":"https:\/\/goelette.ca\/en\/wp-json\/wp\/v2\/media\/270585"}],"wp:attachment":[{"href":"https:\/\/goelette.ca\/en\/wp-json\/wp\/v2\/media?parent=270572"}],"wp:term":[{"taxonomy":"product_brand","embeddable":true,"href":"https:\/\/goelette.ca\/en\/wp-json\/wp\/v2\/product_brand?post=270572"},{"taxonomy":"product_cat","embeddable":true,"href":"https:\/\/goelette.ca\/en\/wp-json\/wp\/v2\/product_cat?post=270572"},{"taxonomy":"product_tag","embeddable":true,"href":"https:\/\/goelette.ca\/en\/wp-json\/wp\/v2\/product_tag?post=270572"},{"taxonomy":"maison_dedition","embeddable":true,"href":"https:\/\/goelette.ca\/en\/wp-json\/wp\/v2\/maison_dedition?post=270572"}],"curies":[{"name":"wp","href":"https:\/\/api.w.org\/{rel}","templated":true}]}}