{"id":270090,"date":"2025-10-17T15:03:36","date_gmt":"2025-10-17T19:03:36","guid":{"rendered":"https:\/\/goelette.ca\/?post_type=product&#038;p=270090"},"modified":"2025-10-17T15:10:04","modified_gmt":"2025-10-17T19:10:04","slug":"mes-activites-de-noel-3-5-ans-lutin","status":"publish","type":"product","link":"https:\/\/goelette.ca\/en\/tous-les-livres\/mes-activites-de-noel-3-5-ans-lutin\/","title":{"rendered":"Mes activit\u00e9s de No\u00ebl 3-5 ans (lutin)"},"content":{"rendered":"<p class=\"p1\">Ho ! Ho ! Ho ! Plonge dans la magie de No\u00ebl avec ces activit\u00e9s amusantes pour les 3 \u00e0 5 ans !<\/p>\n<p class=\"p1\">Plus de 50 jeux d\u2019observation, de logique, de lettres, de chiffres et de coloriage t\u2019attendent.<\/p>\n<p class=\"p1\"><strong>En bonus : une feuille d\u2019autocollants festifs !<\/strong><\/p>\n","protected":false},"excerpt":{"rendered":"<p>Ho ! Ho ! Ho ! Plonge dans la magie de No\u00ebl avec ces activit\u00e9s amusantes pour les 3 \u00e0 5 ans ! Plus de 50 jeux d\u2019observation, de logique, de lettres, de chiffres et de coloriage t\u2019attendent. En bonus : une feuille d\u2019autocollants festifs !<\/p>\n","protected":false},"featured_media":270094,"template":"","meta":{"wds_primary_product_brand":0,"wds_primary_product_cat":552,"wds_primary_maison_dedition":0},"product_brand":[],"product_cat":[560,551,570,538,587,566,545],"product_tag":[],"maison_dedition":[541],"class_list":{"0":"post-270090","1":"product","2":"type-product","3":"status-publish","4":"has-post-thumbnail","6":"product_cat-3-5-ans","7":"product_cat-activites","8":"product_cat-activites-livres-de-jeux","9":"product_cat-jeunesse","10":"product_cat-jeux-melanges","11":"product_cat-livres-de-jeux","12":"product_cat-noel","13":"pa_auteur-collectif","14":"maison_dedition-les-editions-coup-doeil","16":"first","17":"instock","18":"taxable","19":"shipping-taxable","20":"purchasable","21":"product-type-variable","22":"has-default-attributes"},"bundled_by":[],"bundle_stock_status":"instock","bundle_stock_quantity":null,"bundle_virtual":false,"bundle_layout":"","bundle_add_to_cart_form_location":"","bundle_editable_in_cart":false,"bundle_sold_individually_context":"","bundle_item_grouping":"","bundle_min_size":"","bundle_max_size":"","bundle_price":[],"bundled_items":[],"bundle_sell_ids":[],"acf":[],"_links":{"self":[{"href":"https:\/\/goelette.ca\/en\/wp-json\/wp\/v2\/product\/270090","targetHints":{"allow":["GET"]}}],"collection":[{"href":"https:\/\/goelette.ca\/en\/wp-json\/wp\/v2\/product"}],"about":[{"href":"https:\/\/goelette.ca\/en\/wp-json\/wp\/v2\/types\/product"}],"wp:featuredmedia":[{"embeddable":true,"href":"https:\/\/goelette.ca\/en\/wp-json\/wp\/v2\/media\/270094"}],"wp:attachment":[{"href":"https:\/\/goelette.ca\/en\/wp-json\/wp\/v2\/media?parent=270090"}],"wp:term":[{"taxonomy":"product_brand","embeddable":true,"href":"https:\/\/goelette.ca\/en\/wp-json\/wp\/v2\/product_brand?post=270090"},{"taxonomy":"product_cat","embeddable":true,"href":"https:\/\/goelette.ca\/en\/wp-json\/wp\/v2\/product_cat?post=270090"},{"taxonomy":"product_tag","embeddable":true,"href":"https:\/\/goelette.ca\/en\/wp-json\/wp\/v2\/product_tag?post=270090"},{"taxonomy":"maison_dedition","embeddable":true,"href":"https:\/\/goelette.ca\/en\/wp-json\/wp\/v2\/maison_dedition?post=270090"}],"curies":[{"name":"wp","href":"https:\/\/api.w.org\/{rel}","templated":true}]}}