{"id":270069,"date":"2025-10-17T11:00:10","date_gmt":"2025-10-17T15:00:10","guid":{"rendered":"https:\/\/goelette.ca\/?post_type=product&#038;p=270069"},"modified":"2026-01-13T09:21:06","modified_gmt":"2026-01-13T14:21:06","slug":"noel-magique","status":"publish","type":"product","link":"https:\/\/goelette.ca\/en\/tous-les-livres\/noel-magique\/","title":{"rendered":"No\u00ebl magique"},"content":{"rendered":"<p class=\"p2\">Des personnages adorables et des sc\u00e8nes f\u00e9\u00e9riques, voil\u00e0 ce qui vous attend dans ce livre de coloriages super r\u00e9confortants aux traits larges et pleins de douceur.<\/p>\n<p class=\"p3\">Feutres \u00e0 l\u2019alcool, crayons de bois\u2026 prenez vos crayons pr\u00e9f\u00e9r\u00e9s et donnez vie \u00e0 ces 40 magnifiques dessins c\u00e9l\u00e9brant la magie de No\u00ebl !<\/p>\n","protected":false},"excerpt":{"rendered":"<p>Des personnages adorables et des sc\u00e8nes f\u00e9\u00e9riques, voil\u00e0 ce qui vous attend dans ce livre de coloriages super r\u00e9confortants aux traits larges et pleins de douceur. Feutres \u00e0 l\u2019alcool, crayons de bois\u2026 prenez vos crayons pr\u00e9f\u00e9r\u00e9s et donnez vie \u00e0 ces 40 magnifiques dessins c\u00e9l\u00e9brant la magie de No\u00ebl !<\/p>\n","protected":false},"featured_media":270072,"template":"","meta":{"wds_primary_product_brand":0,"wds_primary_product_cat":0,"wds_primary_maison_dedition":0},"product_brand":[],"product_cat":[652,616,545],"product_tag":[],"maison_dedition":[904,630],"class_list":{"0":"post-270069","1":"product","2":"type-product","3":"status-publish","4":"has-post-thumbnail","6":"product_cat-coloriage-pratique","7":"product_cat-coloriages","8":"product_cat-noel","9":"pa_auteur-jade-lachine-illustratrice","10":"maison_dedition-coloriages-jade-lachine","11":"maison_dedition-les-editions-goelette","13":"first","14":"instock","15":"taxable","16":"shipping-taxable","17":"purchasable","18":"product-type-variable","19":"has-default-attributes"},"bundled_by":[],"bundle_stock_status":"instock","bundle_stock_quantity":null,"bundle_virtual":false,"bundle_layout":"","bundle_add_to_cart_form_location":"","bundle_editable_in_cart":false,"bundle_sold_individually_context":"","bundle_item_grouping":"","bundle_min_size":"","bundle_max_size":"","bundle_price":[],"bundled_items":[],"bundle_sell_ids":[],"acf":[],"_links":{"self":[{"href":"https:\/\/goelette.ca\/en\/wp-json\/wp\/v2\/product\/270069","targetHints":{"allow":["GET"]}}],"collection":[{"href":"https:\/\/goelette.ca\/en\/wp-json\/wp\/v2\/product"}],"about":[{"href":"https:\/\/goelette.ca\/en\/wp-json\/wp\/v2\/types\/product"}],"wp:featuredmedia":[{"embeddable":true,"href":"https:\/\/goelette.ca\/en\/wp-json\/wp\/v2\/media\/270072"}],"wp:attachment":[{"href":"https:\/\/goelette.ca\/en\/wp-json\/wp\/v2\/media?parent=270069"}],"wp:term":[{"taxonomy":"product_brand","embeddable":true,"href":"https:\/\/goelette.ca\/en\/wp-json\/wp\/v2\/product_brand?post=270069"},{"taxonomy":"product_cat","embeddable":true,"href":"https:\/\/goelette.ca\/en\/wp-json\/wp\/v2\/product_cat?post=270069"},{"taxonomy":"product_tag","embeddable":true,"href":"https:\/\/goelette.ca\/en\/wp-json\/wp\/v2\/product_tag?post=270069"},{"taxonomy":"maison_dedition","embeddable":true,"href":"https:\/\/goelette.ca\/en\/wp-json\/wp\/v2\/maison_dedition?post=270069"}],"curies":[{"name":"wp","href":"https:\/\/api.w.org\/{rel}","templated":true}]}}