{"id":27004,"date":"2022-03-10T00:00:01","date_gmt":"2022-03-10T05:00:01","guid":{"rendered":"https:\/\/www.goelette.ca\/?post_type=product&#038;p=27004"},"modified":"2023-12-21T09:25:22","modified_gmt":"2023-12-21T14:25:22","slug":"lamour-lamour-tome-3-deux-mariages-et-un-divorce","status":"publish","type":"product","link":"https:\/\/goelette.ca\/en\/tous-les-livres\/lamour-lamour-tome-3-deux-mariages-et-un-divorce\/","title":{"rendered":"L&#8217;amour, l&#8217;amour Tome 3 Deux mariages&#8230; et un divorce !"},"content":{"rendered":"<p>Justine est en amour par-dessus la t\u00eate. Son mari la comble de bonheur jusqu\u2019au jour o\u00f9 il lui annonce son d\u00e9sir d\u2019aller \u00e0 Paris pour apprendre des meilleurs artistes. Chamboul\u00e9e par cette d\u00e9cision, Justine se voit prise de doutes et de<br \/>\nremises en question. Et sa m\u00e8re ne l\u2019aide pas en lui rappelant sans arr\u00eat que Paris est la ville de l\u2019amour !<br \/>\nSarah et Elliot ont beaucoup de difficult\u00e9 \u00e0 garder leur union secr\u00e8te au bureau. Qu\u2019arriverait-il si Natasha-la-femme-vautour l\u2019apprenait ? Brigitte h\u00e9site \u00e0 revoir Christian. Elle sait qu\u2019elle doit faire le point sur son mariage avant de se lancer t\u00eate premi\u00e8re dans une nouvelle aventure. Chlo\u00e9 se r\u00e9sout \u00e0 adopter un chien : amour et fid\u00e9lit\u00e9 garantis ! Mais ce bel avocat pourrait-il la combler davantage que son compagnon \u00e0 poils ? Les quatre amies unies pour la vie prennent leur bonheur en main dans ce dernier tome de L\u2019amour, l\u2019amour. Tout en finesse et en humour, la plume de Dani\u00e8le Couture parvient \u00e0 nous \u00e9mouvoir \u00e0 tout coup. Deux mariages\u2026 et un divorce ! cl\u00f4ture la trilogie en beaut\u00e9 avec des rires assur\u00e9s, et surtout une bonne dose d\u2019amiti\u00e9 et de passion. Native de Victoriaville, Dani\u00e8le Couture s\u2019est rapidement tourn\u00e9e vers les arts et la litt\u00e9rature pour trouver son havre de paix. Apr\u00e8s des \u00e9tudes en arts plastiques, elle amorce sa carri\u00e8re de st\u00e9nographe \u00e0 Montr\u00e9al, tout en se consacrant \u00e0 sa famille et \u00e0 sa passion pour les mots.<\/p>\n","protected":false},"excerpt":{"rendered":"<p>Justine est en amour par-dessus la t\u00eate. Son mari la comble de bonheur jusqu\u2019au jour o\u00f9 il lui annonce son d\u00e9sir d\u2019aller \u00e0 Paris pour apprendre des meilleurs artistes. Chamboul\u00e9e par cette d\u00e9cision, Justine se voit prise de doutes et de remises en question. Et sa m\u00e8re ne l\u2019aide pas en lui rappelant sans arr\u00eat [&hellip;]<\/p>\n","protected":false},"featured_media":27007,"template":"","meta":{"wds_primary_product_brand":0,"wds_primary_product_cat":0,"wds_primary_maison_dedition":0},"product_brand":[],"product_cat":[542,585],"product_tag":[],"maison_dedition":[541],"class_list":{"0":"post-27004","1":"product","2":"type-product","3":"status-publish","4":"has-post-thumbnail","6":"product_cat-roman","7":"product_cat-romance","8":"pa_auteur-daniele-couture","9":"maison_dedition-les-editions-coup-doeil","11":"first","12":"instock","13":"taxable","14":"shipping-taxable","15":"purchasable","16":"product-type-variable","17":"has-default-attributes"},"bundled_by":[],"bundle_stock_status":"instock","bundle_stock_quantity":null,"bundle_virtual":false,"bundle_layout":"","bundle_add_to_cart_form_location":"","bundle_editable_in_cart":false,"bundle_sold_individually_context":"","bundle_item_grouping":"","bundle_min_size":"","bundle_max_size":"","bundle_price":[],"bundled_items":[],"bundle_sell_ids":[],"acf":[],"_links":{"self":[{"href":"https:\/\/goelette.ca\/en\/wp-json\/wp\/v2\/product\/27004","targetHints":{"allow":["GET"]}}],"collection":[{"href":"https:\/\/goelette.ca\/en\/wp-json\/wp\/v2\/product"}],"about":[{"href":"https:\/\/goelette.ca\/en\/wp-json\/wp\/v2\/types\/product"}],"wp:featuredmedia":[{"embeddable":true,"href":"https:\/\/goelette.ca\/en\/wp-json\/wp\/v2\/media\/27007"}],"wp:attachment":[{"href":"https:\/\/goelette.ca\/en\/wp-json\/wp\/v2\/media?parent=27004"}],"wp:term":[{"taxonomy":"product_brand","embeddable":true,"href":"https:\/\/goelette.ca\/en\/wp-json\/wp\/v2\/product_brand?post=27004"},{"taxonomy":"product_cat","embeddable":true,"href":"https:\/\/goelette.ca\/en\/wp-json\/wp\/v2\/product_cat?post=27004"},{"taxonomy":"product_tag","embeddable":true,"href":"https:\/\/goelette.ca\/en\/wp-json\/wp\/v2\/product_tag?post=27004"},{"taxonomy":"maison_dedition","embeddable":true,"href":"https:\/\/goelette.ca\/en\/wp-json\/wp\/v2\/maison_dedition?post=27004"}],"curies":[{"name":"wp","href":"https:\/\/api.w.org\/{rel}","templated":true}]}}