{"id":269993,"date":"2025-10-16T13:31:37","date_gmt":"2025-10-16T17:31:37","guid":{"rendered":"https:\/\/goelette.ca\/?post_type=product&#038;p=269993"},"modified":"2025-11-06T13:52:00","modified_gmt":"2025-11-06T18:52:00","slug":"la-foret-dacier-partie-1","status":"publish","type":"product","link":"https:\/\/goelette.ca\/en\/tous-les-livres\/la-foret-dacier-partie-1\/","title":{"rendered":"La for\u00eat d&#8217;acier &#8211; Partie 1"},"content":{"rendered":"<p>Lorsque le professeur James Johnson arrive sur la colonie mini\u00e8re CM24, son lien avec Mineral Corporation, la soci\u00e9t\u00e9 m\u00e8re, en fait imm\u00e9diatement la cible des autres travailleurs. Et pour cause, puisque le caract\u00e8re unique de cette exoplan\u00e8te est volontairement dissimul\u00e9 depuis pr\u00e8s d\u2019un si\u00e8cle. Entre les orages \u00e9lectriques au-dessus d\u2019une for\u00eat myst\u00e9rieuse compos\u00e9e d\u2019alliages inconnus et un directeur de colonie qui lui somme d\u2019identifier les saboteurs qui nuisent \u00e0 la production, James se rend rapidement compte que la r\u00e9alit\u00e9 est plus complexe qu\u2019il n\u2019aurait pu le soup\u00e7onner. Mortellement plus complexe.<\/p>\n<p>Thriller de science-fiction, <em>La for\u00eat d\u2019acier<\/em> nous plonge dans un futur \u00e9loign\u00e9, mais si pr\u00e8s de la r\u00e9alit\u00e9, o\u00f9 l\u2019intelligence artificielle prend une place insoup\u00e7onn\u00e9e. Et la question se pose : est-ce que l\u2019IA est une alli\u00e9e ou une ennemie ? D\u00e9couvrez, dans cette premi\u00e8re de deux parties, comment un homme devra affronter plusieurs adversaires, humains ou non, pour r\u00e9soudre les probl\u00e8mes cach\u00e9s d\u2019une exocolonie en apparence fructueuse.<\/p>\n","protected":false},"excerpt":{"rendered":"<p>Lorsque le professeur James Johnson arrive sur la colonie mini\u00e8re CM24, son lien avec Mineral Corporation, la soci\u00e9t\u00e9 m\u00e8re, en fait imm\u00e9diatement la cible des autres travailleurs. Et pour cause, puisque le caract\u00e8re unique de cette exoplan\u00e8te est volontairement dissimul\u00e9 depuis pr\u00e8s d\u2019un si\u00e8cle. Entre les orages \u00e9lectriques au-dessus d\u2019une for\u00eat myst\u00e9rieuse compos\u00e9e d\u2019alliages inconnus [&hellip;]<\/p>\n","protected":false},"featured_media":269997,"template":"","meta":{"wds_primary_product_brand":0,"wds_primary_product_cat":0,"wds_primary_maison_dedition":0},"product_brand":[],"product_cat":[546,542,602],"product_tag":[],"maison_dedition":[630],"class_list":{"0":"post-269993","1":"product","2":"type-product","3":"status-publish","4":"has-post-thumbnail","6":"product_cat-policier-thriller","7":"product_cat-roman","8":"product_cat-science-fiction","9":"pa_auteur-alain-lafond","10":"maison_dedition-les-editions-goelette","12":"first","13":"instock","14":"taxable","15":"shipping-taxable","16":"purchasable","17":"product-type-variable","18":"has-default-attributes"},"bundled_by":[],"bundle_stock_status":"instock","bundle_stock_quantity":null,"bundle_virtual":false,"bundle_layout":"","bundle_add_to_cart_form_location":"","bundle_editable_in_cart":false,"bundle_sold_individually_context":"","bundle_item_grouping":"","bundle_min_size":"","bundle_max_size":"","bundle_price":[],"bundled_items":[],"bundle_sell_ids":[],"acf":[],"_links":{"self":[{"href":"https:\/\/goelette.ca\/en\/wp-json\/wp\/v2\/product\/269993","targetHints":{"allow":["GET"]}}],"collection":[{"href":"https:\/\/goelette.ca\/en\/wp-json\/wp\/v2\/product"}],"about":[{"href":"https:\/\/goelette.ca\/en\/wp-json\/wp\/v2\/types\/product"}],"wp:featuredmedia":[{"embeddable":true,"href":"https:\/\/goelette.ca\/en\/wp-json\/wp\/v2\/media\/269997"}],"wp:attachment":[{"href":"https:\/\/goelette.ca\/en\/wp-json\/wp\/v2\/media?parent=269993"}],"wp:term":[{"taxonomy":"product_brand","embeddable":true,"href":"https:\/\/goelette.ca\/en\/wp-json\/wp\/v2\/product_brand?post=269993"},{"taxonomy":"product_cat","embeddable":true,"href":"https:\/\/goelette.ca\/en\/wp-json\/wp\/v2\/product_cat?post=269993"},{"taxonomy":"product_tag","embeddable":true,"href":"https:\/\/goelette.ca\/en\/wp-json\/wp\/v2\/product_tag?post=269993"},{"taxonomy":"maison_dedition","embeddable":true,"href":"https:\/\/goelette.ca\/en\/wp-json\/wp\/v2\/maison_dedition?post=269993"}],"curies":[{"name":"wp","href":"https:\/\/api.w.org\/{rel}","templated":true}]}}