{"id":26998,"date":"2022-03-10T00:00:00","date_gmt":"2022-03-10T05:00:00","guid":{"rendered":"https:\/\/www.goelette.ca\/?post_type=product&#038;p=26998"},"modified":"2023-12-21T09:13:47","modified_gmt":"2023-12-21T14:13:47","slug":"lamour-lamour-tome-2-lamour-ou-le-sexe-avec-la-mauvaise-personne","status":"publish","type":"product","link":"https:\/\/goelette.ca\/en\/tous-les-livres\/lamour-lamour-tome-2-lamour-ou-le-sexe-avec-la-mauvaise-personne\/","title":{"rendered":"L&#8217;amour, l&#8217;amour Tome 2 L&#8217;amour (ou le sexe) avec la mauvaise personne"},"content":{"rendered":"<p>Apr\u00e8s deux ans de vie commune, Justine et Zib s\u2019appr\u00eatent \u00e0 c\u00e9l\u00e9brer leur mariage. Qui aurait pr\u00e9dit que la c\u00e9libataire inv\u00e9t\u00e9r\u00e9e finirait par se ranger ? Malheureusement pour elle, son ex, Philippe, refuse de la laisser filer dans les bras d\u2019un autre. Sarah, nouvellement divorc\u00e9e, fait une rencontre le jour des noces dans des circonstances des plus inusit\u00e9es. Ce bel homme pourrait-il prendre une place importante dans sa vie ? Chlo\u00e9 n\u2019en peut plus d\u2019attendre que son copain \u00ab adulescent \u00bb devienne un homme. Elle esp\u00e8re qu\u2019il s\u2019engage r\u00e9ellement dans leur relation, mais S\u00e9bastien ne semble pas pr\u00eat \u00e0 m\u00fbrir. Brigitte, une amie de Sarah tout juste revenue \u00e0 Montr\u00e9al, se joint au groupe. Son mari, un comptable ennuyeux, ne la fait plus autant r\u00eaver qu\u2019\u00e0 leurs d\u00e9buts. Et si cet homme rencontr\u00e9 par hasard \u00e0 l\u2019\u00e9picerie \u00e9tait celui qui comblerait tous ses d\u00e9sirs ? Le trio d\u2019amies, devenu quatuor, n\u2019est pas au bout de ses folles aventures. Dans ce deuxi\u00e8me tome de L\u2019amour, l\u2019amour, on d\u00e9couvre que l\u2019amour n\u2019est pas n\u00e9cessairement plus reposant que le c\u00e9libat\u2026 surtout avec la mauvaise personne ! Native de Victoriaville, Dani\u00e8le Couture s\u2019est rapidement tourn\u00e9e vers les arts et la litt\u00e9rature pour trouver son havre de paix. Apr\u00e8s des \u00e9tudes en arts plastiques, elle amorce sa carri\u00e8re de st\u00e9nographe \u00e0 Montr\u00e9al, tout en se consacrant \u00e0 sa famille et \u00e0 sa passion pour les mots.<\/p>\n","protected":false},"excerpt":{"rendered":"<p>Apr\u00e8s deux ans de vie commune, Justine et Zib s\u2019appr\u00eatent \u00e0 c\u00e9l\u00e9brer leur mariage. Qui aurait pr\u00e9dit que la c\u00e9libataire inv\u00e9t\u00e9r\u00e9e finirait par se ranger ? Malheureusement pour elle, son ex, Philippe, refuse de la laisser filer dans les bras d\u2019un autre. Sarah, nouvellement divorc\u00e9e, fait une rencontre le jour des noces dans des circonstances [&hellip;]<\/p>\n","protected":false},"featured_media":27001,"template":"","meta":{"wds_primary_product_brand":0,"wds_primary_product_cat":0,"wds_primary_maison_dedition":0},"product_brand":[],"product_cat":[542,585],"product_tag":[],"maison_dedition":[541],"class_list":{"0":"post-26998","1":"product","2":"type-product","3":"status-publish","4":"has-post-thumbnail","6":"product_cat-roman","7":"product_cat-romance","8":"pa_auteur-daniele-couture","9":"maison_dedition-les-editions-coup-doeil","11":"first","12":"instock","13":"taxable","14":"shipping-taxable","15":"purchasable","16":"product-type-variable","17":"has-default-attributes"},"bundled_by":[],"bundle_stock_status":"instock","bundle_stock_quantity":null,"bundle_virtual":false,"bundle_layout":"","bundle_add_to_cart_form_location":"","bundle_editable_in_cart":false,"bundle_sold_individually_context":"","bundle_item_grouping":"","bundle_min_size":"","bundle_max_size":"","bundle_price":[],"bundled_items":[],"bundle_sell_ids":[],"acf":[],"_links":{"self":[{"href":"https:\/\/goelette.ca\/en\/wp-json\/wp\/v2\/product\/26998","targetHints":{"allow":["GET"]}}],"collection":[{"href":"https:\/\/goelette.ca\/en\/wp-json\/wp\/v2\/product"}],"about":[{"href":"https:\/\/goelette.ca\/en\/wp-json\/wp\/v2\/types\/product"}],"wp:featuredmedia":[{"embeddable":true,"href":"https:\/\/goelette.ca\/en\/wp-json\/wp\/v2\/media\/27001"}],"wp:attachment":[{"href":"https:\/\/goelette.ca\/en\/wp-json\/wp\/v2\/media?parent=26998"}],"wp:term":[{"taxonomy":"product_brand","embeddable":true,"href":"https:\/\/goelette.ca\/en\/wp-json\/wp\/v2\/product_brand?post=26998"},{"taxonomy":"product_cat","embeddable":true,"href":"https:\/\/goelette.ca\/en\/wp-json\/wp\/v2\/product_cat?post=26998"},{"taxonomy":"product_tag","embeddable":true,"href":"https:\/\/goelette.ca\/en\/wp-json\/wp\/v2\/product_tag?post=26998"},{"taxonomy":"maison_dedition","embeddable":true,"href":"https:\/\/goelette.ca\/en\/wp-json\/wp\/v2\/maison_dedition?post=26998"}],"curies":[{"name":"wp","href":"https:\/\/api.w.org\/{rel}","templated":true}]}}