{"id":269916,"date":"2025-10-15T16:06:47","date_gmt":"2025-10-15T20:06:47","guid":{"rendered":"https:\/\/goelette.ca\/?post_type=product&#038;p=269916"},"modified":"2026-01-13T09:22:33","modified_gmt":"2026-01-13T14:22:33","slug":"coffret-je-lis-et-je-joue-joyeux-noel","status":"publish","type":"product","link":"https:\/\/goelette.ca\/en\/tous-les-livres\/coffret-je-lis-et-je-joue-joyeux-noel\/","title":{"rendered":"Coffret Je lis et je joue ! &#8211; Joyeux No\u00ebl !"},"content":{"rendered":"<p class=\"p1\">D\u00e9couvre deux histoires mettant en vedette les personnages de No\u00ebl !<\/p>\n<p class=\"p1\">Prolonge le plaisir de la lecture avec deux casse-t\u00eates et deux affiches inspir\u00e9s par les livres !<\/p>\n<p>&nbsp;<\/p>\n<p><strong>Dans ce coffret :<\/strong><\/p>\n<ul>\n<li>2 albums illustr\u00e9s : <em>Myst\u00e8re chez les rennes, Les dr\u00f4les d&#8217;inventions du p\u00e8re No\u00ebl<\/em><\/li>\n<li>2 casse-t\u00eates<\/li>\n<li>2 affiches<\/li>\n<\/ul>\n","protected":false},"excerpt":{"rendered":"<p>D\u00e9couvre deux histoires mettant en vedette les personnages de No\u00ebl ! Prolonge le plaisir de la lecture avec deux casse-t\u00eates et deux affiches inspir\u00e9s par les livres ! &nbsp; Dans ce coffret : 2 albums illustr\u00e9s : Myst\u00e8re chez les rennes, Les dr\u00f4les d&#8217;inventions du p\u00e8re No\u00ebl 2 casse-t\u00eates 2 affiches<\/p>\n","protected":false},"featured_media":269918,"template":"","meta":{"wds_primary_product_brand":0,"wds_primary_product_cat":0,"wds_primary_maison_dedition":0},"product_brand":[],"product_cat":[560,578,749,662,538,545],"product_tag":[],"maison_dedition":[541,584],"class_list":{"0":"post-269916","1":"product","2":"type-product","3":"status-publish","4":"has-post-thumbnail","6":"product_cat-3-5-ans","7":"product_cat-albums-illustres","8":"product_cat-casse-tete","9":"product_cat-coffret-jeunesse","10":"product_cat-jeunesse","11":"product_cat-noel","12":"pa_auteur-marilou-charpentier","13":"pa_auteur-maude-iris-hamelin-ouellette","14":"pa_illustrateur-angela-sbandelli","15":"pa_illustrateur-sanaa-legdani","16":"maison_dedition-les-editions-coup-doeil","17":"maison_dedition-petites-lectures","19":"first","20":"instock","21":"taxable","22":"shipping-taxable","23":"purchasable","24":"product-type-variable","25":"has-default-attributes"},"bundled_by":[],"bundle_stock_status":"instock","bundle_stock_quantity":null,"bundle_virtual":false,"bundle_layout":"","bundle_add_to_cart_form_location":"","bundle_editable_in_cart":false,"bundle_sold_individually_context":"","bundle_item_grouping":"","bundle_min_size":"","bundle_max_size":"","bundle_price":[],"bundled_items":[],"bundle_sell_ids":[],"acf":[],"_links":{"self":[{"href":"https:\/\/goelette.ca\/en\/wp-json\/wp\/v2\/product\/269916","targetHints":{"allow":["GET"]}}],"collection":[{"href":"https:\/\/goelette.ca\/en\/wp-json\/wp\/v2\/product"}],"about":[{"href":"https:\/\/goelette.ca\/en\/wp-json\/wp\/v2\/types\/product"}],"wp:featuredmedia":[{"embeddable":true,"href":"https:\/\/goelette.ca\/en\/wp-json\/wp\/v2\/media\/269918"}],"wp:attachment":[{"href":"https:\/\/goelette.ca\/en\/wp-json\/wp\/v2\/media?parent=269916"}],"wp:term":[{"taxonomy":"product_brand","embeddable":true,"href":"https:\/\/goelette.ca\/en\/wp-json\/wp\/v2\/product_brand?post=269916"},{"taxonomy":"product_cat","embeddable":true,"href":"https:\/\/goelette.ca\/en\/wp-json\/wp\/v2\/product_cat?post=269916"},{"taxonomy":"product_tag","embeddable":true,"href":"https:\/\/goelette.ca\/en\/wp-json\/wp\/v2\/product_tag?post=269916"},{"taxonomy":"maison_dedition","embeddable":true,"href":"https:\/\/goelette.ca\/en\/wp-json\/wp\/v2\/maison_dedition?post=269916"}],"curies":[{"name":"wp","href":"https:\/\/api.w.org\/{rel}","templated":true}]}}