{"id":26991,"date":"2022-03-10T00:00:22","date_gmt":"2022-03-10T05:00:22","guid":{"rendered":"https:\/\/www.goelette.ca\/?post_type=product&#038;p=26991"},"modified":"2023-12-21T09:13:00","modified_gmt":"2023-12-21T14:13:00","slug":"lamour-lamour-tome-1-ami-amant-ou-mari","status":"publish","type":"product","link":"https:\/\/goelette.ca\/en\/tous-les-livres\/lamour-lamour-tome-1-ami-amant-ou-mari\/","title":{"rendered":"L&#8217;amour, l&#8217;amour Tome 1 Ami, amant ou&#8230; mari ?"},"content":{"rendered":"<p>\u00c0 trente-huit ans, Justine n\u2019a pas besoin d\u2019un<br \/>\nhomme. L\u2019amour, elle a d\u00e9j\u00e0 donn\u00e9. Ses histoires<br \/>\navec ses ex l\u2019ont convaincue que la vie conjugale<br \/>\nn\u2019est pas faite pour elle. Justine pr\u00e9f\u00e8re les<br \/>\nrelations sans attache, au grand d\u00e9sespoir de<br \/>\nsa m\u00e8re, qui souhaiterait la voir d\u00e9j\u00e0 mari\u00e9e.<br \/>\nPourquoi se contenter d\u2019un mari quand on peut<br \/>\navoir plusieurs amants ?<br \/>\nHeureusement, Justine peut compter sur ses<br \/>\nmeilleures amies, Chlo\u00e9 et Sarah, pour recueillir<br \/>\nses confidences. Entre un ex-amoureux insistant<br \/>\net une m\u00e8re qui se m\u00eale constamment de ses<br \/>\naffaires, Justine essaie de mener sa vie comme elle<br \/>\nl\u2019entend. Encha\u00eenant les aventures sans lendemain,<br \/>\nla propri\u00e9taire de galerie d\u2019art n\u2019a pas de temps \u00e0<br \/>\nconsacrer \u00e0 une relation s\u00e9rieuse. Toutefois, la rencontre<br \/>\nd\u2019un s\u00e9duisant artiste pourrait bien lui faire<br \/>\nremettre en question ses convictions. Et si c\u2019est en<br \/>\nvoulant fuir l\u2019amour qu\u2019il nous rattrape au d\u00e9tour ?<br \/>\nDans Ami, amant ou\u2026 mari ? on d\u00e9couvre Justine et<br \/>\nses amies, des femmes ind\u00e9pendantes soud\u00e9es par<br \/>\nles forts liens de l\u2019amiti\u00e9. D\u00e9boires amoureux, fous<br \/>\nrires et potins croustillants sont au rendez-vous<br \/>\ndans ce premier tome de L\u2019amour, l\u2019amour, un<br \/>\nroman \u00e0 la fois dr\u00f4le et touchant.<br \/>\nNative de Victoriaville, Dani\u00e8le Couture s\u2019est<br \/>\nrapidement tourn\u00e9e vers les arts et la litt\u00e9rature<br \/>\npour trouver son havre de paix. Apr\u00e8s des \u00e9tudes<br \/>\nen arts plastiques, elle amorce sa carri\u00e8re de<br \/>\nst\u00e9nographe \u00e0 Montr\u00e9al, tout en se consacrant \u00e0<br \/>\nsa famille et \u00e0 sa passion pour les mots.<\/p>\n","protected":false},"excerpt":{"rendered":"<p>\u00c0 trente-huit ans, Justine n\u2019a pas besoin d\u2019un homme. L\u2019amour, elle a d\u00e9j\u00e0 donn\u00e9. Ses histoires avec ses ex l\u2019ont convaincue que la vie conjugale n\u2019est pas faite pour elle. Justine pr\u00e9f\u00e8re les relations sans attache, au grand d\u00e9sespoir de sa m\u00e8re, qui souhaiterait la voir d\u00e9j\u00e0 mari\u00e9e. Pourquoi se contenter d\u2019un mari quand on [&hellip;]<\/p>\n","protected":false},"featured_media":26996,"template":"","meta":{"wds_primary_product_brand":0,"wds_primary_product_cat":0,"wds_primary_maison_dedition":0},"product_brand":[],"product_cat":[542,585],"product_tag":[],"maison_dedition":[541],"class_list":{"0":"post-26991","1":"product","2":"type-product","3":"status-publish","4":"has-post-thumbnail","6":"product_cat-roman","7":"product_cat-romance","8":"pa_auteur-daniele-couture","9":"maison_dedition-les-editions-coup-doeil","11":"first","12":"instock","13":"taxable","14":"shipping-taxable","15":"purchasable","16":"product-type-variable","17":"has-default-attributes"},"bundled_by":[],"bundle_stock_status":"instock","bundle_stock_quantity":null,"bundle_virtual":false,"bundle_layout":"","bundle_add_to_cart_form_location":"","bundle_editable_in_cart":false,"bundle_sold_individually_context":"","bundle_item_grouping":"","bundle_min_size":"","bundle_max_size":"","bundle_price":[],"bundled_items":[],"bundle_sell_ids":[],"acf":[],"_links":{"self":[{"href":"https:\/\/goelette.ca\/en\/wp-json\/wp\/v2\/product\/26991","targetHints":{"allow":["GET"]}}],"collection":[{"href":"https:\/\/goelette.ca\/en\/wp-json\/wp\/v2\/product"}],"about":[{"href":"https:\/\/goelette.ca\/en\/wp-json\/wp\/v2\/types\/product"}],"wp:featuredmedia":[{"embeddable":true,"href":"https:\/\/goelette.ca\/en\/wp-json\/wp\/v2\/media\/26996"}],"wp:attachment":[{"href":"https:\/\/goelette.ca\/en\/wp-json\/wp\/v2\/media?parent=26991"}],"wp:term":[{"taxonomy":"product_brand","embeddable":true,"href":"https:\/\/goelette.ca\/en\/wp-json\/wp\/v2\/product_brand?post=26991"},{"taxonomy":"product_cat","embeddable":true,"href":"https:\/\/goelette.ca\/en\/wp-json\/wp\/v2\/product_cat?post=26991"},{"taxonomy":"product_tag","embeddable":true,"href":"https:\/\/goelette.ca\/en\/wp-json\/wp\/v2\/product_tag?post=26991"},{"taxonomy":"maison_dedition","embeddable":true,"href":"https:\/\/goelette.ca\/en\/wp-json\/wp\/v2\/maison_dedition?post=26991"}],"curies":[{"name":"wp","href":"https:\/\/api.w.org\/{rel}","templated":true}]}}