{"id":269909,"date":"2025-10-15T15:57:29","date_gmt":"2025-10-15T19:57:29","guid":{"rendered":"https:\/\/goelette.ca\/?post_type=product&#038;p=269909"},"modified":"2025-10-15T16:12:20","modified_gmt":"2025-10-15T20:12:20","slug":"coffret-je-lis-et-je-joue-vive-lhiver","status":"publish","type":"product","link":"https:\/\/goelette.ca\/en\/tous-les-livres\/coffret-je-lis-et-je-joue-vive-lhiver\/","title":{"rendered":"Coffret Je lis et je joue ! &#8211; Vive l&#8217;hiver !"},"content":{"rendered":"<p class=\"p1\">Parcours la for\u00eat hivernale avec Nox le loup !<\/p>\n<p class=\"p1\">Prolonge le plaisir de la lecture avec deux casse-t\u00eates et deux affiches inspir\u00e9s par les livres !<\/p>\n<p>&nbsp;<\/p>\n<p><strong>Dans ce coffret :<\/strong><\/p>\n<ul>\n<li>2 albums illustr\u00e9s : <em>Le loup et le cardinal, Le loup et les animaux de la montagne<\/em><\/li>\n<li>2 casse-t\u00eates<\/li>\n<li>2 affiches<\/li>\n<\/ul>\n","protected":false},"excerpt":{"rendered":"<p>Parcours la for\u00eat hivernale avec Nox le loup ! Prolonge le plaisir de la lecture avec deux casse-t\u00eates et deux affiches inspir\u00e9s par les livres ! &nbsp; Dans ce coffret : 2 albums illustr\u00e9s : Le loup et le cardinal, Le loup et les animaux de la montagne 2 casse-t\u00eates 2 affiches<\/p>\n","protected":false},"featured_media":269911,"template":"","meta":{"wds_primary_product_brand":0,"wds_primary_product_cat":0,"wds_primary_maison_dedition":0},"product_brand":[],"product_cat":[560,578,749,662,538],"product_tag":[],"maison_dedition":[648,541],"class_list":{"0":"post-269909","1":"product","2":"type-product","3":"status-publish","4":"has-post-thumbnail","6":"product_cat-3-5-ans","7":"product_cat-albums-illustres","8":"product_cat-casse-tete","9":"product_cat-coffret-jeunesse","10":"product_cat-jeunesse","11":"pa_auteur-valerie-gagne","12":"pa_illustrateur-daniela-dogliani","13":"maison_dedition-des-jeux-et-des-jeux","14":"maison_dedition-les-editions-coup-doeil","16":"first","17":"instock","18":"taxable","19":"shipping-taxable","20":"purchasable","21":"product-type-variable","22":"has-default-attributes"},"bundled_by":[],"bundle_stock_status":"instock","bundle_stock_quantity":null,"bundle_virtual":false,"bundle_layout":"","bundle_add_to_cart_form_location":"","bundle_editable_in_cart":false,"bundle_sold_individually_context":"","bundle_item_grouping":"","bundle_min_size":"","bundle_max_size":"","bundle_price":[],"bundled_items":[],"bundle_sell_ids":[],"acf":[],"_links":{"self":[{"href":"https:\/\/goelette.ca\/en\/wp-json\/wp\/v2\/product\/269909","targetHints":{"allow":["GET"]}}],"collection":[{"href":"https:\/\/goelette.ca\/en\/wp-json\/wp\/v2\/product"}],"about":[{"href":"https:\/\/goelette.ca\/en\/wp-json\/wp\/v2\/types\/product"}],"wp:featuredmedia":[{"embeddable":true,"href":"https:\/\/goelette.ca\/en\/wp-json\/wp\/v2\/media\/269911"}],"wp:attachment":[{"href":"https:\/\/goelette.ca\/en\/wp-json\/wp\/v2\/media?parent=269909"}],"wp:term":[{"taxonomy":"product_brand","embeddable":true,"href":"https:\/\/goelette.ca\/en\/wp-json\/wp\/v2\/product_brand?post=269909"},{"taxonomy":"product_cat","embeddable":true,"href":"https:\/\/goelette.ca\/en\/wp-json\/wp\/v2\/product_cat?post=269909"},{"taxonomy":"product_tag","embeddable":true,"href":"https:\/\/goelette.ca\/en\/wp-json\/wp\/v2\/product_tag?post=269909"},{"taxonomy":"maison_dedition","embeddable":true,"href":"https:\/\/goelette.ca\/en\/wp-json\/wp\/v2\/maison_dedition?post=269909"}],"curies":[{"name":"wp","href":"https:\/\/api.w.org\/{rel}","templated":true}]}}