{"id":269903,"date":"2025-10-15T15:43:56","date_gmt":"2025-10-15T19:43:56","guid":{"rendered":"https:\/\/goelette.ca\/?post_type=product&#038;p=269903"},"modified":"2025-10-15T15:55:21","modified_gmt":"2025-10-15T19:55:21","slug":"la-sagesse-des-anges","status":"publish","type":"product","link":"https:\/\/goelette.ca\/en\/tous-les-livres\/la-sagesse-des-anges\/","title":{"rendered":"La sagesse des anges"},"content":{"rendered":"<p class=\"p1\">Ouvrez votre coeur \u00e0 la sagesse des anges et trouvez le bonheur.<\/p>\n<p class=\"p2\">Le coffret <em>La sagesse des anges<\/em> vous invite \u00e0 \u00e9couter les messages des guides c\u00e9lestes \u00e0 travers 52 cartes et 29 pri\u00e8res pour vous guider, apaiser votre esprit et vous inspirer chaque jour. Un v\u00e9ritable alli\u00e9 pour vous connecter \u00e0 leur \u00e9nergie, cultiver le bonheur et nourrir votre bien-\u00eatre<span class=\"s1\">.<\/span><\/p>\n<p class=\"p3\">Ce coffret contient :<\/p>\n<p class=\"p3\">\u2022 52 cartes, chacune incarnant une phrase cl\u00e9 et l\u2019ange \u00e0 convoquer;<\/p>\n<p class=\"p3\">\u2022 1 manuel d\u2019explications pour communiquer avec vos anges.<\/p>\n","protected":false},"excerpt":{"rendered":"<p>Ouvrez votre coeur \u00e0 la sagesse des anges et trouvez le bonheur. Le coffret La sagesse des anges vous invite \u00e0 \u00e9couter les messages des guides c\u00e9lestes \u00e0 travers 52 cartes et 29 pri\u00e8res pour vous guider, apaiser votre esprit et vous inspirer chaque jour. Un v\u00e9ritable alli\u00e9 pour vous connecter \u00e0 leur \u00e9nergie, cultiver [&hellip;]<\/p>\n","protected":false},"featured_media":269905,"template":"","meta":{"wds_primary_product_brand":0,"wds_primary_product_cat":0,"wds_primary_maison_dedition":0},"product_brand":[],"product_cat":[586,662,581],"product_tag":[],"maison_dedition":[630],"class_list":{"0":"post-269903","1":"product","2":"type-product","3":"status-publish","4":"has-post-thumbnail","6":"product_cat-bien-etre-et-sante-pratique","7":"product_cat-coffret-jeunesse","8":"product_cat-esoterisme","9":"pa_auteur-angele-delamontagne","10":"maison_dedition-les-editions-goelette","12":"first","13":"instock","14":"taxable","15":"shipping-taxable","16":"purchasable","17":"product-type-variable","18":"has-default-attributes"},"bundled_by":[],"bundle_stock_status":"instock","bundle_stock_quantity":null,"bundle_virtual":false,"bundle_layout":"","bundle_add_to_cart_form_location":"","bundle_editable_in_cart":false,"bundle_sold_individually_context":"","bundle_item_grouping":"","bundle_min_size":"","bundle_max_size":"","bundle_price":[],"bundled_items":[],"bundle_sell_ids":[],"acf":[],"_links":{"self":[{"href":"https:\/\/goelette.ca\/en\/wp-json\/wp\/v2\/product\/269903","targetHints":{"allow":["GET"]}}],"collection":[{"href":"https:\/\/goelette.ca\/en\/wp-json\/wp\/v2\/product"}],"about":[{"href":"https:\/\/goelette.ca\/en\/wp-json\/wp\/v2\/types\/product"}],"wp:featuredmedia":[{"embeddable":true,"href":"https:\/\/goelette.ca\/en\/wp-json\/wp\/v2\/media\/269905"}],"wp:attachment":[{"href":"https:\/\/goelette.ca\/en\/wp-json\/wp\/v2\/media?parent=269903"}],"wp:term":[{"taxonomy":"product_brand","embeddable":true,"href":"https:\/\/goelette.ca\/en\/wp-json\/wp\/v2\/product_brand?post=269903"},{"taxonomy":"product_cat","embeddable":true,"href":"https:\/\/goelette.ca\/en\/wp-json\/wp\/v2\/product_cat?post=269903"},{"taxonomy":"product_tag","embeddable":true,"href":"https:\/\/goelette.ca\/en\/wp-json\/wp\/v2\/product_tag?post=269903"},{"taxonomy":"maison_dedition","embeddable":true,"href":"https:\/\/goelette.ca\/en\/wp-json\/wp\/v2\/maison_dedition?post=269903"}],"curies":[{"name":"wp","href":"https:\/\/api.w.org\/{rel}","templated":true}]}}