{"id":269897,"date":"2025-10-15T15:27:25","date_gmt":"2025-10-15T19:27:25","guid":{"rendered":"https:\/\/goelette.ca\/?post_type=product&#038;p=269897"},"modified":"2025-10-15T15:37:48","modified_gmt":"2025-10-15T19:37:48","slug":"oracle-de-la-resilience","status":"publish","type":"product","link":"https:\/\/goelette.ca\/en\/tous-les-livres\/oracle-de-la-resilience\/","title":{"rendered":"Oracle de la R\u00e9silience"},"content":{"rendered":"<p class=\"p1\"><span class=\"s1\">L\u2019<\/span><em>Oracle de la R\u00e9silience<\/em> est un jeu de 44 cartes facile \u00e0 utiliser.<\/p>\n<p class=\"p2\">Il vous permet de faire face aux situations difficiles avec sagesse et r\u00e9silience.<\/p>\n<p class=\"p2\">Gr\u00e2ce \u00e0 cet oracle, apportez de la lumi\u00e8re dans les zones d\u2019ombre de votre vie.<\/p>\n<p>&nbsp;<\/p>\n<p class=\"p1\">Ce coffret contient :<\/p>\n<p class=\"p1\">\u2022 44 cartes<\/p>\n<p class=\"p1\">\u2022 1 guide d\u2019accompagnement<\/p>\n","protected":false},"excerpt":{"rendered":"<p>L\u2019Oracle de la R\u00e9silience est un jeu de 44 cartes facile \u00e0 utiliser. Il vous permet de faire face aux situations difficiles avec sagesse et r\u00e9silience. Gr\u00e2ce \u00e0 cet oracle, apportez de la lumi\u00e8re dans les zones d\u2019ombre de votre vie. &nbsp; Ce coffret contient : \u2022 44 cartes \u2022 1 guide d\u2019accompagnement<\/p>\n","protected":false},"featured_media":269899,"template":"","meta":{"wds_primary_product_brand":0,"wds_primary_product_cat":0,"wds_primary_maison_dedition":0},"product_brand":[],"product_cat":[586,662,581],"product_tag":[],"maison_dedition":[630],"class_list":{"0":"post-269897","1":"product","2":"type-product","3":"status-publish","4":"has-post-thumbnail","6":"product_cat-bien-etre-et-sante-pratique","7":"product_cat-coffret-jeunesse","8":"product_cat-esoterisme","9":"pa_auteur-valerie-defour","10":"pa_auteur-valerie-saussez","11":"maison_dedition-les-editions-goelette","13":"first","14":"instock","15":"taxable","16":"shipping-taxable","17":"purchasable","18":"product-type-variable","19":"has-default-attributes"},"bundled_by":[],"bundle_stock_status":"instock","bundle_stock_quantity":null,"bundle_virtual":false,"bundle_layout":"","bundle_add_to_cart_form_location":"","bundle_editable_in_cart":false,"bundle_sold_individually_context":"","bundle_item_grouping":"","bundle_min_size":"","bundle_max_size":"","bundle_price":[],"bundled_items":[],"bundle_sell_ids":[],"acf":[],"_links":{"self":[{"href":"https:\/\/goelette.ca\/en\/wp-json\/wp\/v2\/product\/269897","targetHints":{"allow":["GET"]}}],"collection":[{"href":"https:\/\/goelette.ca\/en\/wp-json\/wp\/v2\/product"}],"about":[{"href":"https:\/\/goelette.ca\/en\/wp-json\/wp\/v2\/types\/product"}],"wp:featuredmedia":[{"embeddable":true,"href":"https:\/\/goelette.ca\/en\/wp-json\/wp\/v2\/media\/269899"}],"wp:attachment":[{"href":"https:\/\/goelette.ca\/en\/wp-json\/wp\/v2\/media?parent=269897"}],"wp:term":[{"taxonomy":"product_brand","embeddable":true,"href":"https:\/\/goelette.ca\/en\/wp-json\/wp\/v2\/product_brand?post=269897"},{"taxonomy":"product_cat","embeddable":true,"href":"https:\/\/goelette.ca\/en\/wp-json\/wp\/v2\/product_cat?post=269897"},{"taxonomy":"product_tag","embeddable":true,"href":"https:\/\/goelette.ca\/en\/wp-json\/wp\/v2\/product_tag?post=269897"},{"taxonomy":"maison_dedition","embeddable":true,"href":"https:\/\/goelette.ca\/en\/wp-json\/wp\/v2\/maison_dedition?post=269897"}],"curies":[{"name":"wp","href":"https:\/\/api.w.org\/{rel}","templated":true}]}}