{"id":26960,"date":"2022-03-08T11:45:21","date_gmt":"2022-03-08T16:45:21","guid":{"rendered":"https:\/\/www.goelette.ca\/?post_type=product&#038;p=26960"},"modified":"2022-08-29T08:48:00","modified_gmt":"2022-08-29T12:48:00","slug":"lete-dhelene","status":"publish","type":"product","link":"https:\/\/goelette.ca\/en\/tous-les-livres\/lete-dhelene\/","title":{"rendered":"L&#8217;\u00e9t\u00e9 d&#8217;H\u00e9l\u00e8ne"},"content":{"rendered":"<p>1980, Qu\u00e9bec. H\u00e9l\u00e8ne, m\u00e9lancolique apr\u00e8s la trahison de<br \/>\nson mari, r\u00e9alise son r\u00eave de partir visiter la Russie, ce pays qui<br \/>\nla fascine tant. En cherchant \u00e0 changer de vie, elle s\u2019expatriera<br \/>\ndans une contr\u00e9e pourtant loin d\u2019\u00eatre lib\u00e9r\u00e9e.<br \/>\nUne qu\u00eate d\u2019identit\u00e9 n\u2019est toutefois jamais un parcours facile.<br \/>\nEnvo\u00fbt\u00e9e par son r\u00eave russe, H\u00e9l\u00e8ne vivra un p\u00e9riple charg\u00e9<br \/>\nd\u2019\u00e9motions qui la conduira jusqu\u2019aux rives de la Moskova,<br \/>\no\u00f9 elle conna\u00eetra drames, passions, douleurs et espoir,<br \/>\navant d\u2019enfin s\u2019ouvrir \u00e0 l\u2019amour et \u00e0 la vie.<br \/>\nL\u2019\u00e9t\u00e9 d\u2019H\u00e9l\u00e8ne est un roman qui vous fera voyager \u00e0 l\u2019autre<br \/>\nbout du monde, mais aussi dans les confins de l\u2019\u00e2me humaine.<br \/>\nUn r\u00e9cit captivant, bouleversant, \u00e0 lire absolument.<br \/>\nN\u00e9 en Beauce, Andr\u00e9 Mathieu a \u00e9t\u00e9 enseignant et<br \/>\ncommer\u00e7ant, en plus d\u2019\u00eatre \u00e9crivain, \u00e9diteur et distributeur.<br \/>\nAuteur prolifique, il compte plus de soixante publications<br \/>\ndans sa longue carri\u00e8re, dont la plus c\u00e9l\u00e8bre est<br \/>\nsans doute Aurore, l\u2019enfant martyre.<\/p>\n","protected":false},"excerpt":{"rendered":"<p>1980, Qu\u00e9bec. H\u00e9l\u00e8ne, m\u00e9lancolique apr\u00e8s la trahison de son mari, r\u00e9alise son r\u00eave de partir visiter la Russie, ce pays qui la fascine tant. En cherchant \u00e0 changer de vie, elle s\u2019expatriera dans une contr\u00e9e pourtant loin d\u2019\u00eatre lib\u00e9r\u00e9e. Une qu\u00eate d\u2019identit\u00e9 n\u2019est toutefois jamais un parcours facile. Envo\u00fbt\u00e9e par son r\u00eave russe, H\u00e9l\u00e8ne vivra [&hellip;]<\/p>\n","protected":false},"featured_media":26965,"template":"","meta":{"wds_primary_product_brand":0,"wds_primary_product_cat":0,"wds_primary_maison_dedition":0},"product_brand":[],"product_cat":[542],"product_tag":[],"maison_dedition":[541],"class_list":{"0":"post-26960","1":"product","2":"type-product","3":"status-publish","4":"has-post-thumbnail","6":"product_cat-roman","7":"pa_auteur-andre-mathieu","8":"maison_dedition-les-editions-coup-doeil","10":"first","11":"instock","12":"taxable","13":"shipping-taxable","14":"purchasable","15":"product-type-variable"},"bundled_by":[],"bundle_stock_status":"instock","bundle_stock_quantity":null,"bundle_virtual":false,"bundle_layout":"","bundle_add_to_cart_form_location":"","bundle_editable_in_cart":false,"bundle_sold_individually_context":"","bundle_item_grouping":"","bundle_min_size":"","bundle_max_size":"","bundle_price":[],"bundled_items":[],"bundle_sell_ids":[],"acf":[],"_links":{"self":[{"href":"https:\/\/goelette.ca\/en\/wp-json\/wp\/v2\/product\/26960","targetHints":{"allow":["GET"]}}],"collection":[{"href":"https:\/\/goelette.ca\/en\/wp-json\/wp\/v2\/product"}],"about":[{"href":"https:\/\/goelette.ca\/en\/wp-json\/wp\/v2\/types\/product"}],"wp:featuredmedia":[{"embeddable":true,"href":"https:\/\/goelette.ca\/en\/wp-json\/wp\/v2\/media\/26965"}],"wp:attachment":[{"href":"https:\/\/goelette.ca\/en\/wp-json\/wp\/v2\/media?parent=26960"}],"wp:term":[{"taxonomy":"product_brand","embeddable":true,"href":"https:\/\/goelette.ca\/en\/wp-json\/wp\/v2\/product_brand?post=26960"},{"taxonomy":"product_cat","embeddable":true,"href":"https:\/\/goelette.ca\/en\/wp-json\/wp\/v2\/product_cat?post=26960"},{"taxonomy":"product_tag","embeddable":true,"href":"https:\/\/goelette.ca\/en\/wp-json\/wp\/v2\/product_tag?post=26960"},{"taxonomy":"maison_dedition","embeddable":true,"href":"https:\/\/goelette.ca\/en\/wp-json\/wp\/v2\/maison_dedition?post=26960"}],"curies":[{"name":"wp","href":"https:\/\/api.w.org\/{rel}","templated":true}]}}