{"id":268477,"date":"2025-10-08T00:01:23","date_gmt":"2025-10-08T04:01:23","guid":{"rendered":"https:\/\/goelette.ca\/?post_type=product&#038;p=268477"},"modified":"2025-10-15T15:40:41","modified_gmt":"2025-10-15T19:40:41","slug":"pause-creative-points-a-relier-animaux","status":"publish","type":"product","link":"https:\/\/goelette.ca\/en\/tous-les-livres\/pause-creative-points-a-relier-animaux\/","title":{"rendered":"Pause cr\u00e9ative &#8211; Points \u00e0 relier &#8211; Animaux"},"content":{"rendered":"<p class=\"p1\">Profitez d\u2019un moment de d\u00e9tente pour d\u00e9couvrir ces 48 jolies images sous le th\u00e8me des animaux en reliant les points.<\/p>\n<p class=\"p1\">Ajoutez de la couleur selon votre inspiration.<\/p>\n<p>La collection Pause cr\u00e9ative vous offre la possibilit\u00e9 de ralentir, de vous recentrer et de renouer avec l\u2019artiste en vous.<\/p>\n<p>&nbsp;<\/p>\n","protected":false},"excerpt":{"rendered":"<p>Profitez d\u2019un moment de d\u00e9tente pour d\u00e9couvrir ces 48 jolies images sous le th\u00e8me des animaux en reliant les points. Ajoutez de la couleur selon votre inspiration. La collection Pause cr\u00e9ative vous offre la possibilit\u00e9 de ralentir, de vous recentrer et de renouer avec l\u2019artiste en vous. &nbsp;<\/p>\n","protected":false},"featured_media":268479,"template":"","meta":{"wds_primary_product_brand":0,"wds_primary_product_cat":0,"wds_primary_maison_dedition":0},"product_brand":[],"product_cat":[566,617],"product_tag":[],"maison_dedition":[630,896],"class_list":{"0":"post-268477","1":"product","2":"type-product","3":"status-publish","4":"has-post-thumbnail","6":"product_cat-livres-de-jeux","7":"product_cat-points-a-relier-jeunesse","8":"maison_dedition-les-editions-goelette","9":"maison_dedition-pause-creative","11":"first","12":"instock","13":"taxable","14":"shipping-taxable","15":"purchasable","16":"product-type-variable","17":"has-default-attributes"},"bundled_by":[],"bundle_stock_status":"instock","bundle_stock_quantity":null,"bundle_virtual":false,"bundle_layout":"","bundle_add_to_cart_form_location":"","bundle_editable_in_cart":false,"bundle_sold_individually_context":"","bundle_item_grouping":"","bundle_min_size":"","bundle_max_size":"","bundle_price":[],"bundled_items":[],"bundle_sell_ids":[],"acf":[],"_links":{"self":[{"href":"https:\/\/goelette.ca\/en\/wp-json\/wp\/v2\/product\/268477","targetHints":{"allow":["GET"]}}],"collection":[{"href":"https:\/\/goelette.ca\/en\/wp-json\/wp\/v2\/product"}],"about":[{"href":"https:\/\/goelette.ca\/en\/wp-json\/wp\/v2\/types\/product"}],"wp:featuredmedia":[{"embeddable":true,"href":"https:\/\/goelette.ca\/en\/wp-json\/wp\/v2\/media\/268479"}],"wp:attachment":[{"href":"https:\/\/goelette.ca\/en\/wp-json\/wp\/v2\/media?parent=268477"}],"wp:term":[{"taxonomy":"product_brand","embeddable":true,"href":"https:\/\/goelette.ca\/en\/wp-json\/wp\/v2\/product_brand?post=268477"},{"taxonomy":"product_cat","embeddable":true,"href":"https:\/\/goelette.ca\/en\/wp-json\/wp\/v2\/product_cat?post=268477"},{"taxonomy":"product_tag","embeddable":true,"href":"https:\/\/goelette.ca\/en\/wp-json\/wp\/v2\/product_tag?post=268477"},{"taxonomy":"maison_dedition","embeddable":true,"href":"https:\/\/goelette.ca\/en\/wp-json\/wp\/v2\/maison_dedition?post=268477"}],"curies":[{"name":"wp","href":"https:\/\/api.w.org\/{rel}","templated":true}]}}