{"id":268468,"date":"2025-10-08T00:01:15","date_gmt":"2025-10-08T04:01:15","guid":{"rendered":"https:\/\/goelette.ca\/?post_type=product&#038;p=268468"},"modified":"2025-10-16T13:43:38","modified_gmt":"2025-10-16T17:43:38","slug":"moi-jeanne-dupuis-partie-1-le-devoir-et-la-fuite","status":"publish","type":"product","link":"https:\/\/goelette.ca\/en\/tous-les-livres\/moi-jeanne-dupuis-partie-1-le-devoir-et-la-fuite\/","title":{"rendered":"Moi, Jeanne Dupuis &#8211; Partie 1. Le devoir et la fuite"},"content":{"rendered":"<p class=\"p1\">Comt\u00e9 de Portneuf, fin de la Seconde Guerre mondiale. Comment Jeanne, fille a\u00een\u00e9e d\u2019une grande fratrie, pourra-t-elle s\u2019\u00e9manciper, trop occup\u00e9e \u00e0 aider sa m\u00e8re fatigu\u00e9e par les accouchements et oblig\u00e9e d\u2019endurer les affres d\u2019un p\u00e8re alcoolique ?<\/p>\n<p class=\"p1\">N\u00e9e dans un milieu d\u00e9favoris\u00e9, analphab\u00e8te, elle fera une rencontre d\u00e9terminante qui chamboulera tout, et ses choix entra\u00eeneront des cons\u00e9quences sur le reste de son existence. Elle montera jusqu\u2019aux froideurs de l\u2019Abitibi rejoindre ce beau gar\u00e7on venu donner un coup de main \u00e0 une tante endeuill\u00e9e, son prince du Nord. Amoureuse, elle devra s\u2019accoutumer aux rudesses du climat, loin des siens. Sa force de caract\u00e8re et son bagou l\u2019aideront toutefois \u00e0 traverser les tumultes et \u00e0 se tisser une vie, la sienne.<\/p>\n<p class=\"p1\">Suivez le destin &#8211; inspir\u00e9 d\u2019une histoire vraie &#8211; de cette femme \u00e0 la recherche de son identit\u00e9 propre et en qu\u00eate d\u2019un bonheur l\u00e9gitime. Des moulins \u00e0 aubes de la rivi\u00e8re Portneuf \u00e0 l\u2019effervescence mini\u00e8re de l\u2019Abitibi, vivez, dans ce premier chapitre d\u2019une oeuvre en trois parties, le parcours singulier d\u2019une h\u00e9ro\u00efne de l\u2019ombre, d\u2019une de ces b\u00e2tisseuses de pays trop longtemps sous-estim\u00e9es.<\/p>\n<p>&nbsp;<\/p>\n<p class=\"p1\"><strong>Normand Boucher vient du milieu des arts visuels. Il a pratiqu\u00e9 son m\u00e9tier pour le th\u00e9\u00e2tre, la t\u00e9l\u00e9vision et les festivals. Il poursuit une carri\u00e8re de peintre depuis plus de vingt ans et compte \u00e0 son actif plus d\u2019une trentaine d\u2019expositions solos et collectives. Moi, Jeanne Dupuis est son premier roman.<\/strong><\/p>\n","protected":false},"excerpt":{"rendered":"<p>Comt\u00e9 de Portneuf, fin de la Seconde Guerre mondiale. Comment Jeanne, fille a\u00een\u00e9e d\u2019une grande fratrie, pourra-t-elle s\u2019\u00e9manciper, trop occup\u00e9e \u00e0 aider sa m\u00e8re fatigu\u00e9e par les accouchements et oblig\u00e9e d\u2019endurer les affres d\u2019un p\u00e8re alcoolique ? N\u00e9e dans un milieu d\u00e9favoris\u00e9, analphab\u00e8te, elle fera une rencontre d\u00e9terminante qui chamboulera tout, et ses choix entra\u00eeneront [&hellip;]<\/p>\n","protected":false},"featured_media":268472,"template":"","meta":{"wds_primary_product_brand":0,"wds_primary_product_cat":0,"wds_primary_maison_dedition":0},"product_brand":[],"product_cat":[543,868,542],"product_tag":[],"maison_dedition":[630],"class_list":{"0":"post-268468","1":"product","2":"type-product","3":"status-publish","4":"has-post-thumbnail","6":"product_cat-historique","7":"product_cat-recit","8":"product_cat-roman","9":"pa_auteur-normand-boucher-2","10":"maison_dedition-les-editions-goelette","12":"first","13":"instock","14":"taxable","15":"shipping-taxable","16":"purchasable","17":"product-type-variable","18":"has-default-attributes"},"bundled_by":[],"bundle_stock_status":"instock","bundle_stock_quantity":null,"bundle_virtual":false,"bundle_layout":"","bundle_add_to_cart_form_location":"","bundle_editable_in_cart":false,"bundle_sold_individually_context":"","bundle_item_grouping":"","bundle_min_size":"","bundle_max_size":"","bundle_price":[],"bundled_items":[],"bundle_sell_ids":[],"acf":[],"_links":{"self":[{"href":"https:\/\/goelette.ca\/en\/wp-json\/wp\/v2\/product\/268468","targetHints":{"allow":["GET"]}}],"collection":[{"href":"https:\/\/goelette.ca\/en\/wp-json\/wp\/v2\/product"}],"about":[{"href":"https:\/\/goelette.ca\/en\/wp-json\/wp\/v2\/types\/product"}],"wp:featuredmedia":[{"embeddable":true,"href":"https:\/\/goelette.ca\/en\/wp-json\/wp\/v2\/media\/268472"}],"wp:attachment":[{"href":"https:\/\/goelette.ca\/en\/wp-json\/wp\/v2\/media?parent=268468"}],"wp:term":[{"taxonomy":"product_brand","embeddable":true,"href":"https:\/\/goelette.ca\/en\/wp-json\/wp\/v2\/product_brand?post=268468"},{"taxonomy":"product_cat","embeddable":true,"href":"https:\/\/goelette.ca\/en\/wp-json\/wp\/v2\/product_cat?post=268468"},{"taxonomy":"product_tag","embeddable":true,"href":"https:\/\/goelette.ca\/en\/wp-json\/wp\/v2\/product_tag?post=268468"},{"taxonomy":"maison_dedition","embeddable":true,"href":"https:\/\/goelette.ca\/en\/wp-json\/wp\/v2\/maison_dedition?post=268468"}],"curies":[{"name":"wp","href":"https:\/\/api.w.org\/{rel}","templated":true}]}}