{"id":268034,"date":"2025-10-01T08:42:33","date_gmt":"2025-10-01T12:42:33","guid":{"rendered":"https:\/\/goelette.ca\/?post_type=product&#038;p=268034"},"modified":"2025-10-01T08:50:51","modified_gmt":"2025-10-01T12:50:51","slug":"coloriages-et-mots-caches","status":"publish","type":"product","link":"https:\/\/goelette.ca\/en\/tous-les-livres\/coloriages-et-mots-caches\/","title":{"rendered":"Coloriages et mots cach\u00e9s"},"content":{"rendered":"<p class=\"p1\">Laissez libre cours \u00e0 votre cr\u00e9ativit\u00e9 avec ces superbes coloriages et mettez votre sens de l\u2019observation au d\u00e9fi gr\u00e2ce \u00e0 ces mots cach\u00e9s stimulants.<\/p>\n<p class=\"p1\">La collection <strong>Coloriages et mots cach\u00e9<\/strong>s vous offre deux activit\u00e9s regroup\u00e9es en un seul livre, de quoi doubler votre plaisir et vos moments de d\u00e9tente !<\/p>\n","protected":false},"excerpt":{"rendered":"<p>Laissez libre cours \u00e0 votre cr\u00e9ativit\u00e9 avec ces superbes coloriages et mettez votre sens de l\u2019observation au d\u00e9fi gr\u00e2ce \u00e0 ces mots cach\u00e9s stimulants. La collection Coloriages et mots cach\u00e9s vous offre deux activit\u00e9s regroup\u00e9es en un seul livre, de quoi doubler votre plaisir et vos moments de d\u00e9tente !<\/p>\n","protected":false},"featured_media":268036,"template":"","meta":{"wds_primary_product_brand":0,"wds_primary_product_cat":0,"wds_primary_maison_dedition":0},"product_brand":[],"product_cat":[567,571,566,608],"product_tag":[],"maison_dedition":[630],"class_list":{"0":"post-268034","1":"product","2":"type-product","3":"status-publish","4":"has-post-thumbnail","6":"product_cat-adulte","7":"product_cat-coloriage","8":"product_cat-livres-de-jeux","9":"product_cat-mots-caches","10":"maison_dedition-les-editions-goelette","12":"first","13":"instock","14":"taxable","15":"shipping-taxable","16":"purchasable","17":"product-type-variable","18":"has-default-attributes"},"bundled_by":[],"bundle_stock_status":"instock","bundle_stock_quantity":null,"bundle_virtual":false,"bundle_layout":"","bundle_add_to_cart_form_location":"","bundle_editable_in_cart":false,"bundle_sold_individually_context":"","bundle_item_grouping":"","bundle_min_size":"","bundle_max_size":"","bundle_price":[],"bundled_items":[],"bundle_sell_ids":[],"acf":[],"_links":{"self":[{"href":"https:\/\/goelette.ca\/en\/wp-json\/wp\/v2\/product\/268034","targetHints":{"allow":["GET"]}}],"collection":[{"href":"https:\/\/goelette.ca\/en\/wp-json\/wp\/v2\/product"}],"about":[{"href":"https:\/\/goelette.ca\/en\/wp-json\/wp\/v2\/types\/product"}],"wp:featuredmedia":[{"embeddable":true,"href":"https:\/\/goelette.ca\/en\/wp-json\/wp\/v2\/media\/268036"}],"wp:attachment":[{"href":"https:\/\/goelette.ca\/en\/wp-json\/wp\/v2\/media?parent=268034"}],"wp:term":[{"taxonomy":"product_brand","embeddable":true,"href":"https:\/\/goelette.ca\/en\/wp-json\/wp\/v2\/product_brand?post=268034"},{"taxonomy":"product_cat","embeddable":true,"href":"https:\/\/goelette.ca\/en\/wp-json\/wp\/v2\/product_cat?post=268034"},{"taxonomy":"product_tag","embeddable":true,"href":"https:\/\/goelette.ca\/en\/wp-json\/wp\/v2\/product_tag?post=268034"},{"taxonomy":"maison_dedition","embeddable":true,"href":"https:\/\/goelette.ca\/en\/wp-json\/wp\/v2\/maison_dedition?post=268034"}],"curies":[{"name":"wp","href":"https:\/\/api.w.org\/{rel}","templated":true}]}}