{"id":268026,"date":"2025-10-01T08:30:51","date_gmt":"2025-10-01T12:30:51","guid":{"rendered":"https:\/\/goelette.ca\/?post_type=product&#038;p=268026"},"modified":"2025-10-01T08:39:27","modified_gmt":"2025-10-01T12:39:27","slug":"devine-qui-cest","status":"publish","type":"product","link":"https:\/\/goelette.ca\/en\/tous-les-livres\/devine-qui-cest\/","title":{"rendered":"Devine qui c&#8217;est !"},"content":{"rendered":"<p class=\"p2\">Avec les indices que tu liras tout au long de l\u2019histoire, essaie de trouver qui est le personnage myst\u00e8re.<\/p>\n<p class=\"p3\">Un myst\u00e8re de No\u00ebl !<\/p>\n","protected":false},"excerpt":{"rendered":"<p>Avec les indices que tu liras tout au long de l\u2019histoire, essaie de trouver qui est le personnage myst\u00e8re. Un myst\u00e8re de No\u00ebl !<\/p>\n","protected":false},"featured_media":268028,"template":"","meta":{"wds_primary_product_brand":0,"wds_primary_product_cat":0,"wds_primary_maison_dedition":0},"product_brand":[],"product_cat":[540,560,578,538,667,545],"product_tag":[],"maison_dedition":[630],"class_list":{"0":"post-268026","1":"product","2":"type-product","3":"status-publish","4":"has-post-thumbnail","6":"product_cat-0-2-ans","7":"product_cat-3-5-ans","8":"product_cat-albums-illustres","9":"product_cat-jeunesse","10":"product_cat-livres-tout-carton","11":"product_cat-noel","12":"pa_auteur-melanie-grenier","13":"pa_illustrateur-melanie-grenier","14":"maison_dedition-les-editions-goelette","16":"first","17":"instock","18":"taxable","19":"shipping-taxable","20":"purchasable","21":"product-type-variable","22":"has-default-attributes"},"bundled_by":[],"bundle_stock_status":"instock","bundle_stock_quantity":null,"bundle_virtual":false,"bundle_layout":"","bundle_add_to_cart_form_location":"","bundle_editable_in_cart":false,"bundle_sold_individually_context":"","bundle_item_grouping":"","bundle_min_size":"","bundle_max_size":"","bundle_price":[],"bundled_items":[],"bundle_sell_ids":[],"acf":[],"_links":{"self":[{"href":"https:\/\/goelette.ca\/en\/wp-json\/wp\/v2\/product\/268026","targetHints":{"allow":["GET"]}}],"collection":[{"href":"https:\/\/goelette.ca\/en\/wp-json\/wp\/v2\/product"}],"about":[{"href":"https:\/\/goelette.ca\/en\/wp-json\/wp\/v2\/types\/product"}],"wp:featuredmedia":[{"embeddable":true,"href":"https:\/\/goelette.ca\/en\/wp-json\/wp\/v2\/media\/268028"}],"wp:attachment":[{"href":"https:\/\/goelette.ca\/en\/wp-json\/wp\/v2\/media?parent=268026"}],"wp:term":[{"taxonomy":"product_brand","embeddable":true,"href":"https:\/\/goelette.ca\/en\/wp-json\/wp\/v2\/product_brand?post=268026"},{"taxonomy":"product_cat","embeddable":true,"href":"https:\/\/goelette.ca\/en\/wp-json\/wp\/v2\/product_cat?post=268026"},{"taxonomy":"product_tag","embeddable":true,"href":"https:\/\/goelette.ca\/en\/wp-json\/wp\/v2\/product_tag?post=268026"},{"taxonomy":"maison_dedition","embeddable":true,"href":"https:\/\/goelette.ca\/en\/wp-json\/wp\/v2\/maison_dedition?post=268026"}],"curies":[{"name":"wp","href":"https:\/\/api.w.org\/{rel}","templated":true}]}}