{"id":268020,"date":"2025-10-01T08:20:55","date_gmt":"2025-10-01T12:20:55","guid":{"rendered":"https:\/\/goelette.ca\/?post_type=product&#038;p=268020"},"modified":"2025-10-01T08:27:21","modified_gmt":"2025-10-01T12:27:21","slug":"les-amis-du-pere-noel-souleve-les-volets","status":"publish","type":"product","link":"https:\/\/goelette.ca\/en\/tous-les-livres\/les-amis-du-pere-noel-souleve-les-volets\/","title":{"rendered":"Les amis du p\u00e8re No\u00ebl &#8211; Soul\u00e8ve les volets"},"content":{"rendered":"<p class=\"p2\">Tourne les pages et fais la rencontre des meilleurs amis du p\u00e8re No\u00ebl : les lutins, les rennes, la m\u00e8re No\u00ebl et les animaux du Grand Nord. Soul\u00e8ve les volets pour conna\u00eetre leurs secrets et leur r\u00f4le dans la c\u00e9l\u00e9bration de No\u00ebl !<\/p>\n<p>30 volets \u00e0 soulever !<\/p>\n","protected":false},"excerpt":{"rendered":"<p>Tourne les pages et fais la rencontre des meilleurs amis du p\u00e8re No\u00ebl : les lutins, les rennes, la m\u00e8re No\u00ebl et les animaux du Grand Nord. Soul\u00e8ve les volets pour conna\u00eetre leurs secrets et leur r\u00f4le dans la c\u00e9l\u00e9bration de No\u00ebl ! 30 volets \u00e0 soulever !<\/p>\n","protected":false},"featured_media":268022,"template":"","meta":{"wds_primary_product_brand":0,"wds_primary_product_cat":0,"wds_primary_maison_dedition":0},"product_brand":[],"product_cat":[540,560,538,667,545,579],"product_tag":[],"maison_dedition":[630],"class_list":{"0":"post-268020","1":"product","2":"type-product","3":"status-publish","4":"has-post-thumbnail","6":"product_cat-0-2-ans","7":"product_cat-3-5-ans","8":"product_cat-jeunesse","9":"product_cat-livres-tout-carton","10":"product_cat-noel","11":"product_cat-souleve-les-volets","12":"pa_auteur-maude-iris-hamelin-ouellette","13":"maison_dedition-les-editions-goelette","15":"first","16":"instock","17":"taxable","18":"shipping-taxable","19":"purchasable","20":"product-type-variable","21":"has-default-attributes"},"bundled_by":[],"bundle_stock_status":"instock","bundle_stock_quantity":null,"bundle_virtual":false,"bundle_layout":"","bundle_add_to_cart_form_location":"","bundle_editable_in_cart":false,"bundle_sold_individually_context":"","bundle_item_grouping":"","bundle_min_size":"","bundle_max_size":"","bundle_price":[],"bundled_items":[],"bundle_sell_ids":[],"acf":[],"_links":{"self":[{"href":"https:\/\/goelette.ca\/en\/wp-json\/wp\/v2\/product\/268020","targetHints":{"allow":["GET"]}}],"collection":[{"href":"https:\/\/goelette.ca\/en\/wp-json\/wp\/v2\/product"}],"about":[{"href":"https:\/\/goelette.ca\/en\/wp-json\/wp\/v2\/types\/product"}],"wp:featuredmedia":[{"embeddable":true,"href":"https:\/\/goelette.ca\/en\/wp-json\/wp\/v2\/media\/268022"}],"wp:attachment":[{"href":"https:\/\/goelette.ca\/en\/wp-json\/wp\/v2\/media?parent=268020"}],"wp:term":[{"taxonomy":"product_brand","embeddable":true,"href":"https:\/\/goelette.ca\/en\/wp-json\/wp\/v2\/product_brand?post=268020"},{"taxonomy":"product_cat","embeddable":true,"href":"https:\/\/goelette.ca\/en\/wp-json\/wp\/v2\/product_cat?post=268020"},{"taxonomy":"product_tag","embeddable":true,"href":"https:\/\/goelette.ca\/en\/wp-json\/wp\/v2\/product_tag?post=268020"},{"taxonomy":"maison_dedition","embeddable":true,"href":"https:\/\/goelette.ca\/en\/wp-json\/wp\/v2\/maison_dedition?post=268020"}],"curies":[{"name":"wp","href":"https:\/\/api.w.org\/{rel}","templated":true}]}}