{"id":268012,"date":"2025-10-01T08:11:03","date_gmt":"2025-10-01T12:11:03","guid":{"rendered":"https:\/\/goelette.ca\/?post_type=product&#038;p=268012"},"modified":"2025-10-01T08:19:40","modified_gmt":"2025-10-01T12:19:40","slug":"au-secours-de-noel-livre-a-toucher","status":"publish","type":"product","link":"https:\/\/goelette.ca\/en\/tous-les-livres\/au-secours-de-noel-livre-a-toucher\/","title":{"rendered":"Au secours de No\u00ebl &#8211; Livre \u00e0 toucher"},"content":{"rendered":"<p class=\"p2\">C\u2019est la veille de No\u00ebl, mais le p\u00e8re No\u00ebl a un gros rhume ! G\u00e9antino, le plus grand de tous les lutins, doit le remplacer. Saura-t-il accomplir toutes les t\u00e2ches du p\u00e8re No\u00ebl ?<\/p>\n<p>5 textures \u00e0 toucher et \u00e0 d\u00e9couvrir !<\/p>\n","protected":false},"excerpt":{"rendered":"<p>C\u2019est la veille de No\u00ebl, mais le p\u00e8re No\u00ebl a un gros rhume ! G\u00e9antino, le plus grand de tous les lutins, doit le remplacer. Saura-t-il accomplir toutes les t\u00e2ches du p\u00e8re No\u00ebl ? 5 textures \u00e0 toucher et \u00e0 d\u00e9couvrir !<\/p>\n","protected":false},"featured_media":268016,"template":"","meta":{"wds_primary_product_brand":0,"wds_primary_product_cat":0,"wds_primary_maison_dedition":0},"product_brand":[],"product_cat":[540,560,538,544,667,545],"product_tag":[],"maison_dedition":[630],"class_list":{"0":"post-268012","1":"product","2":"type-product","3":"status-publish","4":"has-post-thumbnail","6":"product_cat-0-2-ans","7":"product_cat-3-5-ans","8":"product_cat-jeunesse","9":"product_cat-livres-a-toucher","10":"product_cat-livres-tout-carton","11":"product_cat-noel","12":"pa_auteur-genevieve-beauchemin","13":"maison_dedition-les-editions-goelette","15":"first","16":"instock","17":"taxable","18":"shipping-taxable","19":"purchasable","20":"product-type-variable","21":"has-default-attributes"},"bundled_by":[],"bundle_stock_status":"instock","bundle_stock_quantity":null,"bundle_virtual":false,"bundle_layout":"","bundle_add_to_cart_form_location":"","bundle_editable_in_cart":false,"bundle_sold_individually_context":"","bundle_item_grouping":"","bundle_min_size":"","bundle_max_size":"","bundle_price":[],"bundled_items":[],"bundle_sell_ids":[],"acf":[],"_links":{"self":[{"href":"https:\/\/goelette.ca\/en\/wp-json\/wp\/v2\/product\/268012","targetHints":{"allow":["GET"]}}],"collection":[{"href":"https:\/\/goelette.ca\/en\/wp-json\/wp\/v2\/product"}],"about":[{"href":"https:\/\/goelette.ca\/en\/wp-json\/wp\/v2\/types\/product"}],"wp:featuredmedia":[{"embeddable":true,"href":"https:\/\/goelette.ca\/en\/wp-json\/wp\/v2\/media\/268016"}],"wp:attachment":[{"href":"https:\/\/goelette.ca\/en\/wp-json\/wp\/v2\/media?parent=268012"}],"wp:term":[{"taxonomy":"product_brand","embeddable":true,"href":"https:\/\/goelette.ca\/en\/wp-json\/wp\/v2\/product_brand?post=268012"},{"taxonomy":"product_cat","embeddable":true,"href":"https:\/\/goelette.ca\/en\/wp-json\/wp\/v2\/product_cat?post=268012"},{"taxonomy":"product_tag","embeddable":true,"href":"https:\/\/goelette.ca\/en\/wp-json\/wp\/v2\/product_tag?post=268012"},{"taxonomy":"maison_dedition","embeddable":true,"href":"https:\/\/goelette.ca\/en\/wp-json\/wp\/v2\/maison_dedition?post=268012"}],"curies":[{"name":"wp","href":"https:\/\/api.w.org\/{rel}","templated":true}]}}