{"id":267418,"date":"2025-09-24T09:09:05","date_gmt":"2025-09-24T13:09:05","guid":{"rendered":"https:\/\/goelette.ca\/?post_type=product&#038;p=267418"},"modified":"2025-10-01T08:05:17","modified_gmt":"2025-10-01T12:05:17","slug":"lavez-vous-vue","status":"publish","type":"product","link":"https:\/\/goelette.ca\/en\/tous-les-livres\/lavez-vous-vue\/","title":{"rendered":"L&#8217;avez-vous vue ?"},"content":{"rendered":"<p>Quittant la vie tr\u00e9pidante et secr\u00e8te qu\u2019elle menait \u00e0 New York, Cassie Peters se r\u00e9fugie dans sa ville natale de Mammoth Lakes, en Californie, o\u00f9 elle r\u00e9int\u00e8gre l\u2019\u00e9quipe de recherche et sauvetage dont elle a fait partie dix ans plus t\u00f4t. Au coeur du parc national de Yosemite, impossible d\u2019y \u00e9chapper : l\u2019affaire sur laquelle elle a travaill\u00e9 \u00e0 l\u2019\u00e9poque revient la hanter. Malgr\u00e9 tout, elle retrouve vite ses rep\u00e8res et se m\u00eale au groupe d\u2019aventuriers qui seront ses coll\u00e8gues pour l\u2019\u00e9t\u00e9. \u00c0 Yosemite, elle fait \u00e9galement la rencontre de Petal, une jeune femme qui vit dans une caravane et qui tient un journal d\u00e9taill\u00e9 des activit\u00e9s du parc, ainsi que de Jada, fra\u00eechement dipl\u00f4m\u00e9e, qui traverse le pays avec son copain en documentant leur voyage sur Instagram. Lorsque les chemins de ces trois femmes se croisent, le pass\u00e9 de Cassie la rattrape, et elle r\u00e9alise que les cons\u00e9quences sont bien plus atroces qu\u2019elle n\u2019aurait pu l\u2019imaginer.<\/p>\n<p>&nbsp;<\/p>\n<p><strong>Catherine McKenzie est n\u00e9e et a grandi \u00e0 Montr\u00e9al. Dipl\u00f4m\u00e9e de l\u2019Universit\u00e9 McGill en histoire et en droit, elle a exerc\u00e9 le droit pendant vingt ans avant de quitter le domaine pour se consacrer \u00e0 plein temps \u00e0 l\u2019\u00e9criture. Elle est l\u2019autrice de nombreux livres \u00e0 succ\u00e8s, dont <em>Ivresse<\/em>, <em>Insaisissable<\/em> et <em>Oubli\u00e9e<\/em>. Ses romans ont \u00e9t\u00e9 traduits dans <span class=\"s1\">plusieurs langues.<\/span><\/strong><\/p>\n","protected":false},"excerpt":{"rendered":"<p>Quittant la vie tr\u00e9pidante et secr\u00e8te qu\u2019elle menait \u00e0 New York, Cassie Peters se r\u00e9fugie dans sa ville natale de Mammoth Lakes, en Californie, o\u00f9 elle r\u00e9int\u00e8gre l\u2019\u00e9quipe de recherche et sauvetage dont elle a fait partie dix ans plus t\u00f4t. Au coeur du parc national de Yosemite, impossible d\u2019y \u00e9chapper : l\u2019affaire sur laquelle [&hellip;]<\/p>\n","protected":false},"featured_media":267420,"template":"","meta":{"wds_primary_product_brand":0,"wds_primary_product_cat":0,"wds_primary_maison_dedition":0},"product_brand":[],"product_cat":[546,542],"product_tag":[],"maison_dedition":[630],"class_list":{"0":"post-267418","1":"product","2":"type-product","3":"status-publish","4":"has-post-thumbnail","6":"product_cat-policier-thriller","7":"product_cat-roman","8":"pa_auteur-catherine-mckenzie","9":"maison_dedition-les-editions-goelette","11":"first","12":"instock","13":"taxable","14":"shipping-taxable","15":"purchasable","16":"product-type-variable","17":"has-default-attributes"},"bundled_by":[],"bundle_stock_status":"instock","bundle_stock_quantity":null,"bundle_virtual":false,"bundle_layout":"","bundle_add_to_cart_form_location":"","bundle_editable_in_cart":false,"bundle_sold_individually_context":"","bundle_item_grouping":"","bundle_min_size":"","bundle_max_size":"","bundle_price":[],"bundled_items":[],"bundle_sell_ids":[],"acf":[],"_links":{"self":[{"href":"https:\/\/goelette.ca\/en\/wp-json\/wp\/v2\/product\/267418","targetHints":{"allow":["GET"]}}],"collection":[{"href":"https:\/\/goelette.ca\/en\/wp-json\/wp\/v2\/product"}],"about":[{"href":"https:\/\/goelette.ca\/en\/wp-json\/wp\/v2\/types\/product"}],"wp:featuredmedia":[{"embeddable":true,"href":"https:\/\/goelette.ca\/en\/wp-json\/wp\/v2\/media\/267420"}],"wp:attachment":[{"href":"https:\/\/goelette.ca\/en\/wp-json\/wp\/v2\/media?parent=267418"}],"wp:term":[{"taxonomy":"product_brand","embeddable":true,"href":"https:\/\/goelette.ca\/en\/wp-json\/wp\/v2\/product_brand?post=267418"},{"taxonomy":"product_cat","embeddable":true,"href":"https:\/\/goelette.ca\/en\/wp-json\/wp\/v2\/product_cat?post=267418"},{"taxonomy":"product_tag","embeddable":true,"href":"https:\/\/goelette.ca\/en\/wp-json\/wp\/v2\/product_tag?post=267418"},{"taxonomy":"maison_dedition","embeddable":true,"href":"https:\/\/goelette.ca\/en\/wp-json\/wp\/v2\/maison_dedition?post=267418"}],"curies":[{"name":"wp","href":"https:\/\/api.w.org\/{rel}","templated":true}]}}