{"id":267396,"date":"2025-09-24T00:01:44","date_gmt":"2025-09-24T04:01:44","guid":{"rendered":"https:\/\/goelette.ca\/?post_type=product&#038;p=267396"},"modified":"2025-09-23T13:40:17","modified_gmt":"2025-09-23T17:40:17","slug":"coloriages-et-autocollants-vol-2","status":"publish","type":"product","link":"https:\/\/goelette.ca\/en\/tous-les-livres\/coloriages-et-autocollants-vol-2\/","title":{"rendered":"Coloriages et autocollants vol. 2"},"content":{"rendered":"<p>Faites aller votre imagination et profitez d\u2019un moment de d\u00e9tente tout en cr\u00e9ant de magnifiques chefs-d\u2019oeuvre !<\/p>\n<p>46 activit\u00e9s de coloriages et d\u2019autocollants pour s\u2019amuser en beaut\u00e9 !<\/p>\n<ul>\n<li>10 mosa\u00efques \u00e0 colorier<\/li>\n<li>14 coloriages classiques<\/li>\n<li>14 points \u00e0 relier<\/li>\n<li>8 autocollants par num\u00e9ros<\/li>\n<\/ul>\n","protected":false},"excerpt":{"rendered":"<p>Faites aller votre imagination et profitez d\u2019un moment de d\u00e9tente tout en cr\u00e9ant de magnifiques chefs-d\u2019oeuvre ! 46 activit\u00e9s de coloriages et d\u2019autocollants pour s\u2019amuser en beaut\u00e9 ! 10 mosa\u00efques \u00e0 colorier 14 coloriages classiques 14 points \u00e0 relier 8 autocollants par num\u00e9ros<\/p>\n","protected":false},"featured_media":267398,"template":"","meta":{"wds_primary_product_brand":0,"wds_primary_product_cat":0,"wds_primary_maison_dedition":0},"product_brand":[],"product_cat":[865,652,557],"product_tag":[],"maison_dedition":[630],"class_list":{"0":"post-267396","1":"product","2":"type-product","3":"status-publish","4":"has-post-thumbnail","6":"product_cat-autocollants-pratique","7":"product_cat-coloriage-pratique","8":"product_cat-pratique","9":"maison_dedition-les-editions-goelette","11":"first","12":"instock","13":"taxable","14":"shipping-taxable","15":"purchasable","16":"product-type-variable","17":"has-default-attributes"},"bundled_by":[],"bundle_stock_status":"instock","bundle_stock_quantity":null,"bundle_virtual":false,"bundle_layout":"","bundle_add_to_cart_form_location":"","bundle_editable_in_cart":false,"bundle_sold_individually_context":"","bundle_item_grouping":"","bundle_min_size":"","bundle_max_size":"","bundle_price":[],"bundled_items":[],"bundle_sell_ids":[],"acf":[],"_links":{"self":[{"href":"https:\/\/goelette.ca\/en\/wp-json\/wp\/v2\/product\/267396","targetHints":{"allow":["GET"]}}],"collection":[{"href":"https:\/\/goelette.ca\/en\/wp-json\/wp\/v2\/product"}],"about":[{"href":"https:\/\/goelette.ca\/en\/wp-json\/wp\/v2\/types\/product"}],"wp:featuredmedia":[{"embeddable":true,"href":"https:\/\/goelette.ca\/en\/wp-json\/wp\/v2\/media\/267398"}],"wp:attachment":[{"href":"https:\/\/goelette.ca\/en\/wp-json\/wp\/v2\/media?parent=267396"}],"wp:term":[{"taxonomy":"product_brand","embeddable":true,"href":"https:\/\/goelette.ca\/en\/wp-json\/wp\/v2\/product_brand?post=267396"},{"taxonomy":"product_cat","embeddable":true,"href":"https:\/\/goelette.ca\/en\/wp-json\/wp\/v2\/product_cat?post=267396"},{"taxonomy":"product_tag","embeddable":true,"href":"https:\/\/goelette.ca\/en\/wp-json\/wp\/v2\/product_tag?post=267396"},{"taxonomy":"maison_dedition","embeddable":true,"href":"https:\/\/goelette.ca\/en\/wp-json\/wp\/v2\/maison_dedition?post=267396"}],"curies":[{"name":"wp","href":"https:\/\/api.w.org\/{rel}","templated":true}]}}