{"id":267042,"date":"2025-09-19T07:41:29","date_gmt":"2025-09-19T11:41:29","guid":{"rendered":"https:\/\/goelette.ca\/?post_type=product&#038;p=267042"},"modified":"2025-09-19T07:45:21","modified_gmt":"2025-09-19T11:45:21","slug":"rouleau-a-colorier-ferme","status":"publish","type":"product","link":"https:\/\/goelette.ca\/en\/tous-les-livres\/rouleau-a-colorier-ferme\/","title":{"rendered":"Rouleau \u00e0 colorier &#8211; Ferme"},"content":{"rendered":"<p style=\"text-align: justify;\">Avec tes couleurs pr\u00e9f\u00e9r\u00e9es, colorie le monde fabuleux de la ferme ! D\u00e9roule la longue feuille et d\u00e9couvre plein de personnages rigolos !<\/p>\n","protected":false},"excerpt":{"rendered":"<p>Avec tes couleurs pr\u00e9f\u00e9r\u00e9es, colorie le monde fabuleux de la ferme ! D\u00e9roule la longue feuille et d\u00e9couvre plein de personnages rigolos !<\/p>\n","protected":false},"featured_media":267044,"template":"","meta":{"wds_primary_product_brand":0,"wds_primary_product_cat":0,"wds_primary_maison_dedition":0},"product_brand":[],"product_cat":[590,538,557],"product_tag":[],"maison_dedition":[541],"class_list":{"0":"post-267042","1":"product","2":"type-product","3":"status-publish","4":"has-post-thumbnail","6":"product_cat-coloriage-jeunesse","7":"product_cat-jeunesse","8":"product_cat-pratique","9":"maison_dedition-les-editions-coup-doeil","11":"first","12":"instock","13":"taxable","14":"shipping-taxable","15":"purchasable","16":"product-type-variable","17":"has-default-attributes"},"bundled_by":[],"bundle_stock_status":"instock","bundle_stock_quantity":null,"bundle_virtual":false,"bundle_layout":"","bundle_add_to_cart_form_location":"","bundle_editable_in_cart":false,"bundle_sold_individually_context":"","bundle_item_grouping":"","bundle_min_size":"","bundle_max_size":"","bundle_price":[],"bundled_items":[],"bundle_sell_ids":[],"acf":[],"_links":{"self":[{"href":"https:\/\/goelette.ca\/en\/wp-json\/wp\/v2\/product\/267042","targetHints":{"allow":["GET"]}}],"collection":[{"href":"https:\/\/goelette.ca\/en\/wp-json\/wp\/v2\/product"}],"about":[{"href":"https:\/\/goelette.ca\/en\/wp-json\/wp\/v2\/types\/product"}],"wp:featuredmedia":[{"embeddable":true,"href":"https:\/\/goelette.ca\/en\/wp-json\/wp\/v2\/media\/267044"}],"wp:attachment":[{"href":"https:\/\/goelette.ca\/en\/wp-json\/wp\/v2\/media?parent=267042"}],"wp:term":[{"taxonomy":"product_brand","embeddable":true,"href":"https:\/\/goelette.ca\/en\/wp-json\/wp\/v2\/product_brand?post=267042"},{"taxonomy":"product_cat","embeddable":true,"href":"https:\/\/goelette.ca\/en\/wp-json\/wp\/v2\/product_cat?post=267042"},{"taxonomy":"product_tag","embeddable":true,"href":"https:\/\/goelette.ca\/en\/wp-json\/wp\/v2\/product_tag?post=267042"},{"taxonomy":"maison_dedition","embeddable":true,"href":"https:\/\/goelette.ca\/en\/wp-json\/wp\/v2\/maison_dedition?post=267042"}],"curies":[{"name":"wp","href":"https:\/\/api.w.org\/{rel}","templated":true}]}}